{"id":676604,"date":"2025-11-17T17:25:14","date_gmt":"2025-11-17T14:25:14","guid":{"rendered":"https:\/\/nbg.eu\/product\/terminis-matymas-nocpix-rico-2-s75r\/"},"modified":"2026-04-14T16:07:12","modified_gmt":"2026-04-14T13:07:12","slug":"terminis-matymas-nocpix-rico-2-s75r","status":"publish","type":"product","link":"https:\/\/nbg.eu\/lt\/produktas\/terminis-matymas-nocpix-rico-2-s75r\/","title":{"rendered":"Nocpix Terminis Taikiklis Rico 2 S75R"},"content":{"rendered":"<h2>Nocpix Rico 2 S75R: Ilg\u0173 atstum\u0173 \u0161audymo tobulumas<\/h2>\n<p>Nocpix RICO 2 S75R serijos termovizorin\u0117s \u017ei\u016bron\u0117s yra skirtos med\u017eiotojams, kurie reikalauja geriausio ai\u0161kumo, nuotolio ir komforto. Sukurta su lyderiu pramon\u0117je teplomatuoju jutikliu ir auk\u0161ta kadro sparta, ji teikia auk\u0161\u010diausios kokyb\u0117s vaizdo kokyb\u0119, kuri palengvina taikini\u0173 identifikavim\u0105 ir sekim\u0105. Jos didelis \u017eidinio nuotolis ir \u012fmontuotas nuotolinis lidaras u\u017etikrina, kad galite tiksliai i\u0161matuoti tolimus taikinius, o pa\u017eangi optin\u0117 konstrukcija suteikia \u012ftraukian\u010di\u0105 per\u017ei\u016bros patirt\u012f be i\u0161kraipym\u0173. Turinti nenutr\u016bkstamo didinimo svirtel\u0119 ir puik\u0173 aki\u0173 atsparumo, Nocpix RICO 2 S75R serija leid\u017eia med\u017eiotojams lengvai reguliuoti padid\u0117jim\u0105 ir jaustis patogiai i\u0161pl\u0117stini\u0173 med\u017eiokli\u0173 metu. Su savo inovatyviomis technologijomis ir naudotojui skirta konstrukcija Nocpix RICO 2 S75R serija leid\u017eia jums med\u017eioti u\u017e to, kas \u012fmanoma, rib\u0173.<\/p>\n<h2>Pa\u017eangus na\u0161umas<\/h2>\n<p>Pasinaudokite antros kartos 12\u03bcm@60Hz jutikliu su NETD \u226415mK, siekiant a\u0161tri\u0173, didelio kontrastingumo vaizd\u0173 ir geresnio taikini\u0173 identifikavimo. Nocpix RICO 2 S75R yra apr\u016bpintas didesn\u0117mis objektyvo l\u0119\u0161iais (75 mm\/F1.0, 50 mm\/F1.0, 42 mm\/F1.0), u\u017etikrinan\u010diais pagerint\u0105 \u0161viesos surinkimo galimyb\u0119, puiki\u0105 vaizdo kokyb\u0119 ir i\u0161pl\u0117st\u0105 aptikimo nuotol\u012f. RICO 2 serija leid\u017eia jums tiksliai sureguliuoti padid\u0117jim\u0105 naudojant nenutr\u016bkstam\u0105 LPVO stiliaus didinimo svirtel\u0119, suteikian\u010di\u0105 greit\u0105 ir lengv\u0105 reguliavim\u0105, kad gal\u0117tum\u0117te pasitik\u0117dami \u012fsitraukti \u012f taikinius bet kuriuo atstumu. RICO 2 serija gali pasigirti iki 3896 m aptikimo atstumu, suteikian\u010diu jums reik\u0161ming\u0105 prana\u0161um\u0105 ilg\u0173 atstum\u0173 med\u017eiokl\u0117je ir tiksliam taikymui.<\/p>\n<h2>Lanksti ir tiksli taikymosi sistema<\/h2>\n<p>Nocpix RICO 2 S75R yra apr\u016bpintas integruotu nuotauliniu lidarinu, si\u016blan\u010diu lazerin\u012f aptikim\u0105 iki 1200 m atstumo su tiksliu optiniu a\u0161ies sulygiuojimu, u\u017etikrinan\u010diu tiksl\u0173 atstumo matavim\u0105 i\u0161laikant tvirt\u0105 ir eleganti\u0161ka dizain\u0105. Supaprastinkite savo \u0161\u016bvio pad\u0117ties nustatym\u0105 naudodami integruot\u0105 lidar\u0105, kad gal\u0117tum\u0117te lengvai pataikyti \u012f tiksli\u0105 taikin\u012f dideliais atstumais.<\/p>\n<h2>Itin ai\u0161kus ir patogus \u017ei\u016br\u0117jimas<\/h2>\n<p>1.03&#8243; 2560\u00d72560 OLED displ\u0117jus (S75R), i\u0161kraipym\u0173 neturintis aki\u0173 ta\u0161kas, 70 mm aki\u0173 atsparumas ir 23 mm i\u0161leidimo vyzdys suteikia ry\u0161k\u0173, patog\u0173 \u017ei\u016br\u0117jim\u0105 ilgoms sesijoms. S75R modelis turi ne\u012ftik\u0117tin\u0105 70 mm atstum\u0105, kuris suteikia maksimal\u0173 komfort\u0105 ilgalaikiam naudojimui be aki\u0173 \u012ftampos ir u\u017etikrina aki\u0173 saugum\u0105.<\/p>\n","protected":false},"excerpt":{"rendered":"<p>Pa\u017eangus 1280\u00d71024 antrosios kartos jutiklis, lankstus ir tikslus integruotas LRF, ypa\u010d ai\u0161kus ir patogus vaizdas, saugus ir patogus akies atsparumas. Nocpix Rico 2 S75R &#8211; ilgojo nuotolio \u0161audymo ekspertas.<\/p>\n<p>Jei prek\u0117 n\u0117ra prieinama, susisiekite su mumis: shop@nbg.eu arba +359896147790<\/p>\n","protected":false},"featured_media":676703,"template":"","meta":{"_acf_changed":false},"product_brand":[14458],"product_cat":[16086],"product_tag":[],"class_list":{"0":"post-676604","1":"product","2":"type-product","3":"status-publish","4":"has-post-thumbnail","6":"product_brand-nocpix","7":"product_cat-thermal-cameras-lt","9":"first","10":"instock","11":"taxable","12":"shipping-taxable","13":"purchasable","14":"product-type-simple"},"acf":[],"_links":{"self":[{"href":"https:\/\/nbg.eu\/lt\/wp-json\/wp\/v2\/product\/676604","targetHints":{"allow":["GET"]}}],"collection":[{"href":"https:\/\/nbg.eu\/lt\/wp-json\/wp\/v2\/product"}],"about":[{"href":"https:\/\/nbg.eu\/lt\/wp-json\/wp\/v2\/types\/product"}],"wp:featuredmedia":[{"embeddable":true,"href":"https:\/\/nbg.eu\/lt\/wp-json\/wp\/v2\/media\/676703"}],"wp:attachment":[{"href":"https:\/\/nbg.eu\/lt\/wp-json\/wp\/v2\/media?parent=676604"}],"wp:term":[{"taxonomy":"product_brand","embeddable":true,"href":"https:\/\/nbg.eu\/lt\/wp-json\/wp\/v2\/product_brand?post=676604"},{"taxonomy":"product_cat","embeddable":true,"href":"https:\/\/nbg.eu\/lt\/wp-json\/wp\/v2\/product_cat?post=676604"},{"taxonomy":"product_tag","embeddable":true,"href":"https:\/\/nbg.eu\/lt\/wp-json\/wp\/v2\/product_tag?post=676604"}],"curies":[{"name":"wp","href":"https:\/\/api.w.org\/{rel}","templated":true}]}}