{"id":676856,"date":"2025-11-17T17:25:15","date_gmt":"2025-11-17T14:25:15","guid":{"rendered":"https:\/\/nbg.eu\/product\/terminis-matymas-nocpix-rico-2-h75r\/"},"modified":"2026-04-14T16:07:09","modified_gmt":"2026-04-14T13:07:09","slug":"terminis-matymas-nocpix-rico-2-h75r","status":"publish","type":"product","link":"https:\/\/nbg.eu\/lt\/produktas\/terminis-matymas-nocpix-rico-2-h75r\/","title":{"rendered":"Nocpix Terminis Taikiklis Rico 2 H75R"},"content":{"rendered":"<h2>Nocpix Rico 2 H75R: Ilg\u0173 atstum\u0173 \u0161audymo tobulumas<\/h2>\n<p>Nocpix RICO 2 H75R serijos termovizin\u0117s \u017ei\u016bron\u0173 linijos yra sukurti med\u017eiotojams, kurie reikalauja geriausio ai\u0161kumo, nuotolio ir komforto. Pasi\u017eymintys pa\u017eangiausiu pramon\u0117je terminiu jutikliu ir auk\u0161to kadr\u0173 da\u017enio vaizdo kokyb\u0117 palengvina taikiniu identifikavim\u0105 ir sekim\u0105. Ilgas \u017eidinio atstumas ir integruotas toliamatis u\u017etikrina galimyb\u0119 tiksliai i\u0161matuoti tolimus taikinius, o pa\u017eangi optin\u0117 konstrukcija suteikia \u012ftraukiant\u012f \u017ei\u016br\u0117jimo potyr\u012f be i\u0161kraipym\u0173. Su bekopiu didinimo svirteliu ir i\u0161skirtine aki\u0173 ap\u017evalga Nocpix RICO 2 H75R serija leid\u017eia med\u017eiotojams lengvai reguliuoti didinim\u0105 ir jaustis patogiai per ilgus med\u017eiokl\u0117s u\u017esi\u0117mimus. Inovatyvios technologijos ir naudotojui orientuotas dizainas padaro Nocpix RICO 2 H75R serij\u0105 ilg\u0173 atstum\u0173 med\u017eiokl\u0117s efektyvumo vir\u0161\u016bne.<\/p>\n<h2>Pa\u017eangus terminis vaizdavimas<\/h2>\n<p>Pasinaudokite auk\u0161tos kokyb\u0117s antrasis kartos 640@12\u03bcm@60Hz jutikliu, abiem su NETD \u226415mK, a\u0161triam, kontrastingam vaizdui ir pagerintam taikiniu identifikavimui.<\/p>\n<h2>Pagerintas ai\u0161kumas su didesniais objektyvais<\/h2>\n<p>Nocpix RICO 2 H75R turi didesnius objektyvo l\u0119\u0161ius (75 mm\/F1.0, 50 mm\/F1.0, 42 mm\/F1.0), teikian\u010dius pager\u0117jusi\u0105 \u0161vies\u0105 sugeriant\u012f paj\u0117gum\u0105 d\u0117l i\u0161skirtinio vaizdo ai\u0161kumo ir pailginto aptikimo nuotolio.<\/p>\n<h2>Lengvas didinimo reguliavimas<\/h2>\n<p>RICO 2 serija leid\u017eia lengvai nustatyti didinim\u0105 bekopiu LPVO-stil\u0117s didinimo svirteliu, suteikian\u010diu greit\u0105, nema\u017eai pastang\u0173 nereikalaujant\u012f reguliavim\u0105, kad gal\u0117tum\u0117te pasitik\u0117ti taikytis \u012f taikinius bet kokiu atstumu su tikslumu.<\/p>\n<h2>Sukurta ilg\u0173 atstum\u0173 med\u017eioklei<\/h2>\n<p>RICO 2 serija gali aptikti taikinius iki 3896 m atstumo, suteikiant jums reik\u0161ming\u0105 prana\u0161um\u0105 ilg\u0173 atstum\u0173 med\u017eiokl\u0117je ir tiksliam taikiniui.<\/p>\n<h2>Lankstus ir tikslus integruotas toliamatis<\/h2>\n<p>Nocpix RICO 2 H75R turi integruot\u0105 tolima\u010dio prietais\u0105, si\u016blant\u012f lazerinio aptikimo nuotolius iki 1200 m su tikru optine a\u0161imi sulygiuota konstrukcija, u\u017etikrinant tiksl\u0173 atstumo matavim\u0105, i\u0161laikant eleganti\u0161k\u0105 dizain\u0105.<\/p>\n<h2>Supaprastinti balistiniai skai\u010diavimai<\/h2>\n<p>Supaprastinkite taikymo ta\u0161ko nustatym\u0105 su automatiniu ballistiniu skai\u010diavimu, naudojant integruot\u0105 tolima\u010dio prietais\u0105, kad lengvai pataikytum\u0117te \u012f tikslius sm\u016bgius tolimais atstumais.<\/p>\n<h2>Ypa\u010d ai\u0161kus, patogus \u017ei\u016br\u0117jimas<\/h2>\n<p>1.03&#8243; 2560\u00d72560 OLED ekranas (S75R), be i\u0161kraipym\u0173 \u017ei\u016bronas, 70 mm aki\u0173 atstumas ir 23 mm i\u0161\u0117jimo pupil\u0117 u\u017etikrina ai\u0161k\u0173, patog\u0173 \u017ei\u016br\u0117jim\u0105 per ilgas sesijas.<\/p>\n<h2>Sauga ir komfortas<\/h2>\n<p>H75R modelis turi ne\u012ftik\u0117tin\u0105 70 mm atstum\u0105, suteikiant\u012f maksimal\u0173 komfort\u0105 ilgalaikiam naudojimui be aki\u0173 nuovargio ir u\u017etikrinant\u012f aki\u0173 saugum\u0105.<\/p>\n","protected":false},"excerpt":{"rendered":"<p>Nocpix Rico 2 H75R &#8211; ilgo nuotolio \u0161audymo ekspertas su 640\u00d7512 jutikliu, 60Hz, integruotu nuotolio matavimo \u012frenginiu ir nepertraukiamu priartinimu.<\/p>\n<p>Jei prek\u0117 n\u0117ra galima, pra\u0161ome susisiekti su mumis: shop@nbg.eu arba +359896147790<\/p>\n","protected":false},"featured_media":676890,"template":"","meta":{"_acf_changed":false},"product_brand":[14458],"product_cat":[16086],"product_tag":[],"class_list":{"0":"post-676856","1":"product","2":"type-product","3":"status-publish","4":"has-post-thumbnail","6":"product_brand-nocpix","7":"product_cat-thermal-cameras-lt","9":"first","10":"instock","11":"taxable","12":"shipping-taxable","13":"purchasable","14":"product-type-simple"},"acf":[],"_links":{"self":[{"href":"https:\/\/nbg.eu\/lt\/wp-json\/wp\/v2\/product\/676856","targetHints":{"allow":["GET"]}}],"collection":[{"href":"https:\/\/nbg.eu\/lt\/wp-json\/wp\/v2\/product"}],"about":[{"href":"https:\/\/nbg.eu\/lt\/wp-json\/wp\/v2\/types\/product"}],"wp:featuredmedia":[{"embeddable":true,"href":"https:\/\/nbg.eu\/lt\/wp-json\/wp\/v2\/media\/676890"}],"wp:attachment":[{"href":"https:\/\/nbg.eu\/lt\/wp-json\/wp\/v2\/media?parent=676856"}],"wp:term":[{"taxonomy":"product_brand","embeddable":true,"href":"https:\/\/nbg.eu\/lt\/wp-json\/wp\/v2\/product_brand?post=676856"},{"taxonomy":"product_cat","embeddable":true,"href":"https:\/\/nbg.eu\/lt\/wp-json\/wp\/v2\/product_cat?post=676856"},{"taxonomy":"product_tag","embeddable":true,"href":"https:\/\/nbg.eu\/lt\/wp-json\/wp\/v2\/product_tag?post=676856"}],"curies":[{"name":"wp","href":"https:\/\/api.w.org\/{rel}","templated":true}]}}