{"id":676979,"date":"2025-11-17T17:25:28","date_gmt":"2025-11-17T14:25:28","guid":{"rendered":"https:\/\/nbg.eu\/product\/terminis-matymas-nocpix-ace-s60r-begio-zeiss\/"},"modified":"2026-04-14T17:21:18","modified_gmt":"2026-04-14T14:21:18","slug":"terminis-matymas-nocpix-ace-s60r-begio-zeiss","status":"publish","type":"product","link":"https:\/\/nbg.eu\/lt\/produktas\/terminis-matymas-nocpix-ace-s60r-begio-zeiss\/","title":{"rendered":"Nocpix Terminis Taikiklis ACE S60R ZEISS RAIL"},"content":{"rendered":"<h2>NocPix ACE S60R terminis \u017ei\u016bronas<\/h2>\n<p>NocPix ACE S60R terminis \u017ei\u016bronas yra naujas, pa\u017eangus \u012frankis, sukurtas elitiniams med\u017eiotojams, reikalaujantys maksimalaus veiksmingumo sunkiausioje aplinkoje. Pasitelk\u0119s pa\u017eangi\u0105 technologij\u0105 ir tvirt\u0105 konstrukcij\u0105, \u0161is pa\u017eangus terminis \u017ei\u016bronas pad\u0117s jums valdyti nakt\u012f ir suvaldyti laukin\u0119 gamt\u0105. Nesvarbu, ar j\u016bs ie\u0161kote grobio dideliu atstumu, ar sekate greitai judan\u010dius taikinius, ACE S60R si\u016blo ne\u012ftik\u0117tin\u0105 ai\u0161kum\u0105, tikslum\u0105 ir patikimum\u0105.<\/p>\n<p>\u0160io nepaprastojo \u017ei\u016brono \u0161irdis yra Gen-2 HD terminis jutiklis su \u012fsp\u016bdinga 1280\u00d71024 skyra ir ypa\u010d jautriu NETD \u226415mK. \u0160i naujos kartos jutiklis leid\u017eia ACE S60R aptikti net ma\u017eiausius temperat\u016bros poky\u010dius, u\u017etikrindamas ai\u0161kius, detalius \u0161iluminius vaizdus realiuoju laiku. Esant 50 Hz kadr\u0173 da\u017eniui, \u017ei\u016bronas u\u017etikrina skland\u017eius vaizdus, kurie nepraranda tempo net judant grei\u010diausiam taikiniui, leid\u017eiant u\u017erakinti takin\u012f nereg\u0117tu tikslumu.<\/p>\n<p>NocPix ACE S60R taip pat turi 60 mm\/F1,0 objektyv\u0105, kuris surenka 20 % daugiau \u0161viesos nei \u012fprasti \u017ei\u016bronai, suteikdamas jums \u0161viesesn\u012f ir ai\u0161kesn\u012f vaizd\u0105 net tamsiausios aplinkos s\u0105lygomis. Jo puikus ilg\u0173 atstum\u0173 aptikimas iki 3100 metr\u0173 leid\u017eia lengvai identifikuoti ir sekti tolimus taikinius, suteikiant esminio prana\u0161umo ilgo nuotolio med\u017eioklei ir \u0161audymo scenarijams. Kartu su NocPix nuosavine \u201eReality+&#8221; vaizdo apdorojimo technologija ACE S60R gerokai suma\u017eina aplinkos triuk\u0161m\u0105, u\u017etikrindamas a\u0161trius, didel\u012f kontrast\u0105 turin\u010dius vaizdus kiekvien\u0105 kart\u0105.<\/p>\n<p>Norintiems dar daugiau vaizdin\u0117s ai\u0161kumo, ACE S60R turi naujovi\u0161k\u0105 \u201eVision+&#8221; sistem\u0105. 1,03 coli\u0173 2560\u00d72560 AMOLED ekranas kartu su lyderiaujan\u010diu pramon\u0117je optinio didinimo l\u0119\u0161iu u\u017etikrina ne\u012ftik\u0117tin\u0105 optin\u012f didinim\u0105 be \u012fprasto elektroninio didinimo miglotumo ar i\u0161kraipym\u0173. \u0160i prover\u017eio technologija garantuoja, kad m\u0117gausit\u0117s kristali\u0161kai ai\u0161kiu vaizdu ir pla\u010diu matymo lauku, nesvarbu, ar priartinate prie taikinio, ar ap\u017evelgiate aplink\u0105.<\/p>\n<p>Tikslumas yra esminis med\u017eioklei, ir ACE S60R neapvilia. Integruotas lazerinis nuotolio matuoklis (LRF) si\u016blo tikslias matavimus iki 1200 metr\u0173 atstumu. LRF yra skland\u017eiai integruotas \u012f stiling\u0105 dizain\u0105, i\u0161laikydamas tikr\u0105 optin\u012f a\u0161ies sulyginim\u0105, leisdamas apskai\u010diuoti tikslias nuotolio reik\u0161mes, nepakeisdamas fokuso. O su \u012fmontuota balistini\u0173 skai\u010diavim\u0173 funkcija ACE S60R u\u017etikrina, kad j\u016bs\u0173 \u0161\u016bviai b\u016bt\u0173 tiksl\u016bs, atsi\u017evelgdami \u012f visus veiksnius d\u0117l tobulo tikslumo.<\/p>\n<p>Suprojektuotas su med\u017eiotojais galvoje, NocPix ACE S60R taip pat turi dviej\u0173 akumuliatori\u0173 sistem\u0105 su \u012fmontuotu 4000 mAh akumuliatoriumi ir nuimamu 18650 akumuliatoriumi, kad b\u016bt\u0173 galima ilgiau naudoti lauke. Daugiau neber\u016bpinkis d\u0117l galios i\u0161eikvojimo med\u017eiokl\u0117s metu &#8211; \u0161i sistema suprojektuota t\u0119sti tiek ilgai, kiek t\u0119sis j\u016bs\u0173 nuotykis. Be to, funkcijos, tokios kaip automatinis ekrano i\u0161jungimas, stuktel\u0117jimu aktyvuojamas vaizdo \u012fra\u0161ymas ir dizainas be dangtelio, \u0161\u012f terminin\u012f \u017ei\u016bron\u0105 paver\u010dia tikru \u017eaidimo keitikliu lauke.<\/p>\n<p>Sukurtas i\u0161tv\u0117rti sunkiausias lauko s\u0105lygas, ACE S60R pagamintas i\u0161 auk\u0161tos stiprumo aliuminio lydini\u0173, kruop\u0161\u010diai i\u0161bandytas atlaikyti ekstremal\u0173 sukr\u0117tim\u0105 ir grub\u0173 naudojim\u0105. Su IP67 apsaugos nuo vandens reitingu, jis puikiai funkcionuoja esant lietui, dulk\u0117ms ir sud\u0117tingai aplinkai, u\u017etikrinant, kad j\u016bs\u0173 \u017ei\u016bronas bus toks pat atsparus kaip ir j\u016bs\u0173 med\u017eiokl\u0117s \u012fg\u016bd\u017eiai.<\/p>\n<p>NocPix ACE S60R yra daugiau nei tik terminis \u017ei\u016bronas &#8211; tai galutinis med\u017eiokl\u0117s palydovas. Su pa\u017eangiausiomis technologijomis, i\u0161skirtine patvarumu ir gausia pa\u017eangiomis savyb\u0117mis, sukurtomis pagilinti j\u016bs\u0173 med\u017eiokl\u0117s patirt\u012f, \u0161is \u017ei\u016bronas performuos tai, ko galite tik\u0117tis i\u0161 savo \u012frangos. Pasiruo\u0161kite valdyti nakt\u012f.<\/p>\n","protected":false},"excerpt":{"rendered":"<p>&#8222;Nocpix ACE S60R terminis \u017ei\u016bronas yra pa\u017eangus \u012frankis, sukurtas elitiniams med\u017eiotojams, su pa\u017eangia technologija, tvirta konstrukcija ir savyb\u0117mis, tokiomis kaip Gen-2 HD terminis jutiklis, Vision+ sistema, integruotas lazerinis nuotolmatis ir dvigubas baterij\u0173 sistema, siekiant u\u017etikrinti maksimal\u0173 veikim\u0105 sud\u0117tingose aplinkose.&#8221;<\/p>\n","protected":false},"featured_media":677409,"template":"","meta":{"_acf_changed":false},"product_brand":[14458],"product_cat":[13712],"product_tag":[],"class_list":{"0":"post-676979","1":"product","2":"type-product","3":"status-publish","4":"has-post-thumbnail","6":"product_brand-nocpix","7":"product_cat-siluminiai","9":"first","10":"instock","11":"taxable","12":"shipping-taxable","13":"purchasable","14":"product-type-simple"},"acf":[],"_links":{"self":[{"href":"https:\/\/nbg.eu\/lt\/wp-json\/wp\/v2\/product\/676979","targetHints":{"allow":["GET"]}}],"collection":[{"href":"https:\/\/nbg.eu\/lt\/wp-json\/wp\/v2\/product"}],"about":[{"href":"https:\/\/nbg.eu\/lt\/wp-json\/wp\/v2\/types\/product"}],"wp:featuredmedia":[{"embeddable":true,"href":"https:\/\/nbg.eu\/lt\/wp-json\/wp\/v2\/media\/677409"}],"wp:attachment":[{"href":"https:\/\/nbg.eu\/lt\/wp-json\/wp\/v2\/media?parent=676979"}],"wp:term":[{"taxonomy":"product_brand","embeddable":true,"href":"https:\/\/nbg.eu\/lt\/wp-json\/wp\/v2\/product_brand?post=676979"},{"taxonomy":"product_cat","embeddable":true,"href":"https:\/\/nbg.eu\/lt\/wp-json\/wp\/v2\/product_cat?post=676979"},{"taxonomy":"product_tag","embeddable":true,"href":"https:\/\/nbg.eu\/lt\/wp-json\/wp\/v2\/product_tag?post=676979"}],"curies":[{"name":"wp","href":"https:\/\/api.w.org\/{rel}","templated":true}]}}