{"id":677685,"date":"2025-11-17T17:25:33","date_gmt":"2025-11-17T14:25:33","guid":{"rendered":"https:\/\/nbg.eu\/product\/termoreguliacinis-matymas-nocpix-ace-h50r-12um-640x512-15mk-netd\/"},"modified":"2026-04-14T16:07:02","modified_gmt":"2026-04-14T13:07:02","slug":"termoreguliacinis-matymas-nocpix-ace-h50r-12um-640x512-15mk-netd","status":"publish","type":"product","link":"https:\/\/nbg.eu\/lt\/produktas\/termoreguliacinis-matymas-nocpix-ace-h50r-12um-640x512-15mk-netd\/","title":{"rendered":"Nocpix Terminis Taikiklis ACE H50R"},"content":{"rendered":"<h2>NocPix ACE H50R terminis \u0161autuv\u0173 taikikli\u0173<\/h2>\n<p>NocPix ACE H50R terminis \u0161autuv\u0173 taikiklis sujungia pa\u017eangi\u0105 technologij\u0105 su tvirtu patvarumu nelyginamu med\u017eiokl\u0117s i\u0161gyvenimu. Jis turi 640&#215;512 rai\u0161kos termin\u012f jutikl\u012f su \u226412mK NETD, suteikiant\u012f i\u0161skirtin\u012f vaizdo ai\u0161kum\u0105, 3100 metr\u0173 aptikimo diapazon\u0105 ir integruot\u0105 LRF tiksliam matavimui iki 1200 metr\u0173. Inovatyvi Vision+ sistema si\u016blo okuliar\u0173 padidinti \u0161viesos poveik\u012f, o dviguba baterij\u0173 sistema u\u017etikrina ilgalaik\u012f naudojim\u0105. Pagamintas i\u0161 auk\u0161tos stiprumo aliuminio lydini\u0173 ir atsparumas IP67, \u0161is \u0161autuv\u0173 taikiklis sukurtas puikiai veikti bet kokioje lauko aplinkoje ir prisitaikyti prie bet kokios situacijos.<\/p>\n<p>NocPix ACE H50 terminis \u0161autuv\u0173 taikiklis yra pa\u017eangus \u012frankis, skirtas redefining med\u017eiokl\u0117s patirt\u012f, nesvarbu, ar j\u016bs navigavote tamsiame nakties, ar med\u017eiojate sunkioje vietov\u0117je. Kaip NocPix flagman\u0173 serijos ACE dalis, \u0161is terminis optinis taikinys i\u0161siskiria d\u0117l savo auk\u0161\u010diausios kokyb\u0117s vaizdo ir tikslumo, d\u0117l auk\u0161tosios rai\u0161kos terminio jutiklio ir pa\u017eangi\u0173 Reality+ ir Vision+ sistem\u0173.<\/p>\n<p>NocPix ACE H50R \u0161erdis yra Gen-2 HD terminis jutiklis, kuris turi 640&#215;512 rai\u0161k\u0105 ir 60Hz kadro da\u017en\u012f, u\u017etikrinantis ne\u012ftik\u0117tinai stabil\u0173 veikim\u0105. Su \u226412mK NETD, \u0161is taikiklis aptinka net ma\u017eiausius temperat\u016bros skirtumus, suteikdamas detalius ir stabilius terminius vaizdus, idealiai tinkan\u010dius sekti greitai judan\u010dius taikinius realiuoju laiku. Pa\u017eangi Reality+ vaizdo apdorojimo algoritmas papildomai pagerina tai, eliminuodamas aplinkos temperat\u016bros triuk\u0161m\u0105, suteikiant geresn\u012f kontrast\u0105 ir ai\u0161kum\u0105 net ir sud\u0117tingomis med\u017eiokl\u0117s s\u0105lygomis.<\/p>\n<p>ACE H50R turi 50 mm\/F0.9 objektyv\u0105, leid\u017eiant\u012f 20% daugiau \u0161viesos pasiekti jutikl\u012f, sukuriant \u0161viesesnius ir ai\u0161kesnius vaizdus. Tai svarbu med\u017eiotojams, kurie siekia tikslumo, nes pagerinta \u0161viesos perdavimas u\u017etikrina geresn\u012f matomum\u0105 silpno ap\u0161vietimo aplinkoje. Be to, 3100 metr\u0173 aptikimo diapazonas i\u0161skiria ACE, palengvinant tolimos identifikavim\u0105 ir sekim\u0105.<\/p>\n<p>Integruota Vision+ sistema gerina vizualin\u0119 patirt\u012f su 1,03 coli\u0173 apvaliu AMOLED ekranu, turin\u010diu 2560&#215;2560 rai\u0161k\u0105. Optinis priartinimo sistema, sukurta vengti i\u0161sibarstymo ir i\u0161kraipymo, b\u016bding\u0173 tradiciniams elektroniniams priartinimams, u\u017etikrina med\u017eiotojams ai\u0161kius, auk\u0161tos rai\u0161kos artimus vaizdus neprarandant detali\u0173. Tai suteikia \u012ftraukian\u010di\u0105, patogi\u0105 per\u017ei\u016bros patirt\u012f, nesvarbu, ar j\u016bs stebite grob\u012f i\u0161 toli, ar priartinate siekiant tikslumo.<\/p>\n<p>Skirtas ilgam naudojimui lauke, ACE turi dviej\u0173 baterij\u0173 sistem\u0105 su \u012fmontuota 4000 mAh baterija ir papildoma i\u0161imama 18650 baterija, leid\u017eiant nenutr\u016bkstamai veikti ilg\u0173 med\u017eiokl\u0117s sesij\u0173 metu. Tvirtas dizainas, pagamintas i\u0161 auk\u0161tos stiprumo aliuminio lydini\u0173, u\u017etikrina, kad ACE gali atlaikyti sunki\u0105 lauko aplink\u0105 ir intensyv\u0173 naudojim\u0105, i\u0161laik\u0119s grie\u017etus sm\u016bgio atsparumo testus. Su IP67 atsparumu vandeniui, taikiklis lieka patikimas nepalankiomis oro s\u0105lygomis, suteikdamas med\u017eiotojams ramyb\u0119 nepriklausomai nuo aplinkos.<\/p>\n<p>Suprojektuotas su med\u017eiotojais galvoje, NocPix ACE H50R apima b\u016btinas funkcijas, tokias kaip atsitrenkimo aktyvuojamas vaizdo \u012fra\u0161ymas ir tinklelio dizainas, leid\u017eiantis lengvai naudoti lauke. Su naudotojui draugi\u0161komis papildomis funkcijomis, tokiomis kaip fokuso reguliatorius, \u012fkrovimo danga ir galimyb\u0117 leisti vaizdo \u012fra\u0161us tiesiogiai per Galerij\u0105, \u0161is taikiklis derina auk\u0161t\u0105 veikim\u0105 su patogumu, u\u017etikrinantys optimali\u0105 med\u017eiokl\u0117s patirt\u012f.<\/p>\n","protected":false},"excerpt":{"rendered":"<p>&#8222;Nocpix ACE H50R terminis optinis taikymo prietaisas pasi\u017eymi 640&#215;512 terminiu jutikliu su \u226412mK NETD, 3100m aptikimo diapazonu, integruotu lazerinio atstumo matuokliu ir Vision+ sistema, suteikian\u010dia ne\u012ftik\u0117tin\u0105 med\u017eiokl\u0117s patirt\u012f.<\/p>\n<p>Jei prek\u0117s n\u0117ra galima, pra\u0161ome susisiekti su mumis: shop@nbg.eu arba +359896147790<\/p>\n<\/p>\n<p>&#8222;<\/p>\n","protected":false},"featured_media":677878,"template":"","meta":{"_acf_changed":false},"product_brand":[14458],"product_cat":[13712],"product_tag":[],"class_list":{"0":"post-677685","1":"product","2":"type-product","3":"status-publish","4":"has-post-thumbnail","6":"product_brand-nocpix","7":"product_cat-siluminiai","9":"first","10":"outofstock","11":"taxable","12":"shipping-taxable","13":"purchasable","14":"product-type-simple"},"acf":[],"_links":{"self":[{"href":"https:\/\/nbg.eu\/lt\/wp-json\/wp\/v2\/product\/677685","targetHints":{"allow":["GET"]}}],"collection":[{"href":"https:\/\/nbg.eu\/lt\/wp-json\/wp\/v2\/product"}],"about":[{"href":"https:\/\/nbg.eu\/lt\/wp-json\/wp\/v2\/types\/product"}],"wp:featuredmedia":[{"embeddable":true,"href":"https:\/\/nbg.eu\/lt\/wp-json\/wp\/v2\/media\/677878"}],"wp:attachment":[{"href":"https:\/\/nbg.eu\/lt\/wp-json\/wp\/v2\/media?parent=677685"}],"wp:term":[{"taxonomy":"product_brand","embeddable":true,"href":"https:\/\/nbg.eu\/lt\/wp-json\/wp\/v2\/product_brand?post=677685"},{"taxonomy":"product_cat","embeddable":true,"href":"https:\/\/nbg.eu\/lt\/wp-json\/wp\/v2\/product_cat?post=677685"},{"taxonomy":"product_tag","embeddable":true,"href":"https:\/\/nbg.eu\/lt\/wp-json\/wp\/v2\/product_tag?post=677685"}],"curies":[{"name":"wp","href":"https:\/\/api.w.org\/{rel}","templated":true}]}}