{"id":678114,"date":"2025-11-17T17:25:36","date_gmt":"2025-11-17T14:25:36","guid":{"rendered":"https:\/\/nbg.eu\/product\/terminis-monokulis-nocpix-lumi-l35\/"},"modified":"2026-01-21T11:39:11","modified_gmt":"2026-01-21T08:39:11","slug":"terminis-monokulis-nocpix-lumi-l35","status":"publish","type":"product","link":"https:\/\/nbg.eu\/lt\/produktas\/terminis-monokulis-nocpix-lumi-l35\/","title":{"rendered":"Terminis monokulis Nocpix LUMI L35"},"content":{"rendered":"<h2>Maksimalus efektyvumas su minimaliu svoriu \u2013 Nocpix LUMI L35: J\u016bs\u0173 neatsiejamas palydovas j\u016bs\u0173 srityje<\/h2>\n<p>LUMI terminio vaizdo monokulerio serija yra skirta naudoti tiek dien\u0105, tiek nakt\u012f ir si\u016blo jums i\u0161skirtin\u0119 vaizdo kokyb\u0119 net ir sunkiomis oro s\u0105lygomis, tokiomis kaip r\u016bkas, sm\u016btis ar lietus. Net jei kli\u016btys, tokios kaip \u0161akos, auk\u0161ta \u017eol\u0117 ar tankus lapija, apsunkina matomum\u0105, d\u0117l \u0161ios technologijos visuomet ai\u0161kiai matysite tai, kas yra prie\u0161ais jus. Jie taip pat yra kompakti\u0161ki ir lengvi, tod\u0117l galite juos lengvai ne\u0161iotis bet kur.<\/p>\n<p>LUMI terminio vaizdo kameros yra puikios \u012fvairiam panaudojimui, tokiam kaip med\u017eiokl\u0117, steb\u0117jimas, saugumas, teritorijos orientacija ar paie\u0161ka ir gelb\u0117jimo operacijos.<\/p>\n<h2>Neprilygstama vaizdo kokyb\u0117 a\u0161triausiems vaizdams<\/h2>\n<p>LUMI serija nustato naujus vaizdo kokyb\u0117s standartus. Apr\u016bpinta pa\u017eangiausiais vaizdo algoritms ir galing\u0173 terminiu jutikliu su NETD &lt; 18 mK, kamera teikia a\u0161tr\u0173 ir realistin\u012f vaizd\u0105. AMOLED ekranas su 1024 x 768 pikseli\u0173 rezoliucija u\u017etikrina i\u0161skirtin\u012f vaizdo atvaizdavim\u0105, o Ultra Clear re\u017eimas dar labiau optimizuoja vaizdo ai\u0161kum\u0105, ypa\u010d sunkiomis oro s\u0105lygomis.<\/p>\n<h2>Personalizuota per\u017ei\u016bros patirtis \u2013 Pritaikykite savo \u012frengin\u012f tobulai<\/h2>\n<p>D\u0117l vidutinio 384 x 288 px jutiklio ir \u012fvairi\u0173 nustatym\u0173 galimybi\u0173 galite pritaikyti \u012frengin\u012f tiksliai pagal savo poreikius. Pasirinkite i\u0161 5 spalv\u0173 re\u017eim\u0173 ir optimizuokite savo vaizd\u0105 nustatydami 10 ry\u0161kumo, kontrasto ir ry\u0161kumo lygi\u0173 \u2013 kad jokia detal\u0117 nepraeit\u0173 nepasteb\u0117ta.<\/p>\n<h2>Lengvas patirties dalinimasis<\/h2>\n<p>\u012esp\u016bding\u0173 akimirk\u0173 fiksavimas yra b\u016btinas \u0161iuolaikiniam med\u017eiotojui. Su Nocpix LUMI L35 ne tik patogiai galite dalintis savo \u012fra\u0161ais per program\u0117l\u0119, bet ir per\u017ei\u016br\u0117ti juos tiesiai \u012frenginyje \u2013 tobula, kad gal\u0117tum\u0117te i\u0161kart pasidalinti savo patirtimi su kitais.<\/p>\n<h2>Galima lankstiai naudoti d\u0117l nuimamo baterijos sistemos<\/h2>\n<p>LUMI serija apr\u016bpinta standartin\u0117mis 18650 baterijomis, suteikian\u010diomis maksimal\u0173 lankstum\u0105. Nesvarbu kur b\u016btum\u0117te, su \u012ftrauktu baterijos \u012fkrovikliu greit b\u016bsite pasiruo\u0161\u0119 \u2013 ir gal\u0117site t\u0119sti savo misij\u0105.<\/p>\n","protected":false},"excerpt":{"rendered":"<p>Maksimalus na\u0161umas su minimaliu svoriu \u2013 Nocpix LUMI L35: j\u016bs\u0173 neatsiejamas palydovas lauko s\u0105lygomis. 384 jutiklis su 18 mK, AMOLED ekranas su 1024 \u00d7 768 pikseli\u0173, i\u0161imama 18650 baterija, aptikimo diapazonas apie 1800 metr\u0173, didel\u0117 pagrindin\u0117 padidint\u0117 lauko med\u017eioklei, kompakti\u0161kas dizainas.<br \/>\nJei prek\u0117 n\u0117ra galima, susisiekite su mumis: shop@nbg.eu arba +359896147790<\/p>\n","protected":false},"featured_media":678301,"template":"","meta":{"_acf_changed":false},"product_brand":[14458],"product_cat":[13712,369],"product_tag":[],"class_list":{"0":"post-678114","1":"product","2":"type-product","3":"status-publish","4":"has-post-thumbnail","6":"product_brand-nocpix","7":"product_cat-siluminiai","8":"product_cat-uncategorized","10":"first","11":"instock","12":"taxable","13":"shipping-taxable","14":"purchasable","15":"product-type-simple"},"acf":[],"_links":{"self":[{"href":"https:\/\/nbg.eu\/lt\/wp-json\/wp\/v2\/product\/678114","targetHints":{"allow":["GET"]}}],"collection":[{"href":"https:\/\/nbg.eu\/lt\/wp-json\/wp\/v2\/product"}],"about":[{"href":"https:\/\/nbg.eu\/lt\/wp-json\/wp\/v2\/types\/product"}],"wp:featuredmedia":[{"embeddable":true,"href":"https:\/\/nbg.eu\/lt\/wp-json\/wp\/v2\/media\/678301"}],"wp:attachment":[{"href":"https:\/\/nbg.eu\/lt\/wp-json\/wp\/v2\/media?parent=678114"}],"wp:term":[{"taxonomy":"product_brand","embeddable":true,"href":"https:\/\/nbg.eu\/lt\/wp-json\/wp\/v2\/product_brand?post=678114"},{"taxonomy":"product_cat","embeddable":true,"href":"https:\/\/nbg.eu\/lt\/wp-json\/wp\/v2\/product_cat?post=678114"},{"taxonomy":"product_tag","embeddable":true,"href":"https:\/\/nbg.eu\/lt\/wp-json\/wp\/v2\/product_tag?post=678114"}],"curies":[{"name":"wp","href":"https:\/\/api.w.org\/{rel}","templated":true}]}}