{"id":678363,"date":"2025-11-18T18:19:28","date_gmt":"2025-11-18T15:19:28","guid":{"rendered":"https:\/\/nbg.eu\/product\/naktinis-zaidimas-l35r-384x288-netd-15mk\/"},"modified":"2026-04-14T16:06:55","modified_gmt":"2026-04-14T13:06:55","slug":"naktinis-zaidimas-l35r-384x288-netd-15mk","status":"publish","type":"product","link":"https:\/\/nbg.eu\/lt\/produktas\/naktinis-zaidimas-l35r-384x288-netd-15mk\/","title":{"rendered":"Nocpix Terminis \u017di\u016bronas Quest L35R"},"content":{"rendered":"<h2>Nocpix Quest L35R 384&#215;288 NETD \u226415mK: Atleiskite savo termovizin\u012f reg\u0117jim\u0105<\/h2>\n<p>QUEST yra lengvas ir ne\u0161iojamas, si\u016blantis aptikimo diapazon\u0105 iki 2600 m ir \u012fmontuot\u0105 diskre\u010di\u0105 LRF su 1000 m diapazonu d\u0117l auk\u0161tesnio tikslumo ir matomumo. Tradicinis \u017ei\u016brono dizainas pasi\u017eymi visu guminiu gaubtu ir IP67 apsauga nuo vandens ir dulki\u0173, u\u017etikrinantys patvarum\u0105 ir komfort\u0105 sunkiomis s\u0105lygomis. Su auk\u0161tos kokyb\u0117s 640&#215;512 jutikliu (NETD \u226415mK, 60Hz), QUEST u\u017etikrina ypating\u0105 vaizdo ai\u0161kum\u0105, puik\u0173 termin\u012f jautrum\u0105 ir skland\u0173 veikim\u0105 sud\u0117tingoje aplinkoje.<\/p>\n<h2>Ypatingas vaizdo kokyb\u0117 ir ai\u0161kumas<\/h2>\n<p>Nocpix QUEST pasi\u017eymi R+ vaizdo patobulinimais, u\u017etikrinan\u010diais auk\u0161t\u0105 ai\u0161kum\u0105 ir tikslum\u0105, kartu su 1920&#215;1200 AMOLED ekranu, teikian\u010diu \u012ftraukian\u010di\u0105 ir akiai draugi\u0161k\u0105 \u017ei\u016br\u0117jimo patirt\u012f.<\/p>\n<h2>Auk\u0161\u010diausios klas\u0117s jutiklis<\/h2>\n<p>Nocpix QUEST turi auk\u0161tos kokyb\u0117s jutikl\u012f (640&#215;512@12\u00b5m), u\u017etikrinant\u012f puik\u0173 vaizdo ai\u0161kum\u0105. Su NETD \u226415mK ir 60Hz kadr\u0173 sparta, jis u\u017etikrina puik\u0173 termin\u012f jautrum\u0105, teikdamas ai\u0161kius ir vaizdingus vaizdus net ir sud\u0117tingiausiose aplinkose.<\/p>\n<h2>Galingos aptikimo galimyb\u0117s<\/h2>\n<p>Nocpix QUEST turi iki 2600 m aptikimo diapazon\u0105 ir \u012fmontuot\u0105 diskre\u010di\u0105 LRF su iki 1000 m diapazonu, leid\u017eiantys matyti toliau ir tiksliau nei kada nors anks\u010diau. Jis taip pat palaiko balistikos skai\u010diavimus, pateikdamas duomen\u0173 param\u0105 kooperatyviniams med\u017eiokl\u0117s atvejams.<\/p>\n<h2>Ergonomi\u0161ka viena ranka valdoma<\/h2>\n<p>Nocpix QUEST si\u016blo ergonomi\u0161k\u0105, neslystan\u010di\u0105 ranken\u0105 su supaprastinta 4 mygtuk\u0173 i\u0161d\u0117stymu ir centralizuotais slinkties ratukais, skirtais lengvam vienos rankos valdymui ir patikimam su\u0117mimui visomis s\u0105lygomis.<\/p>\n<h2>Lengvas ir ne\u0161iojamas<\/h2>\n<p>QUEST sveria tik 700 g ir turi special\u0173 ne\u0161iojimo krep\u0161\u012f, u\u017etikrinant\u012f lengv\u0105 ne\u0161iojim\u0105 ir komfort\u0105 lauko veiklai, tokiai kaip med\u017eiokl\u0117 ir tyrin\u0117jimai.<\/p>\n<h2>Patikima maitinimo charakteristika<\/h2>\n<p>QUEST serija turi dviej\u0173 baterij\u0173 dizain\u0105 su \u012fmontuota ir kei\u010diama 18650 baterija, u\u017etikrinan\u010dia paprast\u0105 keitim\u0105 ir nepertraukiam\u0105 naudojim\u0105 j\u016bs\u0173 nuotyki\u0173 metu.<\/p>\n<h2>Atsparus ir patogus dizainas<\/h2>\n<p>QUEST pasi\u017eymi tradiciniu \u017ei\u016brono dizainu su i\u0161skirtiniu gumu dengt\u0173 pavir\u0161i\u0173 ir IP67 apsauga nuo vandens ir dulki\u0173, u\u017etikrinan\u010diais patvarum\u0105 ir bendr\u0105 patogum\u0105.<\/p>\n","protected":false},"excerpt":{"rendered":"<p>Nocpix QUEST L35R 384&#215;288 NETD &lt;15mK: lengvos, ne\u0161iojamos termovizin\u0117s kameros su 2600m aptikimo diapazonu, integruotu 1000m tolima\u010diu ir i\u0161skirtine vaizdo kokybe.<br \/>\nJei prek\u0117s n\u0117ra prieinamos, susisiekite su mumis: shop@nbg.eu arba +359896147790<\/p>\n","protected":false},"featured_media":679389,"template":"","meta":{"_acf_changed":false},"product_brand":[14458],"product_cat":[13712,16086,14688],"product_tag":[],"class_list":{"0":"post-678363","1":"product","2":"type-product","3":"status-publish","4":"has-post-thumbnail","6":"product_brand-nocpix","7":"product_cat-siluminiai","8":"product_cat-thermal-cameras-lt","9":"product_cat-ziuronai","11":"first","12":"instock","13":"taxable","14":"shipping-taxable","15":"purchasable","16":"product-type-simple"},"acf":[],"_links":{"self":[{"href":"https:\/\/nbg.eu\/lt\/wp-json\/wp\/v2\/product\/678363","targetHints":{"allow":["GET"]}}],"collection":[{"href":"https:\/\/nbg.eu\/lt\/wp-json\/wp\/v2\/product"}],"about":[{"href":"https:\/\/nbg.eu\/lt\/wp-json\/wp\/v2\/types\/product"}],"wp:featuredmedia":[{"embeddable":true,"href":"https:\/\/nbg.eu\/lt\/wp-json\/wp\/v2\/media\/679389"}],"wp:attachment":[{"href":"https:\/\/nbg.eu\/lt\/wp-json\/wp\/v2\/media?parent=678363"}],"wp:term":[{"taxonomy":"product_brand","embeddable":true,"href":"https:\/\/nbg.eu\/lt\/wp-json\/wp\/v2\/product_brand?post=678363"},{"taxonomy":"product_cat","embeddable":true,"href":"https:\/\/nbg.eu\/lt\/wp-json\/wp\/v2\/product_cat?post=678363"},{"taxonomy":"product_tag","embeddable":true,"href":"https:\/\/nbg.eu\/lt\/wp-json\/wp\/v2\/product_tag?post=678363"}],"curies":[{"name":"wp","href":"https:\/\/api.w.org\/{rel}","templated":true}]}}