{"id":679455,"date":"2025-11-18T18:19:37","date_gmt":"2025-11-18T15:19:37","guid":{"rendered":"https:\/\/nbg.eu\/product\/nocpix-quest-h50r-lrf-640x512-netd-15mk\/"},"modified":"2026-04-14T16:06:52","modified_gmt":"2026-04-14T13:06:52","slug":"nocpix-quest-h50r-lrf-640x512-netd-15mk","status":"publish","type":"product","link":"https:\/\/nbg.eu\/lt\/produktas\/nocpix-quest-h50r-lrf-640x512-netd-15mk\/","title":{"rendered":"Nocpix Terminis \u017di\u016bronas Quest H50R LRF"},"content":{"rendered":"<h2>Nocpix Quest H50R LRF 640&#215;512 NETD \u226415mK<\/h2>\n<p>QUEST yra lengvas ir ne\u0161iojamas, si\u016blantis aptikimo diapazon\u0105 iki 2600 m ir integruot\u0105 slapt\u0105 LRF su 1000 m diapazonu, kad b\u016bt\u0173 u\u017etikrinta auk\u0161tesn\u0117 tikslumas ir matomumas. Tradicinis \u017ei\u016brono dizainas pasi\u017eymi viso guminiu dangteliu ir IP67 \u012fvertinimu, kad b\u016bt\u0173 atsparus ir patogus naudoti sunkiomis s\u0105lygomis. Apr\u016bpintas auk\u0161tos kokyb\u0117s 640&#215;512 jutikliu (NETD \u226415mK, 60 Hz), QUEST u\u017etikrina auk\u0161t\u0105 vaizdo kokyb\u0119, ger\u0105 terminio jautrumo ir patikim\u0105 veikim\u0105 sud\u0117tingoje aplinkoje.<\/p>\n<h2>Terminis jutiklis<\/h2>\n<p>Nocpix QUEST turi R+ vaizdo sustiprinim\u0105, kuris u\u017etikrina auk\u0161t\u0105 ai\u0161kum\u0105 ir tikslum\u0105, kartu su 1920&#215;1200 AMOLED ekranu, kad suteikt\u0173 \u012ftraukian\u010di\u0105, akiai draugi\u0161k\u0105 per\u017ei\u016bros patirt\u012f.<\/p>\n<h2>Auk\u0161\u010diausio lygio jutiklis u\u017etikrina puik\u0173 rezultat\u0105<\/h2>\n<p>Nocpix QUEST yra apr\u016bpintas auk\u0161tos kokyb\u0117s jutikliu (640&#215;512@12\u00b5m), kuris u\u017etikrina i\u0161skirtin\u0119 vaizdo kokyb\u0119. Su NETD \u226415mK ir 60 Hz kadro da\u017eniu, jis u\u017etikrina auk\u0161t\u0105 terminio jautrumo lyg\u012f, suteikdamas ai\u0161kius ir ry\u0161kius vaizdus net ir sud\u0117tingiausiose s\u0105lygose.<\/p>\n<h2>Galinga aptikimo galia<\/h2>\n<p>Nocpix QUEST turi aptikimo diapazon\u0105 iki 2600 m ir integruot\u0105 slapt\u0105 LRF su diapazonu iki 1000 m, leid\u017eiant\u012f matyti toliau ir tiksliau nei kada nors anks\u010diau. Jis taip pat palaiko balistini\u0173 skai\u010diavim\u0173 funkcij\u0105, suteikdamas duomen\u0173 palaikym\u0105 kooperatyviniam med\u017eiokl\u0117s \u017eaidimui.<\/p>\n<h2>Vienos rankos valdymas<\/h2>\n<p>Nocpix QUEST si\u016blo ergonomin\u012f, neslystant\u012f laikym\u0105 su supaprastinta 4 mygtuk\u0173 i\u0161d\u0117stymu ir centralizuotais slinkties ratukai, kad b\u016bt\u0173 lengvai valdomas viena ranka ir u\u017etikrintas saugus griebimas esant bet kokioms s\u0105lygoms.<\/p>\n<h2>Lengvas ir ne\u0161iojamas<\/h2>\n<p>QUEST sveria tik 700 g ir turi specialiai pritaikyt\u0105 ne\u0161iojimo krep\u0161\u012f, u\u017etikrindamas lengv\u0105 ne\u0161iojim\u0105 ir patogum\u0105 lauko veikloms, tokioms kaip med\u017eiokl\u0117 ir tyrin\u0117jimas.<\/p>\n<h2>Pa\u0161alinkite r\u016bpes\u010dius d\u0117l maitinimo<\/h2>\n<p>QUEST serija turi dviej\u0173 baterij\u0173 dizain\u0105 su integruota ir kei\u010diama 18650 baterija, u\u017etikrinan\u010dia paprast\u0105 pakeitim\u0105 ir nepertraukiam\u0105 naudojim\u0105 per vis\u0105 nuotyk\u012f.<\/p>\n<h2>Tradicin\u0117 \u017ei\u016brono patirtis<\/h2>\n<p>QUEST turi tradicin\u012f \u017ei\u016brono dizain\u0105 su i\u0161maniuoju viso guminio padengimo ir IP67 atsparumo vandeniui bei dulk\u0117ms \u012fvertinimu, u\u017etikrinantis ilgaam\u017ei\u0161kum\u0105 ir bendr\u0105 patogum\u0105.<\/p>\n","protected":false},"excerpt":{"rendered":"<p>Nocpix Quest H50R LRF 640&#215;512 NETD &lt;15mK: lengvasis, ne\u0161iojamas terminis vaizduoklis su 2600 m aptikimo diapazonu, 1000 m LRF ir auk\u0161\u010diausios kokyb\u0117s 640&#215;512 jutikliu.<br \/>\nJei prek\u0117s n\u0117ra galimos, pra\u0161ome susisiekti su mumis: shop@nbg.eu arba +359896147790<\/p>\n","protected":false},"featured_media":679694,"template":"","meta":{"_acf_changed":false},"product_brand":[14458],"product_cat":[13712,16086,14688],"product_tag":[],"class_list":{"0":"post-679455","1":"product","2":"type-product","3":"status-publish","4":"has-post-thumbnail","6":"product_brand-nocpix","7":"product_cat-siluminiai","8":"product_cat-thermal-cameras-lt","9":"product_cat-ziuronai","11":"first","12":"instock","13":"taxable","14":"shipping-taxable","15":"purchasable","16":"product-type-simple"},"acf":[],"_links":{"self":[{"href":"https:\/\/nbg.eu\/lt\/wp-json\/wp\/v2\/product\/679455","targetHints":{"allow":["GET"]}}],"collection":[{"href":"https:\/\/nbg.eu\/lt\/wp-json\/wp\/v2\/product"}],"about":[{"href":"https:\/\/nbg.eu\/lt\/wp-json\/wp\/v2\/types\/product"}],"wp:featuredmedia":[{"embeddable":true,"href":"https:\/\/nbg.eu\/lt\/wp-json\/wp\/v2\/media\/679694"}],"wp:attachment":[{"href":"https:\/\/nbg.eu\/lt\/wp-json\/wp\/v2\/media?parent=679455"}],"wp:term":[{"taxonomy":"product_brand","embeddable":true,"href":"https:\/\/nbg.eu\/lt\/wp-json\/wp\/v2\/product_brand?post=679455"},{"taxonomy":"product_cat","embeddable":true,"href":"https:\/\/nbg.eu\/lt\/wp-json\/wp\/v2\/product_cat?post=679455"},{"taxonomy":"product_tag","embeddable":true,"href":"https:\/\/nbg.eu\/lt\/wp-json\/wp\/v2\/product_tag?post=679455"}],"curies":[{"name":"wp","href":"https:\/\/api.w.org\/{rel}","templated":true}]}}