{"id":681041,"date":"2025-12-17T14:06:52","date_gmt":"2025-12-17T11:06:52","guid":{"rendered":"https:\/\/nbg.eu\/product\/manly-peak-g10-black-cpm-s90v\/"},"modified":"2026-01-21T11:41:29","modified_gmt":"2026-01-21T08:41:29","slug":"manly-peak-g10-black-cpm-s90v","status":"publish","type":"product","link":"https:\/\/nbg.eu\/lt\/produktas\/manly-peak-g10-black-cpm-s90v\/","title":{"rendered":"Manly PEAK G10 BLACK CPM S90V"},"content":{"rendered":"<h2>Manly PEAK G10 BLACK CPM S90V &#8211; I\u0161skirtinis viena ranka atver\u010diamas peilis<\/h2>\n<p>I\u0161bandykite i\u0161skirtin\u012f Manly PEAK G10 BLACK CPM S90V viena ranka atver\u010diam\u0105 peil\u012f, unikal\u0173 ir universal\u0173 \u012frank\u012f, skirt\u0105 \u012fvairioms veikloms. Skirdamasis nuo Comrade modelio, \u0161is peilis pasi\u017eymi nuostabiu dizainu, kuris j\u012f daro tobulu palydovu bet kokiam u\u017esi\u0117mimui.<\/p>\n<p>Si\u016blomos dvi skirtingos versijos, PEAK leid\u017eia pasirinkti vienos arba dviej\u0173 rank\u0173 atidarymo patogumus, atsi\u017evelgiant \u012f asmeninius pageidavimus. Pagamintas kruop\u0161\u010diai, gele\u017et\u0117 pagaminta i\u0161 auk\u0161t\u0173j\u0173 eksploatacini\u0173 savybi\u0173 CPM S90V plieno, u\u017etikrinan\u010dio puik\u0173 a\u0161men\u0173 ilgaam\u017ei\u0161kum\u0105 ir atsparum\u0105 korozijai.<\/p>\n<p>Tvirtas G10 ranken\u0173 dizainas u\u017etikrina saug\u0173 ir patog\u0173 su\u0117mim\u0105, padarydamas PEAK patikimu pasirinkimu kasdieniniam ne\u0161iojimui ar lauko nuotykiams. Su savo nyk\u0161\u010dio anga atidarymo mechanizmu ir rankiniu u\u017erakto sistema, \u0161is peilis si\u016blo skland\u0173 vienos rankos valdym\u0105, leid\u017eiant\u012f lengvai atlikti u\u017eduotis.<\/p>\n<p>Sveriantis tik 115 gram\u0173, PEAK yra lengvas, ta\u010diau tvirtas \u012frankis, kuris neapsunkins. Ar esate lauk\u0173 entuziastas, taktinis operatorius, ar tiesiog ie\u0161kote universalaus ir gerai suprojektuoto viena ranka atver\u010diamo peilio, Manly PEAK G10 BLACK CPM S90V yra atsakymas.<\/p>\n","protected":false},"excerpt":{"rendered":"<p>PEAK CPM S90V vieno rankos juodas peilis, puikus dizainas \u012fvairiai veiklai.<\/p>\n","protected":false},"featured_media":681107,"template":"","meta":{"_acf_changed":false},"product_brand":[15095],"product_cat":[15372,13726,15351],"product_tag":[],"class_list":{"0":"post-681041","1":"product","2":"type-product","3":"status-publish","4":"has-post-thumbnail","6":"product_brand-manly-knives","7":"product_cat-folding-knives-lt","8":"product_cat-kasdienio-nesiojimo-iranga","9":"product_cat-knives-lt","11":"first","12":"outofstock","13":"taxable","14":"shipping-taxable","15":"purchasable","16":"product-type-simple"},"acf":[],"_links":{"self":[{"href":"https:\/\/nbg.eu\/lt\/wp-json\/wp\/v2\/product\/681041","targetHints":{"allow":["GET"]}}],"collection":[{"href":"https:\/\/nbg.eu\/lt\/wp-json\/wp\/v2\/product"}],"about":[{"href":"https:\/\/nbg.eu\/lt\/wp-json\/wp\/v2\/types\/product"}],"wp:featuredmedia":[{"embeddable":true,"href":"https:\/\/nbg.eu\/lt\/wp-json\/wp\/v2\/media\/681107"}],"wp:attachment":[{"href":"https:\/\/nbg.eu\/lt\/wp-json\/wp\/v2\/media?parent=681041"}],"wp:term":[{"taxonomy":"product_brand","embeddable":true,"href":"https:\/\/nbg.eu\/lt\/wp-json\/wp\/v2\/product_brand?post=681041"},{"taxonomy":"product_cat","embeddable":true,"href":"https:\/\/nbg.eu\/lt\/wp-json\/wp\/v2\/product_cat?post=681041"},{"taxonomy":"product_tag","embeddable":true,"href":"https:\/\/nbg.eu\/lt\/wp-json\/wp\/v2\/product_tag?post=681041"}],"curies":[{"name":"wp","href":"https:\/\/api.w.org\/{rel}","templated":true}]}}