{"id":681161,"date":"2026-01-08T18:14:00","date_gmt":"2026-01-08T15:14:00","guid":{"rendered":"https:\/\/nbg.eu\/product\/manly-peak-black-14c28n\/"},"modified":"2026-01-21T11:41:25","modified_gmt":"2026-01-21T08:41:25","slug":"manly-peak-black-14c28n","status":"publish","type":"product","link":"https:\/\/nbg.eu\/lt\/produktas\/manly-peak-black-14c28n\/","title":{"rendered":"Manly PEAK BLACK 14C28N"},"content":{"rendered":"<h2>Vyri\u0161ka PEAK BLACK 14C28N \u2013 Universali kasdienio ne\u0161iojimo ki\u0161eninis peilis<\/h2>\n<p>T\u0119sdama Manly tradicij\u0105 si\u016blyti pagr\u012fstai kainuojan\u010dius, auk\u0161tos kokyb\u0117s ki\u0161eninius peilius, PEAK \u2013 14C28N Black (One Hand) yra daugiafunkci\u0161kumo ir prakti\u0161kumo \u012fk\u016bnijimas. Pagamintas kruop\u0161\u010diai, \u0161is sulenkiamas peilis turi 14C28N \u0161vedi\u0161k\u0105 plienin\u012f a\u0161menis ir G10 ranken\u0105, u\u017etikrinan\u010dius patvar\u0173 ir patikim\u0105 pjovimo \u012frank\u012f kasdien\u0117ms u\u017eduotims.<\/p>\n<p>Suprojektuotas naudoti abiem rankomis, apgr\u0119\u017eiamas spaustukas leid\u017eia lengvai pasiekti kairiarankiams ar de\u0161iniarankiams, tod\u0117l jis puikiai tinka tiek de\u0161iniarankiams, tiek kairiarankiams. U\u017erakinimo mechanizmas u\u017etikrina saug\u0173 ir patikim\u0105 fiksavim\u0105, kad a\u0161menys naudojant i\u0161likt\u0173 vietoje.<\/p>\n<p>Bendras ilgis 22 cm ir 9,4 cm a\u0161men\u0173 ilgis, PEAK \u2013 14C28N Black (One Hand) si\u016blo patog\u0173 ir valding\u0105 dyd\u012f, tinkant\u012f pla\u010diam taikym\u0173 diapazonui, nuo laisvalaikiui iki kasdieni\u0173 darb\u0173. Sv\u0117rimas 115 g u\u017etikrina tinkam\u0105 svor\u012f tarp masyvumo ir perkamumo, tod\u0117l \u0161is peilis yra patikimas ir universalus pasirinkimas kasdieniniam ne\u0161iojimui.<\/p>\n<p>Pasi\u017eymintis satino apdaila dengtu 14C28N a\u0161meniu ir \u0161varia juoda G10 rankena, PEAK \u2013 14C28N Black (One Hand) ne tik puikiai atlieka savo funkcijas, bet ir i\u0161siskiria stilinga bei modernia i\u0161vaizda, kuri tiks bet kokiam asmeniniam stiliui. Ar j\u016bs esate gamtos entuziastas, meistras ar tiesiog vertinate gerai pagamintus \u012frankius, Manly PEAK \u2013 14C28N Black (One Hand) yra puikus papildymas j\u016bs\u0173 kasdienio ne\u0161iojimo kolekcijai.<\/p>\n","protected":false},"excerpt":{"rendered":"<p>Manly PEAK BLACK 14C28N &#8211; Prieinamai kainuojamas sulankstomas peiliukas su 14C28N \u0160vedijos plienu, apkeistu spaustuku ir atgaliniu fiksatoriumi.<\/p>\n","protected":false},"featured_media":685051,"template":"","meta":{"_acf_changed":false},"product_brand":[15095],"product_cat":[13726],"product_tag":[],"class_list":{"0":"post-681161","1":"product","2":"type-product","3":"status-publish","4":"has-post-thumbnail","6":"product_brand-manly-knives","7":"product_cat-kasdienio-nesiojimo-iranga","9":"first","10":"instock","11":"taxable","12":"shipping-taxable","13":"purchasable","14":"product-type-simple"},"acf":[],"_links":{"self":[{"href":"https:\/\/nbg.eu\/lt\/wp-json\/wp\/v2\/product\/681161","targetHints":{"allow":["GET"]}}],"collection":[{"href":"https:\/\/nbg.eu\/lt\/wp-json\/wp\/v2\/product"}],"about":[{"href":"https:\/\/nbg.eu\/lt\/wp-json\/wp\/v2\/types\/product"}],"wp:featuredmedia":[{"embeddable":true,"href":"https:\/\/nbg.eu\/lt\/wp-json\/wp\/v2\/media\/685051"}],"wp:attachment":[{"href":"https:\/\/nbg.eu\/lt\/wp-json\/wp\/v2\/media?parent=681161"}],"wp:term":[{"taxonomy":"product_brand","embeddable":true,"href":"https:\/\/nbg.eu\/lt\/wp-json\/wp\/v2\/product_brand?post=681161"},{"taxonomy":"product_cat","embeddable":true,"href":"https:\/\/nbg.eu\/lt\/wp-json\/wp\/v2\/product_cat?post=681161"},{"taxonomy":"product_tag","embeddable":true,"href":"https:\/\/nbg.eu\/lt\/wp-json\/wp\/v2\/product_tag?post=681161"}],"curies":[{"name":"wp","href":"https:\/\/api.w.org\/{rel}","templated":true}]}}