{"id":681302,"date":"2025-12-17T14:50:21","date_gmt":"2025-12-17T11:50:21","guid":{"rendered":"https:\/\/nbg.eu\/product\/manly-patriotas-m-zalias-rwl-34\/"},"modified":"2026-01-21T11:39:47","modified_gmt":"2026-01-21T08:39:47","slug":"manly-patriotas-m-zalias-rwl-34","status":"publish","type":"product","link":"https:\/\/nbg.eu\/lt\/produktas\/manly-patriotas-m-zalias-rwl-34\/","title":{"rendered":"Manly PATRIOTAS M.\u017dALIAS RWL-34"},"content":{"rendered":"<h2>Manly PATRIOT M.GREEN RWL-34 &#8211; Universalus fiksuoto gele\u017et\u0117s peilis kasdieniniam ne\u0161iojimui<\/h2>\n<p>Su PATRIOT &#8211; RWL-34 karin\u0117s \u017ealios spalvos, &#8222;Manly&#8221; pristato fiksuot\u0105 savo s\u0117kmingos Comrade sulankstomo peilio versij\u0105. Beveik tomis pa\u010diomis dimensijomis, PATRIOT yra tobulas pasirinkimas kasdieniniam naudojimui, med\u017eioklei ir stovyklavimui. Pasi\u017eymintis satino apdailos gele\u017ete, pagaminta i\u0161 auk\u0161tos kokyb\u0117s RWL-34 plieno, \u0161is peilis derina patvarum\u0105 ir pjovimo veiksmingum\u0105. Pagamintas i\u0161 G10 arba rie\u0161utmed\u017eio ranken\u0173, PATRIOT si\u016blo patog\u0173 ir saug\u0173 su\u0117mim\u0105, u\u017etikrinant\u012f pasitik\u0117jim\u0105 \u012fvairiose situacijose.<\/p>\n<p>Bendras ilgis yra 21 cm, o gele\u017et\u0117s ilgis 9,1 cm, PATRIOT yra kompakti\u0161kas ir universalus \u012frankis. Keturi\u0173 milimetr\u0173 storio gele\u017et\u0117 u\u017etikrina pakankam\u0105 stiprum\u0105 ir standum\u0105, o bendras 126 gram\u0173 svoris u\u017etikrina gerai subalansuot\u0105 jausm\u0105. Apsaugomas patvaria Kydex mak\u0161timi, PATRIOT yra patikimas palydovas lauko entuziastams ir kasdieniniam ne\u0161iojimui.<\/p>\n","protected":false},"excerpt":{"rendered":"<p>Vyri\u0161kos PATRIOT M.GREEN RWL-34 &#8211; fiksuoto peilio karin\u0117 \u017ealia peilio a\u0161menys su satin RWL-34 plieno gele\u017ete ir G10 rankena.<\/p>\n","protected":false},"featured_media":681476,"template":"","meta":{"_acf_changed":false},"product_brand":[15095],"product_cat":[2876],"product_tag":[],"class_list":{"0":"post-681302","1":"product","2":"type-product","3":"status-publish","4":"has-post-thumbnail","6":"product_brand-manly-knives","7":"product_cat-rahohvatki","9":"first","10":"instock","11":"taxable","12":"shipping-taxable","13":"purchasable","14":"product-type-simple"},"acf":[],"_links":{"self":[{"href":"https:\/\/nbg.eu\/lt\/wp-json\/wp\/v2\/product\/681302","targetHints":{"allow":["GET"]}}],"collection":[{"href":"https:\/\/nbg.eu\/lt\/wp-json\/wp\/v2\/product"}],"about":[{"href":"https:\/\/nbg.eu\/lt\/wp-json\/wp\/v2\/types\/product"}],"wp:featuredmedia":[{"embeddable":true,"href":"https:\/\/nbg.eu\/lt\/wp-json\/wp\/v2\/media\/681476"}],"wp:attachment":[{"href":"https:\/\/nbg.eu\/lt\/wp-json\/wp\/v2\/media?parent=681302"}],"wp:term":[{"taxonomy":"product_brand","embeddable":true,"href":"https:\/\/nbg.eu\/lt\/wp-json\/wp\/v2\/product_brand?post=681302"},{"taxonomy":"product_cat","embeddable":true,"href":"https:\/\/nbg.eu\/lt\/wp-json\/wp\/v2\/product_cat?post=681302"},{"taxonomy":"product_tag","embeddable":true,"href":"https:\/\/nbg.eu\/lt\/wp-json\/wp\/v2\/product_tag?post=681302"}],"curies":[{"name":"wp","href":"https:\/\/api.w.org\/{rel}","templated":true}]}}