{"id":681516,"date":"2025-12-17T15:41:02","date_gmt":"2025-12-17T12:41:02","guid":{"rendered":"https:\/\/nbg.eu\/product\/manly-patriotas-d2-juodas\/"},"modified":"2026-01-21T11:39:36","modified_gmt":"2026-01-21T08:39:36","slug":"manly-patriotas-d2-juodas","status":"publish","type":"product","link":"https:\/\/nbg.eu\/lt\/produktas\/manly-patriotas-d2-juodas\/","title":{"rendered":"Manly PATRIOTAS D2 JUODAS"},"content":{"rendered":"<h2>Manly PATRIOT D2 BLACK: Kasdien\u0117s patogum\u0117s ir lauko daugialypi\u0161kumas<\/h2>\n<p>Pristatome Manly PATRIOT D2 BLACK, fiksuoto a\u0161men\u0173 peilio, kuris apjungia s\u0117kming\u0105 Comrade sulankstomo peilio dizain\u0105 su patobulinta kasdiene praktika. Pagamintas su beveik identi\u0161kais matmenimis, PATRIOT yra idealus pasirinkimas \u012fvairioms u\u017eduotims, nuo kasdienio naudojimo iki med\u017eiokl\u0117s ir stovyklavimo.<\/p>\n<p>Tur\u0117damas matin\u012f a\u0161men\u0173 pavir\u0161i\u0173, pagamint\u0105 i\u0161 1.2379 (D2) plieno, PATRIOT si\u016blo i\u0161skirtin\u012f na\u0161um\u0105 ir patvarum\u0105. Viso strypo konstrukcija u\u017etikrina patikim\u0105 stiprum\u0105 ir stabilum\u0105, paversdama \u0161\u012f peil\u012f patikimu palydovu bet kokioje situacijoje.<\/p>\n<p>Pasirenkant tarp G10 ar rie\u0161utmed\u017eio ranken\u0173, PATRIOT u\u017etikrina patog\u0173 ir saug\u0173 griebtuv\u0105, padidinant jo \u012fvairopum\u0105 ir naudotojui draugi\u0161kum\u0105. Kydex d\u0117klas si\u016blo saug\u0173 ir patog\u0173 b\u016bd\u0105 ne\u0161iotis peil\u012f, u\u017etikrinant lengv\u0105 prieig\u0105, kai jo reikia.<\/p>\n<p>Bendras ilgis &#8211; 21 cm, a\u0161men\u0173 ilgis &#8211; 9,1 cm, PATRIOT yra kompakti\u0161kas ir manevringas fiksuoto a\u0161men\u0173 peilis, i\u0161siskiriantis \u012fvairiose pritaikymo srityse. Jo 4 mm a\u0161men\u0173 storis ir 126g svoris u\u017etikrina tvirt\u0105 ir subalansuot\u0105 poj\u016bt\u012f, padarydamas j\u012f patikimu \u012frankiu bet kokiam lauko entuziastui ar kasdieniam naudotojui.<\/p>\n<p>Nesvarbu, ar susidursite su lauko nuotykiais, stovyklavimu, med\u017eiokle, ar tiesiog prireiks patikimo kasdieno peilio, Manly PATRIOT D2 BLACK yra tobulas pasirinkimas. Derinant funkcionalum\u0105, patvarum\u0105 ir modern\u0173 dizain\u0105, \u0161is fiksuoto a\u0161men\u0173 peilis yra b\u016btinyb\u0117 tiems, kurie ie\u0161ko \u012fvairaus ir patikimo pjovimo \u012frankio.<\/p>\n","protected":false},"excerpt":{"rendered":"<p>Vyri\u0161kasis PATRIOT D2 JUODAS: Kasdieninis fiksuoto peilio peilis, 21 cm i\u0161 viso, 9,1 cm D2 plieno gele\u017et\u0117, 126 g, G10 rankena.<\/p>\n","protected":false},"featured_media":681581,"template":"","meta":{"_acf_changed":false},"product_brand":[15095],"product_cat":[2876],"product_tag":[],"class_list":{"0":"post-681516","1":"product","2":"type-product","3":"status-publish","4":"has-post-thumbnail","6":"product_brand-manly-knives","7":"product_cat-rahohvatki","9":"first","10":"instock","11":"taxable","12":"shipping-taxable","13":"purchasable","14":"product-type-simple"},"acf":[],"_links":{"self":[{"href":"https:\/\/nbg.eu\/lt\/wp-json\/wp\/v2\/product\/681516","targetHints":{"allow":["GET"]}}],"collection":[{"href":"https:\/\/nbg.eu\/lt\/wp-json\/wp\/v2\/product"}],"about":[{"href":"https:\/\/nbg.eu\/lt\/wp-json\/wp\/v2\/types\/product"}],"wp:featuredmedia":[{"embeddable":true,"href":"https:\/\/nbg.eu\/lt\/wp-json\/wp\/v2\/media\/681581"}],"wp:attachment":[{"href":"https:\/\/nbg.eu\/lt\/wp-json\/wp\/v2\/media?parent=681516"}],"wp:term":[{"taxonomy":"product_brand","embeddable":true,"href":"https:\/\/nbg.eu\/lt\/wp-json\/wp\/v2\/product_brand?post=681516"},{"taxonomy":"product_cat","embeddable":true,"href":"https:\/\/nbg.eu\/lt\/wp-json\/wp\/v2\/product_cat?post=681516"},{"taxonomy":"product_tag","embeddable":true,"href":"https:\/\/nbg.eu\/lt\/wp-json\/wp\/v2\/product_tag?post=681516"}],"curies":[{"name":"wp","href":"https:\/\/api.w.org\/{rel}","templated":true}]}}