{"id":681797,"date":"2025-12-17T15:55:16","date_gmt":"2025-12-17T12:55:16","guid":{"rendered":"https:\/\/nbg.eu\/product\/manlio-miestas-oranzine-cpm-s90v\/"},"modified":"2026-01-21T12:29:09","modified_gmt":"2026-01-21T09:29:09","slug":"manlio-miestas-oranzine-cpm-s90v","status":"publish","type":"product","link":"https:\/\/nbg.eu\/lt\/produktas\/manlio-miestas-oranzine-cpm-s90v\/","title":{"rendered":"Manlio miestas Oran\u017ein\u0117 CPM S90V"},"content":{"rendered":"<h2>Manly City CPM S90V- Kasdieninis lenkiamas peilis<\/h2>\n<p>Kaip ir pavadinimas teigia, Manly City CPM S90V yra i\u0161skirtinis kasdieninis miesto peilis. Jis atspindi Manly filosofij\u0105, kuri si\u016blo vartotojams r\u016bpestingai parinkt\u0173 auk\u0161\u010diausios kokyb\u0117s med\u017eiag\u0173 u\u017e pagr\u012fst\u0105 kain\u0105. Plok\u0161\u010dias gele\u017et\u0117 pagaminta i\u0161 auk\u0161tos kokyb\u0117s CPM S90V plieno, su Rokvelio kietumu nuo 60 iki 62 HRC, u\u017etikrinant puik\u0173 a\u0161men\u0173 patvarum\u0105 ir atsparum\u0105 korozijai.<\/p>\n<p>\u0160is modelis suprojektuotas de\u0161in\u0117je ir kair\u0117je rankai naudoti, nes turi apgr\u0119\u017eiam\u0105 ki\u0161en\u0117s klip\u0105 ir dviej\u0173 pad\u0117\u010di\u0173 \u012ftais\u0105, tinkant\u012f tiek kairiarankiams, tiek de\u0161iniarankiams. G10 rankena u\u017etikrina tvirt\u0105 ir patog\u0173 laikym\u0105, o vienos rankos atidarymas ir fiksavimo mechanizmas garantuoja patikim\u0105 veikim\u0105.<\/p>\n<p>Su 17,7 cm bendru ilgiu ir 7,0 cm a\u0161men\u0173 ilgiu, Manly City CPM S90V yra universalus kasdieninis peilis, derindamas auk\u0161\u010diausios kokyb\u0117s med\u017eiagas, puikius eksploatacinius parametrus ir vartotojui patogias savybes. Sverianti tik 95 g, ji yra lengva ir lengvai ne\u0161iojama palydov\u0117 \u012fvairioms kasdien\u0117ms u\u017eduotims.<\/p>\n","protected":false},"excerpt":{"rendered":"<p>Kasdieninis ne\u0161iojamas EDC peilis. CPM S90V plieno a\u0161menys, G10 rankena, apver\u010diamas spaustukas, tinkamas kairiarankiams ir de\u0161iniarankiams.<\/p>\n","protected":false},"featured_media":682116,"template":"","meta":{"_acf_changed":false},"product_brand":[15095],"product_cat":[13726],"product_tag":[],"class_list":{"0":"post-681797","1":"product","2":"type-product","3":"status-publish","4":"has-post-thumbnail","6":"product_brand-manly-knives","7":"product_cat-kasdienio-nesiojimo-iranga","9":"first","10":"instock","11":"taxable","12":"shipping-taxable","13":"purchasable","14":"product-type-simple"},"acf":[],"_links":{"self":[{"href":"https:\/\/nbg.eu\/lt\/wp-json\/wp\/v2\/product\/681797","targetHints":{"allow":["GET"]}}],"collection":[{"href":"https:\/\/nbg.eu\/lt\/wp-json\/wp\/v2\/product"}],"about":[{"href":"https:\/\/nbg.eu\/lt\/wp-json\/wp\/v2\/types\/product"}],"wp:featuredmedia":[{"embeddable":true,"href":"https:\/\/nbg.eu\/lt\/wp-json\/wp\/v2\/media\/682116"}],"wp:attachment":[{"href":"https:\/\/nbg.eu\/lt\/wp-json\/wp\/v2\/media?parent=681797"}],"wp:term":[{"taxonomy":"product_brand","embeddable":true,"href":"https:\/\/nbg.eu\/lt\/wp-json\/wp\/v2\/product_brand?post=681797"},{"taxonomy":"product_cat","embeddable":true,"href":"https:\/\/nbg.eu\/lt\/wp-json\/wp\/v2\/product_cat?post=681797"},{"taxonomy":"product_tag","embeddable":true,"href":"https:\/\/nbg.eu\/lt\/wp-json\/wp\/v2\/product_tag?post=681797"}],"curies":[{"name":"wp","href":"https:\/\/api.w.org\/{rel}","templated":true}]}}