{"id":682139,"date":"2026-01-08T18:13:52","date_gmt":"2026-01-08T15:13:52","guid":{"rendered":"https:\/\/nbg.eu\/product\/maniskasis-karinis-14c28n\/"},"modified":"2026-01-21T11:41:31","modified_gmt":"2026-01-21T08:41:31","slug":"maniskasis-karinis-14c28n","status":"publish","type":"product","link":"https:\/\/nbg.eu\/lt\/produktas\/maniskasis-karinis-14c28n\/","title":{"rendered":"Mani\u0161kasis karinis 14C28N"},"content":{"rendered":"<h2>Manly City Military 14C28N: I\u0161skirtinis kasdieninis peilis<\/h2>\n<p>Manly City Military 14C28N yra i\u0161skirtinis kasdieninis miesto peilis, kuris \u012fk\u016bnija m\u016bs\u0173 filosofij\u0105 teikti r\u016bpestingai parinkt\u0173 pagrindini\u0173 med\u017eiag\u0173 u\u017e prieinam\u0105 kain\u0105. Su plok\u0161\u010diu pjaunamuoju a\u0161meniu, pagamintu i\u0161 Sandvik 14C28N plieno, \u0161is modelis yra sukurtas universalumui ir patogumui.<\/p>\n<p>Turintis apver\u010diam\u0105 s\u0105var\u017e\u0105 ir dviej\u0173 pad\u0117\u010di\u0173 ki\u0161en\u0119, Manly City Military 14C28N tinka tiek kairin\u0117ms, tiek de\u0161inin\u0117ms rankoms, u\u017etikrindamas patogi\u0105 ir pritaikom\u0105 ranken\u0105. G10 rankenos med\u017eiaga suteikia saug\u0173 ir tvirt\u0105 laikym\u0105, o viena ranka atidaromas ir fiksuojamas mechanizmas u\u017etikrina skland\u0173 ir patikim\u0105 naudojim\u0105.<\/p>\n<p>Technin\u0117s specifikacijos:<\/p>\n<ul>\n<li>Modelis: CITY 14C28N Military Green Flat Handle<\/li>\n<li>Tipas: Sulankstomas peilis<\/li>\n<li>Bendras ilgis: 17,7 cm<\/li>\n<li>A\u0161mens ilgis: 7,0 cm<\/li>\n<li>Ilgis sulankstus: 10,5 cm<\/li>\n<li>A\u0161mens storis: 2,7 mm<\/li>\n<li>Svoris: 95 g<\/li>\n<li>A\u0161mens med\u017eiaga: 14C28N<\/li>\n<li>Rankenos med\u017eiaga: G10<\/li>\n<li>Atidarymas: Nyk\u0161\u010dio smaigalas<\/li>\n<li>Atidarymas: Viena ranka<\/li>\n<li>U\u017erakto tipas: U\u017eblokavimo spyna<\/li>\n<\/ul>\n","protected":false},"excerpt":{"rendered":"<p>Manly City Military 14C28N yra nepaprastas kasdienis miesto peilis, pagamintas i\u0161 Sandvik 14C28N plieno ir G10 rankenos, tinkantis kairiarankiams ir de\u0161iniarankiams.<\/p>\n","protected":false},"featured_media":682339,"template":"","meta":{"_acf_changed":false},"product_brand":[15095],"product_cat":[13726],"product_tag":[],"class_list":{"0":"post-682139","1":"product","2":"type-product","3":"status-publish","4":"has-post-thumbnail","6":"product_brand-manly-knives","7":"product_cat-kasdienio-nesiojimo-iranga","9":"first","10":"instock","11":"taxable","12":"shipping-taxable","13":"purchasable","14":"product-type-simple"},"acf":[],"_links":{"self":[{"href":"https:\/\/nbg.eu\/lt\/wp-json\/wp\/v2\/product\/682139","targetHints":{"allow":["GET"]}}],"collection":[{"href":"https:\/\/nbg.eu\/lt\/wp-json\/wp\/v2\/product"}],"about":[{"href":"https:\/\/nbg.eu\/lt\/wp-json\/wp\/v2\/types\/product"}],"wp:featuredmedia":[{"embeddable":true,"href":"https:\/\/nbg.eu\/lt\/wp-json\/wp\/v2\/media\/682339"}],"wp:attachment":[{"href":"https:\/\/nbg.eu\/lt\/wp-json\/wp\/v2\/media?parent=682139"}],"wp:term":[{"taxonomy":"product_brand","embeddable":true,"href":"https:\/\/nbg.eu\/lt\/wp-json\/wp\/v2\/product_brand?post=682139"},{"taxonomy":"product_cat","embeddable":true,"href":"https:\/\/nbg.eu\/lt\/wp-json\/wp\/v2\/product_cat?post=682139"},{"taxonomy":"product_tag","embeddable":true,"href":"https:\/\/nbg.eu\/lt\/wp-json\/wp\/v2\/product_tag?post=682139"}],"curies":[{"name":"wp","href":"https:\/\/api.w.org\/{rel}","templated":true}]}}