{"id":682362,"date":"2026-01-09T22:09:00","date_gmt":"2026-01-09T19:09:00","guid":{"rendered":"https:\/\/nbg.eu\/product\/manli-miestas-g10-juoda-s90v\/"},"modified":"2026-01-21T12:28:45","modified_gmt":"2026-01-21T09:28:45","slug":"manli-miestas-g10-juoda-s90v","status":"publish","type":"product","link":"https:\/\/nbg.eu\/lt\/produktas\/manli-miestas-g10-juoda-s90v\/","title":{"rendered":"Manli Miestas G10 Juoda S90V"},"content":{"rendered":"<h2>\u201eManly City G10 Black S90V&#8221;: i\u0161skirtinis kasdieninis peilys<\/h2>\n<p>Kaip ir pavadinimas rodo, \u201eManly City G10 Black S90V&#8221; yra i\u0161skirtinis kasdienis miesto peilis. Pagamintas vadovaujantis m\u016bs\u0173 filosofija, si\u016blan\u010dia vartotojams kruop\u0161\u010diai atrinkt\u0173 auk\u0161\u010diausios kokyb\u0117s med\u017eiag\u0173 u\u017e pagr\u012fst\u0105 kain\u0105, \u0161is sulenkiamas peilis giriasi visu plok\u0161\u010diu gele\u017et\u0117s dizainu, pagamintu i\u0161 CPM S90V plieno, kurio Rokvelio kietumas siekia 60-62 HRC. Reversinis ki\u0161eninis klipas ir dviguba \u012ftvirtinimo pozicija u\u017etikrina, kad \u0161is peilis tinka tiek kairiarankiams, tiek de\u0161iniarankiams.<\/p>\n<p>Bendras 17,7 cm ilgio, su 7,0 cm ilgio gele\u017ete ir 10,5 cm sulenkimo ilgiu, \u0161is peilis pasi\u017eymi 2,7 mm storio gele\u017ete ir sveria vos 95 g. Rankena pagaminta i\u0161 tvirto 3D G10 materialo, o peilis gali b\u016bti atidarytas viena ranka naudojant nyk\u0161\u010dio kai\u0161t\u012f. Tvirta u\u017erakinimo sistema u\u017etikrina saug\u0173 ir patikim\u0105 gele\u017et\u0117s i\u0161skleidim\u0105.<\/p>\n<p>Pasiekiamas prabangiu juodu atspalviu, \u201eManly City G10 Black S90V&#8221; yra tobulas kasdieninio ne\u0161iojimo palydovas, suderinantis auk\u0161\u010diausios klas\u0117s eksploatacines savybes ir kokybi\u0161k\u0105 konstrukcij\u0105 u\u017e prieinam\u0105 kain\u0105.<\/p>\n","protected":false},"excerpt":{"rendered":"<p>I\u0161skirtinis kasdienis miesto peilis su CPM S90V gele\u017ete, 3D G10 rankena ir apversiam klipu.<\/p>\n","protected":false},"featured_media":682581,"template":"","meta":{"_acf_changed":false},"product_brand":[15095],"product_cat":[15372,13726,15351],"product_tag":[],"class_list":{"0":"post-682362","1":"product","2":"type-product","3":"status-publish","4":"has-post-thumbnail","6":"product_brand-manly-knives","7":"product_cat-folding-knives-lt","8":"product_cat-kasdienio-nesiojimo-iranga","9":"product_cat-knives-lt","11":"first","12":"outofstock","13":"taxable","14":"shipping-taxable","15":"purchasable","16":"product-type-simple"},"acf":[],"_links":{"self":[{"href":"https:\/\/nbg.eu\/lt\/wp-json\/wp\/v2\/product\/682362","targetHints":{"allow":["GET"]}}],"collection":[{"href":"https:\/\/nbg.eu\/lt\/wp-json\/wp\/v2\/product"}],"about":[{"href":"https:\/\/nbg.eu\/lt\/wp-json\/wp\/v2\/types\/product"}],"wp:featuredmedia":[{"embeddable":true,"href":"https:\/\/nbg.eu\/lt\/wp-json\/wp\/v2\/media\/682581"}],"wp:attachment":[{"href":"https:\/\/nbg.eu\/lt\/wp-json\/wp\/v2\/media?parent=682362"}],"wp:term":[{"taxonomy":"product_brand","embeddable":true,"href":"https:\/\/nbg.eu\/lt\/wp-json\/wp\/v2\/product_brand?post=682362"},{"taxonomy":"product_cat","embeddable":true,"href":"https:\/\/nbg.eu\/lt\/wp-json\/wp\/v2\/product_cat?post=682362"},{"taxonomy":"product_tag","embeddable":true,"href":"https:\/\/nbg.eu\/lt\/wp-json\/wp\/v2\/product_tag?post=682362"}],"curies":[{"name":"wp","href":"https:\/\/api.w.org\/{rel}","templated":true}]}}