{"id":682592,"date":"2026-01-09T22:08:59","date_gmt":"2026-01-09T19:08:59","guid":{"rendered":"https:\/\/nbg.eu\/product\/manly-city-black-14c28n\/"},"modified":"2026-01-21T12:29:38","modified_gmt":"2026-01-21T09:29:38","slug":"manly-city-black-14c28n","status":"publish","type":"product","link":"https:\/\/nbg.eu\/lt\/produktas\/manly-city-black-14c28n\/","title":{"rendered":"Manly City Black 14C28N"},"content":{"rendered":"<h2>Manly City Black 14C28N: I\u0161skirtinis kasdienis miesto peilis<\/h2>\n<p>Manly City Black 14C28N yra i\u0161skirtinis kasdienis miesto peilis, atspindintis m\u016bs\u0173 filosofij\u0105 pasi\u016blyti vartotojams r\u016bpestingai atrinkt\u0105 pirmin\u0119 med\u017eiag\u0105 u\u017e prieinam\u0105 kain\u0105. Turintis viso auk\u0161\u010dio a\u0161menis i\u0161 patvaraus Sandvik 14C28N plieno, \u0161is sulankstomas peilis sukurtas b\u016bti patikimu palydovu kasdienin\u0117ms u\u017eduotims atlikti.<\/p>\n<p>Su viso ilgio 17,7 cm ir 7,0 cm a\u0161men\u0173 ilgio, Manly City Black 14C28N yra kompakti\u0161kas ir universalus \u012frankis. Sulankstytoje b\u016bsenoje jis matuoja 10,5 cm, tod\u0117l j\u012f lengva ne\u0161ioti ir laikyti. 2,7 mm a\u0161men\u0173 storis ir 95 g bendras svoris u\u017etikrina subalansuot\u0105 ir patog\u0173 naudojimo patyrim\u0105.<\/p>\n<p>Viena i\u0161 \u0161io peilio i\u0161skirtini\u0173 savybi\u0173 yra apver\u010diamas klipsas, tinkantis ir kairinei, ir de\u0161ininei rankoms. Rankenos med\u017eiaga yra patvar\u016bs G10, u\u017etikrinantys saugi\u0105 ir neslystan\u010di\u0105 laikysen\u0105, net ir \u0161lapiomis ar sunkiomis s\u0105lygomis.<\/p>\n<p>Apr\u016bpintas dviej\u0173 rank\u0173 atidarymo mechanizmu ir patikimu fiksavimo mechanizmu, Manly City Black 14C28N si\u016blo saug\u0173 ir u\u017etikrint\u0105 naudojim\u0105, u\u017etikrinant\u012f, kad j\u016bs\u0173 pjovimo u\u017eduotys atliekamos pasitik\u0117jimu ir tikslumu. \u0160velnus juodos spalvos apdailos sprendimas suteikia peiliui modern\u0173 ir rafinuot\u0105 i\u0161vaizd\u0105, padarydamas j\u012f stilingu kasdienio ne\u0161iojimo pasirinkimu.<\/p>\n","protected":false},"excerpt":{"rendered":"<p>Manly City Black 14C28N yra i\u0161skirtinis kasdieninis miesto peilis, kurio gele\u017et\u0117 pagaminta i\u0161 Sandvik 14C28N plieno ir turi atvirk\u0161tin\u012f skl\u0105st\u012f, tinkant\u012f kairiarankiams ir de\u0161iniarankiams.<\/p>\n","protected":false},"featured_media":682719,"template":"","meta":{"_acf_changed":false},"product_brand":[15095],"product_cat":[15372,13726,15351],"product_tag":[],"class_list":{"0":"post-682592","1":"product","2":"type-product","3":"status-publish","4":"has-post-thumbnail","6":"product_brand-manly-knives","7":"product_cat-folding-knives-lt","8":"product_cat-kasdienio-nesiojimo-iranga","9":"product_cat-knives-lt","11":"first","12":"instock","13":"taxable","14":"shipping-taxable","15":"purchasable","16":"product-type-simple"},"acf":[],"_links":{"self":[{"href":"https:\/\/nbg.eu\/lt\/wp-json\/wp\/v2\/product\/682592","targetHints":{"allow":["GET"]}}],"collection":[{"href":"https:\/\/nbg.eu\/lt\/wp-json\/wp\/v2\/product"}],"about":[{"href":"https:\/\/nbg.eu\/lt\/wp-json\/wp\/v2\/types\/product"}],"wp:featuredmedia":[{"embeddable":true,"href":"https:\/\/nbg.eu\/lt\/wp-json\/wp\/v2\/media\/682719"}],"wp:attachment":[{"href":"https:\/\/nbg.eu\/lt\/wp-json\/wp\/v2\/media?parent=682592"}],"wp:term":[{"taxonomy":"product_brand","embeddable":true,"href":"https:\/\/nbg.eu\/lt\/wp-json\/wp\/v2\/product_brand?post=682592"},{"taxonomy":"product_cat","embeddable":true,"href":"https:\/\/nbg.eu\/lt\/wp-json\/wp\/v2\/product_cat?post=682592"},{"taxonomy":"product_tag","embeddable":true,"href":"https:\/\/nbg.eu\/lt\/wp-json\/wp\/v2\/product_tag?post=682592"}],"curies":[{"name":"wp","href":"https:\/\/api.w.org\/{rel}","templated":true}]}}