{"id":683277,"date":"2025-12-17T17:30:35","date_gmt":"2025-12-17T14:30:35","guid":{"rendered":"https:\/\/nbg.eu\/product\/manli-blaizdas-g10-rwl-34\/"},"modified":"2026-01-21T11:41:30","modified_gmt":"2026-01-21T08:41:30","slug":"manli-blaizdas-g10-rwl-34","status":"publish","type":"product","link":"https:\/\/nbg.eu\/lt\/produktas\/manli-blaizdas-g10-rwl-34\/","title":{"rendered":"Manli blaizdas G10 RWL-34"},"content":{"rendered":"<h2>Vyri\u0161kasis &#8222;Blaze Black G10 RWL-34&#8221; &#8211; pats geriausias i\u0161gyvenimo peilys<\/h2>\n<p>&#8222;Blaze RWL-34 Black&#8221; yra idealus i\u0161gyvenimo peilis. Su fiksuotu gele\u017ete ir vientisa konstrukcija + auk\u0161tos kokyb\u0117s RWL-34 miltelin\u0117 plieno danga, \u0161io peilio patvarumas garantuotas. Rankena pagaminta i\u0161 text\u016bruoto juodo G10, atsparios korozijai. Peil\u012f galima lengvai i\u0161imti i\u0161 d\u0117klo (pagaminto i\u0161 kydex) viena ranka, o dir\u017eo laikiklis gali b\u016bti horizontalus arba vertikalus.<\/p>\n<p>Jei jums reikia patikimo peilio kalnuose, stovyklaukite ar \u017evejokite, &#8222;Blaze&#8221; tai jums.<\/p>\n<h2>Technin\u0117s specifikacijos<\/h2>\n<p>Pavadinimas: &#8222;Blaze &#8211; RWL-34 Black&#8221;<br \/>\nTipas: Fiksuoto a\u0161mens<br \/>\nBendras ilgis: 24,5 cm<br \/>\nA\u0161mens ilgis: 11,9 cm<br \/>\nA\u0161mens storis: 4 mm<br \/>\nPjovimo briaunos kietumas: 62 hrc<br \/>\nSvoris: 210g<br \/>\nA\u0161mens med\u017eiaga: RWL-34<br \/>\nRankenos med\u017eiaga: G10<br \/>\nD\u0117klo med\u017eiaga: Kydex<\/p>\n","protected":false},"excerpt":{"rendered":"<p>Blaze RWL-34 juodas: tobulas \u201eBushcraft&#8221; peilis su fiksuotu plieniniu a\u0161menimis, vientisu koteliu ir RWL-34 miltelin\u0117s plieno konstrukcija.<\/p>\n","protected":false},"featured_media":683316,"template":"","meta":{"_acf_changed":false},"product_brand":[15095],"product_cat":[2876],"product_tag":[],"class_list":{"0":"post-683277","1":"product","2":"type-product","3":"status-publish","4":"has-post-thumbnail","6":"product_brand-manly-knives","7":"product_cat-rahohvatki","9":"first","10":"instock","11":"taxable","12":"shipping-taxable","13":"purchasable","14":"product-type-simple"},"acf":[],"_links":{"self":[{"href":"https:\/\/nbg.eu\/lt\/wp-json\/wp\/v2\/product\/683277","targetHints":{"allow":["GET"]}}],"collection":[{"href":"https:\/\/nbg.eu\/lt\/wp-json\/wp\/v2\/product"}],"about":[{"href":"https:\/\/nbg.eu\/lt\/wp-json\/wp\/v2\/types\/product"}],"wp:featuredmedia":[{"embeddable":true,"href":"https:\/\/nbg.eu\/lt\/wp-json\/wp\/v2\/media\/683316"}],"wp:attachment":[{"href":"https:\/\/nbg.eu\/lt\/wp-json\/wp\/v2\/media?parent=683277"}],"wp:term":[{"taxonomy":"product_brand","embeddable":true,"href":"https:\/\/nbg.eu\/lt\/wp-json\/wp\/v2\/product_brand?post=683277"},{"taxonomy":"product_cat","embeddable":true,"href":"https:\/\/nbg.eu\/lt\/wp-json\/wp\/v2\/product_cat?post=683277"},{"taxonomy":"product_tag","embeddable":true,"href":"https:\/\/nbg.eu\/lt\/wp-json\/wp\/v2\/product_tag?post=683277"}],"curies":[{"name":"wp","href":"https:\/\/api.w.org\/{rel}","templated":true}]}}