{"id":683368,"date":"2025-12-17T17:40:13","date_gmt":"2025-12-17T14:40:13","guid":{"rendered":"https:\/\/nbg.eu\/product\/vyriskas-liepsnojantis-juodas-g10-d2\/"},"modified":"2026-01-21T11:39:01","modified_gmt":"2026-01-21T08:39:01","slug":"vyriskas-liepsnojantis-juodas-g10-d2","status":"publish","type":"product","link":"https:\/\/nbg.eu\/lt\/produktas\/vyriskas-liepsnojantis-juodas-g10-d2\/","title":{"rendered":"Vyri\u0161kas Liepsnojantis Juodas G10 D2"},"content":{"rendered":"<h2>Blaze D2 Black: Patikimas I\u0161gyvenimo Peilis Laukin\u0117s Gamtos Nuotykiams<\/h2>\n<p>Blaze D2 Black yra idealus i\u0161gyvenimo peilis, skirtas atlaikioms lauko s\u0105lygoms. Su savo fiksuota gele\u017ete ir visu ratu konstrukcija, \u0161is peilis si\u016blo nepalyginam\u0105 stabilum\u0105 ir patvarum\u0105, u\u017etikrinant\u012f, kad jis atlaikys sunkiausius darbus. Tekst\u016bruota juoda G10 rankena yra atspari korozijai, suteikianti patikim\u0105 griebtuv\u0105 net ir \u0161lapiomis s\u0105lygomis.<\/p>\n<p>Blaze gali b\u016bti lengvai i\u0161imtas i\u0161 savo Kydex \u012fmaut\u0117s viena ranka, leid\u017eiant greitai pasiekti, kai to labiausiai reikia. Universali dir\u017eo tvirtinimo sistema gali b\u016bti pozicionuojama horizontaliai arba vertikaliai, padarant j\u012f patog\u0173 ne\u0161iotis per nuotykius.<\/p>\n<p>Nesvarbu, ar j\u016bs sprend\u017eiate laukin\u0117s gamtos i\u0161\u0161\u016bkius, stovyklaujate ar \u017evejojate, Blaze D2 Black yra patikimas palydovas, kuriuo galite pasitik\u0117ti. Pagamintas su tikslumu, \u0161is peilis turi 61HRC a\u0161men\u0173 kietum\u0105, u\u017etikrinant\u012f, kad jis lengvai susitvarkys su \u012fvairiais u\u017eduo\u010di\u0173. Su savo 1.2379 (D2) a\u0161men\u0173 med\u017eiaga ir tvirta konstrukcija, Blaze D2 Black yra sukurtas i\u0161likti, padarydamas j\u012f esminiu \u012frankiu bet kuriam lauko entuziastui.<\/p>\n","protected":false},"excerpt":{"rendered":"<p>Blaze D2 Juoda &#8211; tobulas Bushcraft peilis. Tekst\u016bruota G10 rankena, D2 plieno gele\u017et\u0117, Kydex \u012fd\u0117klas.<\/p>\n","protected":false},"featured_media":683422,"template":"","meta":{"_acf_changed":false},"product_brand":[15095],"product_cat":[2876],"product_tag":[],"class_list":{"0":"post-683368","1":"product","2":"type-product","3":"status-publish","4":"has-post-thumbnail","6":"product_brand-manly-knives","7":"product_cat-rahohvatki","9":"first","10":"instock","11":"taxable","12":"shipping-taxable","13":"purchasable","14":"product-type-simple"},"acf":[],"_links":{"self":[{"href":"https:\/\/nbg.eu\/lt\/wp-json\/wp\/v2\/product\/683368","targetHints":{"allow":["GET"]}}],"collection":[{"href":"https:\/\/nbg.eu\/lt\/wp-json\/wp\/v2\/product"}],"about":[{"href":"https:\/\/nbg.eu\/lt\/wp-json\/wp\/v2\/types\/product"}],"wp:featuredmedia":[{"embeddable":true,"href":"https:\/\/nbg.eu\/lt\/wp-json\/wp\/v2\/media\/683422"}],"wp:attachment":[{"href":"https:\/\/nbg.eu\/lt\/wp-json\/wp\/v2\/media?parent=683368"}],"wp:term":[{"taxonomy":"product_brand","embeddable":true,"href":"https:\/\/nbg.eu\/lt\/wp-json\/wp\/v2\/product_brand?post=683368"},{"taxonomy":"product_cat","embeddable":true,"href":"https:\/\/nbg.eu\/lt\/wp-json\/wp\/v2\/product_cat?post=683368"},{"taxonomy":"product_tag","embeddable":true,"href":"https:\/\/nbg.eu\/lt\/wp-json\/wp\/v2\/product_tag?post=683368"}],"curies":[{"name":"wp","href":"https:\/\/api.w.org\/{rel}","templated":true}]}}