{"id":683434,"date":"2025-12-17T18:06:26","date_gmt":"2025-12-17T15:06:26","guid":{"rendered":"https:\/\/nbg.eu\/product\/nocpix-m6t25s-termine-automobiline-kamera-su-ismaniuoju-aptikimu-karstu-objektu\/"},"modified":"2026-01-21T11:45:00","modified_gmt":"2026-01-21T08:45:00","slug":"nocpix-m6t25s-termine-automobiline-kamera-su-ismaniuoju-aptikimu-karstu-objektu","status":"publish","type":"product","link":"https:\/\/nbg.eu\/lt\/produktas\/nocpix-m6t25s-termine-automobiline-kamera-su-ismaniuoju-aptikimu-karstu-objektu\/","title":{"rendered":"Nocpix M6T25S Termin\u0117 automobilin\u0117 kamera su i\u0161maniuoju aptikimu kar\u0161t\u0173 objekt\u0173"},"content":{"rendered":"<h2>Nocpix M6T25S Termin\u0117 automobilin\u0117 kamera su i\u0161maniuoju kar\u0161to objekto aptikimu<\/h2>\n<p>Pristatome Nocpix MT serijos, inovatyv\u0173 Nocpix projekt\u0105, specialiai sukurt\u0105 med\u017eioklei. Tai yra j\u016bs\u0173 idealus pasirinkimas ne tik va\u017eiuojant med\u017eiojant, bet ir pritaikomas \u012fvairioms med\u017eiokl\u0117s metodams ir \u012fpro\u010diams. Apr\u016bpinta pa\u017eangiais AI modeliais ir didel\u0117s spartos skai\u010diavimo galia, MT u\u017etikrina stabil\u0173 veikim\u0105 net ir vairuojant, turi tiksl\u0173 grobio aptikim\u0105, u\u017erakto ir sekimo funkcijas, tiekia auk\u0161tos kokyb\u0117s vaizdus ir i\u0161skirtin\u0119 med\u017eiokl\u0117s patirt\u012f.<\/p>\n<h2>AI i\u0161manusis na\u0161umas<\/h2>\n<p>Naudodama YOLO V5 giluminio mokymosi model\u012f ir 2T skai\u010diavimo gali\u0105, \u0161i sistema sukurta j\u016bs\u0173 med\u017eiokl\u0117s patir\u010diai pagerinti. Giluminio mokymosi modelis, i\u0161mokytas mil\u017eini\u0161ko duomen\u0173 rinkinio, leid\u017eia greit\u0105 automatin\u012f grobio atpa\u017einim\u0105 ir sekim\u0105, su tiksliais apribojimo langeliais tiksliniam \u017eym\u0117jimui. Tai daro vis\u0105 med\u017eiokl\u0117s proces\u0105 &#8211; identifikavim\u0105, taikin\u012f ir sekim\u0105 &#8211; daug lengvesn\u012f ir sklandesn\u012f, suma\u017einant j\u016bs\u0173 pastangas, reikalingas kiekvienam \u017eingsniui atlikti.<\/p>\n<h2>Bekontaktis 360\u00b0 panoraminis vaizdas, 90\u00b0 polinkio diapazonas<\/h2>\n<p>MT si\u016blo plat\u0173 360\u00b0 panoramin\u012f vaizd\u0105 su 90\u00b0 polinkio diapazonu, u\u017etikrinantis visapus\u012f apr\u0117pt\u012f. Tai garantuoja visapus\u012f, nenutr\u016bkstam\u0105 j\u016bs\u0173 grobio sekim\u0105, be joki\u0173 akl\u0173j\u0173 zon\u0173.<\/p>\n<h2>Galutin\u0117 stabilizacija<\/h2>\n<p>2 a\u0161i\u0173 stabilizacija suteikia MT galimyb\u0119 pateikti stabil\u0173 vaizd\u0105, automatinis kalibravimas koreguoja objektyvo poslink\u012f, kur\u012f sukelia kelio nelygumai arba bet kokie i\u0161oriniai aplinkos veiksniai, i\u0161laiko pastovi\u0105 krypt\u012f.<\/p>\n<h2>Itin tyli vartotojo patirtis<\/h2>\n<p>M6T25S naudoja bekontakt\u012f varikl\u012f 360 laipsni\u0173 horizontaliam sukimui ir dinamin\u012f balansavimo dizain\u0105, tai rei\u0161kia, kad jis veikia \u017eemu decibel\u0173 lygiu sukdamasis ir keisdamas polink\u012f, u\u017etikrindamas, kad j\u016bs\u0173 med\u017eiokl\u0117s patirtis i\u0161likt\u0173 nepertraukiama ir m\u0117gaujama.<\/p>\n<h2>\u012evairios jungtys ir terminal\u0173 rodymo metodai<\/h2>\n<p>Kad b\u016bt\u0173 galima pritaikyti prie \u012fvairi\u0173 naudojimo \u012fpro\u010di\u0173 ir scenarij\u0173, palaikomos dvi jungiamosios priemon\u0117s: kabelis ir WIFI. Kabelio jungtis u\u017etikrina santykinai stabilesn\u012f vaizdo perdavim\u0105, o WIFI si\u016blo patogesn\u0119 ir beviel\u0119 patirt\u012f. Realiojo laiko vaizdo perdavimas galimas bet kuriame \u012frenginyje su \u012fdiegta Nocpix program\u0117le, \u012fskaitant, bet neapsiribojant, iPad, mobiliaisiais telefonais ir kt.<\/p>\n","protected":false},"excerpt":{"rendered":"<p>Nocpix M6T25S \u0161iluminis automobilio kamera su i\u0161maniuoju kar\u0161to objekto aptikimu. I\u0161manusis paie\u0161ka, veikimo atstumas 2300 m, nuotolinis valdymas, 2 \u012fkraunamos baterijos iki 7 val. veikimui.<\/p>\n<p>Jei prek\u0117s n\u0117ra, susisiekite su mumis: shop@nbg.eu arba +359896147790<\/p>\n","protected":false},"featured_media":683463,"template":"","meta":{"_acf_changed":false},"product_brand":[14458],"product_cat":[13712],"product_tag":[],"class_list":{"0":"post-683434","1":"product","2":"type-product","3":"status-publish","4":"has-post-thumbnail","6":"product_brand-nocpix","7":"product_cat-siluminiai","9":"first","10":"instock","11":"taxable","12":"shipping-taxable","13":"purchasable","14":"product-type-simple"},"acf":[],"_links":{"self":[{"href":"https:\/\/nbg.eu\/lt\/wp-json\/wp\/v2\/product\/683434","targetHints":{"allow":["GET"]}}],"collection":[{"href":"https:\/\/nbg.eu\/lt\/wp-json\/wp\/v2\/product"}],"about":[{"href":"https:\/\/nbg.eu\/lt\/wp-json\/wp\/v2\/types\/product"}],"wp:featuredmedia":[{"embeddable":true,"href":"https:\/\/nbg.eu\/lt\/wp-json\/wp\/v2\/media\/683463"}],"wp:attachment":[{"href":"https:\/\/nbg.eu\/lt\/wp-json\/wp\/v2\/media?parent=683434"}],"wp:term":[{"taxonomy":"product_brand","embeddable":true,"href":"https:\/\/nbg.eu\/lt\/wp-json\/wp\/v2\/product_brand?post=683434"},{"taxonomy":"product_cat","embeddable":true,"href":"https:\/\/nbg.eu\/lt\/wp-json\/wp\/v2\/product_cat?post=683434"},{"taxonomy":"product_tag","embeddable":true,"href":"https:\/\/nbg.eu\/lt\/wp-json\/wp\/v2\/product_tag?post=683434"}],"curies":[{"name":"wp","href":"https:\/\/api.w.org\/{rel}","templated":true}]}}