{"id":683647,"date":"2026-01-08T18:14:29","date_gmt":"2026-01-08T15:14:29","guid":{"rendered":"https:\/\/nbg.eu\/product\/siluminis-kamera-nocpix-vista-h50-50-mm-12-um-640x512-15mk-netd\/"},"modified":"2026-04-14T16:06:03","modified_gmt":"2026-04-14T13:06:03","slug":"siluminis-kamera-nocpix-vista-h50-50-mm-12-um-640x512-15mk-netd","status":"publish","type":"product","link":"https:\/\/nbg.eu\/lt\/produktas\/siluminis-kamera-nocpix-vista-h50-50-mm-12-um-640x512-15mk-netd\/","title":{"rendered":"Nocpix Termokamera VISTA H50"},"content":{"rendered":"<h2>Nocpix VISTA H50 &#8211; \u0161iuolaikin\u0117 termin\u0117 vaizdo kamera, skirta naudoti dien\u0105 ir nakt\u012f<\/h2>\n<p>Nocpix VISTA H50 yra \u0161iuolaikin\u0117 termin\u0117 vaizdo kamera, skirta naudoti dien\u0105 ir nakt\u012f. Ji u\u017etikrina ypating\u0105 vaizdo kokyb\u0119 net ir sunkiomis oro s\u0105lygomis, tokiomis kaip r\u016bkas, d\u016bmai ir lietus, ir gali aptikti taikinius per kli\u016btis, tokias kaip \u0161akos, auk\u0161ta \u017eol\u0117 ir tank\u016bs lapai, kurie paprastai trukdo matomumui.<\/p>\n<p>VISTA H50 yra labai universali ir tinkama \u012fvairioms taikomosioms sritims, \u012fskaitant med\u017eiokl\u0119, saugum\u0105, steb\u0117jim\u0105, teritorijos navigacij\u0105 ir paie\u0161kos bei gelb\u0117jimo operacijas. Pa\u017eangi jos termin\u0117 technologija u\u017etikrina patikim\u0105 veikim\u0105, suteikdama ai\u0161kius vaizdus ir tikslias matavimus sud\u0117tingoje aplinkoje.<\/p>\n<h2>Pagrindin\u0117s specifikacijos:<\/h2>\n<p>Skyra: 640 x 512<br \/>\nPikselio dydis: 12<br \/>\nNETD, mK: \u226415<br \/>\nKadro da\u017enis: 50<br \/>\nObjektyvas: 50mm F0.9<br \/>\nReg\u0117jimo laukas: 8.8 x 7.0<br \/>\nReg\u0117jimo laukas (tiesinis): 15 x 12<br \/>\nDidinimas: 4~40<br \/>\nAptikimo atstumas: 2600<br \/>\nAtstumas nuo aki\u0173: 25<br \/>\nI\u0161\u0117jimo pupil\u0117s skersmuo: 8<br \/>\nDioptrijos: -4 ~ +6<br \/>\nEkrano tipas: AMOLED<br \/>\nEkrano skyra: 2560 x 2560<br \/>\nBaterija: Kei\u010diama li\u010dio-jon\u0173 baterija IBP-7 \/ 4400mAh<br \/>\nMaksimalus veikimo laikas: 5.5<br \/>\nWi-Fi\/App: TAIP<br \/>\nMikrofonas: TAIP<br \/>\nAtminties talpa: 64GB<br \/>\nIP apsauga: IP67<br \/>\nMaksimali darbin\u0117 temperat\u016bra: -20 ~ +50<br \/>\nSvoris (uncijos): 22.93<br \/>\nSvoris (g): 650<br \/>\nMatmenys (in): 7.64 x 2.76 x 3.23<br \/>\nMatmenys (mm): 194 x 70 x 82<\/p>\n","protected":false},"excerpt":{"rendered":"<p>Nocpix VISTA H50 yra 640&#215;512 12um \u0161ilumin\u0117 kamera su \u226415mK NETD, 50mm F0.9 objektyvu ir 2560&#215;2560 AMOLED ekranu.<br \/>\nJei prek\u0117 n\u0117ra prieinama, susisiekite su mumis: shop@nbg.eu arba +359896147790<\/p>\n","protected":false},"featured_media":683713,"template":"","meta":{"_acf_changed":false},"product_brand":[14458],"product_cat":[13712,16086],"product_tag":[],"class_list":{"0":"post-683647","1":"product","2":"type-product","3":"status-publish","4":"has-post-thumbnail","6":"product_brand-nocpix","7":"product_cat-siluminiai","8":"product_cat-thermal-cameras-lt","10":"first","11":"instock","12":"taxable","13":"shipping-taxable","14":"purchasable","15":"product-type-simple"},"acf":[],"_links":{"self":[{"href":"https:\/\/nbg.eu\/lt\/wp-json\/wp\/v2\/product\/683647","targetHints":{"allow":["GET"]}}],"collection":[{"href":"https:\/\/nbg.eu\/lt\/wp-json\/wp\/v2\/product"}],"about":[{"href":"https:\/\/nbg.eu\/lt\/wp-json\/wp\/v2\/types\/product"}],"wp:featuredmedia":[{"embeddable":true,"href":"https:\/\/nbg.eu\/lt\/wp-json\/wp\/v2\/media\/683713"}],"wp:attachment":[{"href":"https:\/\/nbg.eu\/lt\/wp-json\/wp\/v2\/media?parent=683647"}],"wp:term":[{"taxonomy":"product_brand","embeddable":true,"href":"https:\/\/nbg.eu\/lt\/wp-json\/wp\/v2\/product_brand?post=683647"},{"taxonomy":"product_cat","embeddable":true,"href":"https:\/\/nbg.eu\/lt\/wp-json\/wp\/v2\/product_cat?post=683647"},{"taxonomy":"product_tag","embeddable":true,"href":"https:\/\/nbg.eu\/lt\/wp-json\/wp\/v2\/product_tag?post=683647"}],"curies":[{"name":"wp","href":"https:\/\/api.w.org\/{rel}","templated":true}]}}