{"id":683734,"date":"2026-01-08T18:13:33","date_gmt":"2026-01-08T15:13:33","guid":{"rendered":"https:\/\/nbg.eu\/product\/termovizine-kamera-nocpix-vista-h35-be-atstumo-matuoklio-35-mm-12-%ce%bcm-640x512-15-mk-neto\/"},"modified":"2026-04-14T16:06:20","modified_gmt":"2026-04-14T13:06:20","slug":"termovizine-kamera-nocpix-vista-h35-be-atstumo-matuoklio-35-mm-12-%ce%bcm-640x512-15-mk-neto","status":"publish","type":"product","link":"https:\/\/nbg.eu\/lt\/produktas\/termovizine-kamera-nocpix-vista-h35-be-atstumo-matuoklio-35-mm-12-%ce%bcm-640x512-15-mk-neto\/","title":{"rendered":"Nocpix Termokamera VISTA H35"},"content":{"rendered":"<h2>Nocpix VISTA H35 terminis monokuliaras &#8211; 35 mm 12 \u03bcm 640&#215;512 \u226415mK NET<\/h2>\n<p>Nocpix VISTA H35 yra universalus terminis monokuliaras, sukurtas patikimam naudojimui tiek dien\u0105, tiek nakt\u012f. \u0160is pa\u017eangus \u012frenginys si\u016blo i\u0161skirtin\u012f terminio vaizdo perdavimo efektyvum\u0105, suteikdamas ai\u0161k\u0173 ir detal\u0173 vaizd\u0105 net esant sud\u0117tingoms oro s\u0105lygoms, tokioms kaip r\u016bkas, smogas ir lietus. Jis gali aptikti taikinius pro kli\u016btis, tokias kaip \u0161akos, auk\u0161ta \u017eol\u0117 ir tankios kr\u016bmok\u0161n\u0117s, u\u017etikrinant veiksming\u0105 naudojim\u0105 aplinkose, kur tradicin\u0117 optika yra nepakankama.<\/p>\n<p>Idealiai tinka \u012fvairioms programoms, VISTA H35 yra puikus pasirinkimas med\u017eioklei, steb\u0117jimui, saugumui, \u017eem\u0117s mar\u0161rut\u0173 orientavimui ir paie\u0161kos bei gelb\u0117jimo operacijoms. Su pa\u017eangia technologija ir patvariu korpusu VISTA H35 u\u017etikrina tiksl\u0173 aptikim\u0105 ir matavim\u0105 sunkiausiomis s\u0105lygomis.<\/p>\n<h2>Funkcijos<\/h2>\n<p>-640\u00d7512 12\u03bcm detektorius<br \/>\nNETD\u226415mK<br \/>\n-60 Hz auk\u0161tas kadr\u0173 da\u017enis<br \/>\n-F0,9 objektyvas<br \/>\n-AMOLED 2560\u00d72560 apvalus ekranas<br \/>\n-IBP-7 greitai kei\u010diamas \u012fkraunamas akumuliatorius<br \/>\n-Tolygus skaitmeninis priartinimas: 1\u00d7~8\u00d7<br \/>\n-Ypa\u010d \u0161varus re\u017eimas<br \/>\n-Aki\u0173 apsauga su \u017eema \u0161viesumu, spalv\u0173 palete ir \u0161iltu atspalviu<br \/>\n-Elektroninis vaizdo stabilizavimas<\/p>\n","protected":false},"excerpt":{"rendered":"<p>Termografin\u0117 kamera Nocpix VISTA H35 be nuotolinio matuoklio &#8211; 35mm 12um 640&#215;512 &lt;15mk NET<\/p>\n<p>Jei prek\u0117 n\u0117ra prieinama, susisiekite su mumis: shop@nbg.eu arba +359896147790<\/p>\n<p>\n","protected":false},"featured_media":683874,"template":"","meta":{"_acf_changed":false},"product_brand":[14458],"product_cat":[13712,16086],"product_tag":[],"class_list":{"0":"post-683734","1":"product","2":"type-product","3":"status-publish","4":"has-post-thumbnail","6":"product_brand-nocpix","7":"product_cat-siluminiai","8":"product_cat-thermal-cameras-lt","10":"first","11":"instock","12":"taxable","13":"shipping-taxable","14":"purchasable","15":"product-type-simple"},"acf":[],"_links":{"self":[{"href":"https:\/\/nbg.eu\/lt\/wp-json\/wp\/v2\/product\/683734","targetHints":{"allow":["GET"]}}],"collection":[{"href":"https:\/\/nbg.eu\/lt\/wp-json\/wp\/v2\/product"}],"about":[{"href":"https:\/\/nbg.eu\/lt\/wp-json\/wp\/v2\/types\/product"}],"wp:featuredmedia":[{"embeddable":true,"href":"https:\/\/nbg.eu\/lt\/wp-json\/wp\/v2\/media\/683874"}],"wp:attachment":[{"href":"https:\/\/nbg.eu\/lt\/wp-json\/wp\/v2\/media?parent=683734"}],"wp:term":[{"taxonomy":"product_brand","embeddable":true,"href":"https:\/\/nbg.eu\/lt\/wp-json\/wp\/v2\/product_brand?post=683734"},{"taxonomy":"product_cat","embeddable":true,"href":"https:\/\/nbg.eu\/lt\/wp-json\/wp\/v2\/product_cat?post=683734"},{"taxonomy":"product_tag","embeddable":true,"href":"https:\/\/nbg.eu\/lt\/wp-json\/wp\/v2\/product_tag?post=683734"}],"curies":[{"name":"wp","href":"https:\/\/api.w.org\/{rel}","templated":true}]}}