{"id":683925,"date":"2026-01-08T18:14:25","date_gmt":"2026-01-08T15:14:25","guid":{"rendered":"https:\/\/nbg.eu\/product\/terminis-fotoaparatas-nocpix-rico-2-h50r\/"},"modified":"2026-04-14T16:06:07","modified_gmt":"2026-04-14T13:06:07","slug":"terminis-fotoaparatas-nocpix-rico-2-h50r","status":"publish","type":"product","link":"https:\/\/nbg.eu\/lt\/produktas\/terminis-fotoaparatas-nocpix-rico-2-h50r\/","title":{"rendered":"Nocpix Termokamera Rico 2 H50R"},"content":{"rendered":"<h2>Nocpix Rico 2 H50R: ilgojo nuotolio \u0161audymo ekspertas<\/h2>\n<p>Nocpix RICO 2 H50R serijos termoviziniai taikikliai yra sukurti med\u017eiotojams, kurie reikalauja geriausio ai\u0161kumo, nuotolio ir patogaus naudojimo. Sukurti naudojant pramon\u0117s lyderius terminio jutiklius ir auk\u0161to kadr\u0173 da\u017enio, jie suteikia itin auk\u0161tos kokyb\u0117s vaizdus, kurie palengvina taikini\u0173 identifikavim\u0105 ir sekim\u0105. J\u0173 ilgas \u017eidinio atstumas ir integruotas nuotoli\u0173 matuoklis u\u017etikrina, kad gal\u0117site tiksliai \u012fvertinti tolimus taikinius, o pa\u017eangi optin\u0117 konstrukcija u\u017etikrina \u012ftraukian\u010di\u0105 per\u017ei\u016bros patirt\u012f be i\u0161kraipym\u0173. Turintis begalin\u012f priartinimo svirties reguliavim\u0105 ir i\u0161skirtin\u012f aki\u0173 atleidim\u0105, Nocpix RICO 2 H50R serija leid\u017eia med\u017eiotojams be vargo reguliuoti padidinimu ir jaustis patogiai ilg\u0173 med\u017eiokli\u0173 metu. Su savo inovacin\u0117mis technologijomis ir naudotojui orientuotu dizainu, Nocpix RICO 2 H50R serija i\u0161 ties\u0173 leid\u017eia jums med\u017eioti u\u017e \u012fprast\u0173 rib\u0173.<\/p>\n<h2>Pagrindin\u0117s savyb\u0117s:<\/h2>\n<p>Pasinaudokite premium klas\u0117s antrosios kartos 12\u03bcm@60Hz jutikliu, kurio NETD \u226420mK, d\u0117l a\u0161tri\u0173, didelio kontrastingumo vaizd\u0173 ir pagerinto taikini\u0173 identifikavimo.<\/p>\n<p>Nocpix RICO 2 H50R turi didesnes objektyvo l\u0119\u0161ius (50 mm\/F1.0, 42 mm\/F1.0), kurie pagerina \u0161viesos surinkimo galimybes, u\u017etikrindami puik\u0173 vaizdo ai\u0161kum\u0105 ir padidint\u0105 aptikimo diapazon\u0105.<\/p>\n<p>RICO 2 serija leid\u017eia jums be vargo prilyginti didinim\u0105 naudojantis begaline LPVO-tipo priartinimo svirtimi, suteikian\u010dia greit\u0105 ir paprast\u0105 reguliavim\u0105, kad gal\u0117tum\u0117te pasitik\u0117dami \u012fsitraukti \u012f taikinius bet kokiu atstumu.<\/p>\n<p>RICO 2 serija gali aptikti taikinius iki 2600 m atstumo, suteikiant jums reik\u0161ming\u0105 prana\u0161um\u0105 ilgojo nuotolio med\u017eiokl\u0117je ir tiksliam taikymui.<\/p>\n<p>Nocpix RICO 2 H50R turi integruot\u0105 nuotoli\u0173 matuokl\u012f, galint\u012f matuoti atstumus iki 1200 m su tikslia optine a\u0161imi, u\u017etikrinant\u012f tiksl\u0173 atstumo matavim\u0105, kartu i\u0161laikant\u012f eleganti\u0161k\u0105 ir kompakti\u0161k\u0105 dizain\u0105.<\/p>\n<p>Supaprastinkite j\u016bs\u0173 \u0161\u016bvio pataikym\u0105 naudojantis automatiniais balistiniais skai\u010diavimais, panaudojant integruot\u0105 nuotoli\u0173 matuokl\u012f, kad lengvai pataikytum\u0117te \u012f tikslius taikinius dideliais atstumais.<\/p>\n<p>1.03&#8243; 2560\u00d72560 OLED ekranas (H50R), i\u0161kraipym\u0173 neturintis aki\u0173 taupeiklis, 70 mm aki\u0173 atleidimas ir 23 mm i\u0161\u0117jimo diafragma u\u017etikrina ai\u0161k\u0173, patog\u0173 \u017ei\u016br\u0117jim\u0105 ilgiems seansams.<\/p>\n<p>H50R modelis turi nereg\u0117t\u0105 70 mm atstum\u0105, kuris u\u017etikrina maksimal\u0173 komfort\u0105 ilgo naudojimo be aki\u0173 \u012ftampos ir u\u017etikrina aki\u0173 saugum\u0105.<\/p>\n","protected":false},"excerpt":{"rendered":"<p>Termovizin\u0117 kamera Nocpix Rico 2 H50R. Ilgojo nuotolio \u0161audymo ekspertas. 640&#215;512 jutiklis, 60Hz, integruotas nuotolinis lazerio atstumo matuoklis, nepertraukiamas priartinimas.<\/p>\n<p>Jei prek\u0117 n\u0117ra prieinama, pra\u0161ome susisiekti su mumis: shop@nbg.eu arba +359896147790<\/p>\n","protected":false},"featured_media":684896,"template":"","meta":{"_acf_changed":false},"product_brand":[14458],"product_cat":[13712,16086],"product_tag":[],"class_list":{"0":"post-683925","1":"product","2":"type-product","3":"status-publish","4":"has-post-thumbnail","6":"product_brand-nocpix","7":"product_cat-siluminiai","8":"product_cat-thermal-cameras-lt","10":"first","11":"instock","12":"taxable","13":"shipping-taxable","14":"purchasable","15":"product-type-simple"},"acf":[],"_links":{"self":[{"href":"https:\/\/nbg.eu\/lt\/wp-json\/wp\/v2\/product\/683925","targetHints":{"allow":["GET"]}}],"collection":[{"href":"https:\/\/nbg.eu\/lt\/wp-json\/wp\/v2\/product"}],"about":[{"href":"https:\/\/nbg.eu\/lt\/wp-json\/wp\/v2\/types\/product"}],"wp:featuredmedia":[{"embeddable":true,"href":"https:\/\/nbg.eu\/lt\/wp-json\/wp\/v2\/media\/684896"}],"wp:attachment":[{"href":"https:\/\/nbg.eu\/lt\/wp-json\/wp\/v2\/media?parent=683925"}],"wp:term":[{"taxonomy":"product_brand","embeddable":true,"href":"https:\/\/nbg.eu\/lt\/wp-json\/wp\/v2\/product_brand?post=683925"},{"taxonomy":"product_cat","embeddable":true,"href":"https:\/\/nbg.eu\/lt\/wp-json\/wp\/v2\/product_cat?post=683925"},{"taxonomy":"product_tag","embeddable":true,"href":"https:\/\/nbg.eu\/lt\/wp-json\/wp\/v2\/product_tag?post=683925"}],"curies":[{"name":"wp","href":"https:\/\/api.w.org\/{rel}","templated":true}]}}