{"id":684921,"date":"2026-01-08T18:13:14","date_gmt":"2026-01-08T15:13:14","guid":{"rendered":"https:\/\/nbg.eu\/product\/termokamera-nocpix-ace-h50-12um-640x512-15mk-netd\/"},"modified":"2026-04-14T16:06:34","modified_gmt":"2026-04-14T13:06:34","slug":"termokamera-nocpix-ace-h50-12um-640x512-15mk-netd","status":"publish","type":"product","link":"https:\/\/nbg.eu\/lt\/produktas\/termokamera-nocpix-ace-h50-12um-640x512-15mk-netd\/","title":{"rendered":"Nocpix Termokamera ACE H50"},"content":{"rendered":"<h2>Nocpix ACE H50 terminis optinis taikiklinis \u017ei\u016bronas: Neprilygstamos med\u017eiokl\u0117s rezultatai<\/h2>\n<p>Nocpix ACE H50 terminis optinis taikiklinis \u017ei\u016bronas jungia pa\u017eangi\u0105 technologij\u0105 su atsparia konstrukcija, kad suteikt\u0173 neprilygstam\u0105 med\u017eiokl\u0117s patirt\u012f. Jis turi 640&#215;512 rezoliucijos termin\u012f jutikl\u012f su \u226412mK NETD d\u0117l i\u0161skirtinio vaizdo ai\u0161kumo ir 3100 metr\u0173 aptikimo diapazon\u0105. Novatori\u0161kas Vision+ sistema si\u016blo akies l\u0119\u0161in\u0119 didinimo funkcij\u0105 ai\u0161kiems artim\u0173 objekt\u0173 vaizdams, o dviguba baterij\u0173 sistema u\u017etikrina ilgalaik\u012f naudojim\u0105. Pagamintas i\u0161 auk\u0161to stiprumo aliuminio lydinio ir \u012fvertintas IP67, \u0161is optinis taikiklinis \u017ei\u016bronas sukurtas puikiai veikti bet kokioje lauko aplinkoje ir prisitaikyti prie bet kokios situacijos.<\/p>\n<p>Nocpix ACE H50 terminis optinis taikiklinis \u017ei\u016bronas yra pa\u017eangus \u012frankis, skirtas i\u0161 naujo apibr\u0117\u017eti med\u017eiokl\u0117s patirt\u012f, nesvarbu, ar j\u016bs navigujate tamsi\u0105 nakt\u012f, ar slenkate per sunki\u0105 teritorij\u0105. Kaip Nocpix flagmano ACE serijos dalis, \u0161is terminis optinis taikiklis i\u0161siskiria auk\u0161\u010diausios klas\u0117s vaizdo kokybe ir tikslumu, d\u0117ka viduje sukurto auk\u0161tos rai\u0161kos terminio jutiklio ir pa\u017eangi\u0173 Reality+ ir Vision+ sistem\u0173.<\/p>\n<p>Nocpix ACE H50 \u0161irdis yra II kartos HD terminis jutiklis, kuris gali pasigirti 640&#215;512 rezoliucija ir 60 Hz kadro da\u017eniu, u\u017etikrinantis ne\u012ftik\u0117tinai stabil\u0173 veikim\u0105. Su \u226412mK NETD, \u0161is optinis taikiklinis \u017ei\u016bronas aptinka net ma\u017eiausius temperat\u016bros skirtumus, suteikdamas i\u0161samius ir lygius terminius vaizdus, idealiai tinkan\u010dius sekti greitai judan\u010dius taikinius tikralaikiu re\u017eimu. Pa\u017eangi Reality+ vaizdo \u012fra\u0161ymo algoritmas papildomai sustiprina tai, pa\u0161alindamas aplinkos temperat\u016bros triuk\u0161m\u0105 ir suteikdamas auk\u0161tesn\u012f kontrast\u0105 bei ai\u0161kum\u0105 net ir sud\u0117tingomis med\u017eiokl\u0117s s\u0105lygomis.<\/p>\n<p>ACE H50 yra \u012frengtas 50 mm\/F0.9 objektyvu, kuris leid\u017eia 20% daugiau \u0161viesos pasiekti jutikl\u012f, suteikiant \u0161viesesn\u012f ir ai\u0161kesn\u012f vaizd\u0105. Tai yra ypa\u010d svarbu med\u017eiotojams, siekiantiems tikslumo, nes pagerintas \u0161viesos perdavimas u\u017etikrina geresn\u012f matomum\u0105 \u017eemo ap\u0161vietimo s\u0105lygomis. Be to, 3100 metr\u0173 aptikimo diapazonas i\u0161skiria ACE, supaprastindamas ir padarydamas efektyvesn\u012f tolim\u0173 taikini\u0173 identifikavim\u0105 ir sekim\u0105.<\/p>\n<p>Integruota Vision+ sistema pagerina vaizdin\u012f patirt\u012f su 1,03 colio apvaliu AMOLED ekranu, kurio rai\u0161ka siekia 2560&#215;2560. Jos optinis zoom sistema, sukurta i\u0161vengti i\u0161sibarstymo ir i\u0161kraipymo, b\u016bding\u0173 tradiciniams elektroniniams didinamosios funkcijos \u012ftaisams, u\u017etikrina ai\u0161kius, auk\u0161tos rai\u0161kos artim\u0173 objekt\u0173 vaizdus be detali\u0173 praradimo. Tai u\u017etikrina \u012ftraukiant\u012f, patog\u0173 \u017ei\u016br\u0117jimo \u012fsp\u016bd\u012f, nesvarbu, ar sekate laukiam\u0105 grob\u012f i\u0161 toli, ar priartinate tiksliniams veiksmams.<\/p>\n<p>Sukurtas ilgalaikiam naudojimui lauke, ACE turi dvigub\u0105 baterij\u0173 sistem\u0105 su \u012fmontuota 4000 mAh baterija ir papildoma nuimama 18650 baterija, leid\u017eian\u010dia dirbti be pertrauk\u0173 per ilgas med\u017eiokl\u0117s sesijas. Atspari konstrukcija i\u0161 auk\u0161to stiprumo aliuminio lydinio u\u017etikrina, kad ACE atlaikys \u017eiaurias lauko s\u0105lygas ir sunk\u0173 naudojim\u0105, i\u0161laik\u0119s grie\u017etus sm\u016bgi\u0173 atsparumo testus. B\u016bdamas IP67 nepralaidus vandeniui, optinis taikiklinis \u017ei\u016bronas i\u0161lieka patikimas nepalankiomis oro s\u0105lygomis, suteikdamas med\u017eiotojams ramyb\u0119 nepriklausomai nuo aplinkos.<\/p>\n<p>Sukurtas su med\u017eiotojais galvoje, Nocpix ACE H50 turi esminius bruo\u017eus, kaip vibracij\u0105 suaktyvinamas vaizdo \u012fra\u0161ymas ir dizainas be u\u017edangalo, u\u017etikrinantis paprast\u0105 naudojim\u0105 lauko s\u0105lygomis. Su naudotojui draugi\u0161kais papildiniais, kaip fokusavimo reguliatorius, \u012fkrovimo danga ir galimyb\u0117 atkurti vaizdo \u012fra\u0161us tiesiogiai per Galerij\u0105, \u0161is optinis taikiklinis \u017ei\u016bronas jungia auk\u0161t\u0105 na\u0161um\u0105 su patogumu siekiant optimalios med\u017eiokl\u0117s patirties.<\/p>\n","protected":false},"excerpt":{"rendered":"<p>Terminis \u0161autuvinio \u017ei\u016brono NocPix ACE H50 turi 640&#215;512 skiriam\u0105j\u0105 geb\u0105, \u226415mK NETD, 3100m aptikimo diapazon\u0105 ir dvigub\u0105 baterij\u0173 sistem\u0105, u\u017etikrinan\u010di\u0105 puiki\u0105 med\u017eiokl\u0117s patirt\u012f.<\/p>\n<p>Jei prek\u0117s n\u0117ra, pra\u0161ome su mumis susisiekti: shop@nbg.eu arba +359896147790<\/p>\n<p>\n","protected":false},"featured_media":684965,"template":"","meta":{"_acf_changed":false},"product_brand":[14458],"product_cat":[13712,16086],"product_tag":[],"class_list":{"0":"post-684921","1":"product","2":"type-product","3":"status-publish","4":"has-post-thumbnail","6":"product_brand-nocpix","7":"product_cat-siluminiai","8":"product_cat-thermal-cameras-lt","10":"first","11":"instock","12":"taxable","13":"shipping-taxable","14":"purchasable","15":"product-type-simple"},"acf":[],"_links":{"self":[{"href":"https:\/\/nbg.eu\/lt\/wp-json\/wp\/v2\/product\/684921","targetHints":{"allow":["GET"]}}],"collection":[{"href":"https:\/\/nbg.eu\/lt\/wp-json\/wp\/v2\/product"}],"about":[{"href":"https:\/\/nbg.eu\/lt\/wp-json\/wp\/v2\/types\/product"}],"wp:featuredmedia":[{"embeddable":true,"href":"https:\/\/nbg.eu\/lt\/wp-json\/wp\/v2\/media\/684965"}],"wp:attachment":[{"href":"https:\/\/nbg.eu\/lt\/wp-json\/wp\/v2\/media?parent=684921"}],"wp:term":[{"taxonomy":"product_brand","embeddable":true,"href":"https:\/\/nbg.eu\/lt\/wp-json\/wp\/v2\/product_brand?post=684921"},{"taxonomy":"product_cat","embeddable":true,"href":"https:\/\/nbg.eu\/lt\/wp-json\/wp\/v2\/product_cat?post=684921"},{"taxonomy":"product_tag","embeddable":true,"href":"https:\/\/nbg.eu\/lt\/wp-json\/wp\/v2\/product_tag?post=684921"}],"curies":[{"name":"wp","href":"https:\/\/api.w.org\/{rel}","templated":true}]}}