{"id":685082,"date":"2026-01-08T18:13:21","date_gmt":"2026-01-08T15:13:21","guid":{"rendered":"https:\/\/nbg.eu\/product\/thermal-monocular-nocpix-lumi-p13\/"},"modified":"2026-04-14T16:06:27","modified_gmt":"2026-04-14T13:06:27","slug":"thermal-monocular-nocpix-lumi-p13","status":"publish","type":"product","link":"https:\/\/nbg.eu\/lt\/produktas\/thermal-monocular-nocpix-lumi-p13\/","title":{"rendered":"Nocpix Terminis Monokuliarus LUMI P13"},"content":{"rendered":"<h2>Maksimalus na\u0161umas su minimaliu svoriu &#8211; Nocpix LUMI P13: Visada steb\u0117kite savo aplink\u0105<\/h2>\n<p>LUMI termovizini\u0173 monokuliar\u0173 serija skirta naudoti tiek dien\u0105, tiek ir nakt\u012f, ir u\u017etikrina puiki\u0105 vaizdo kokyb\u0119 net sunkiomis oro s\u0105lygomis, tokiomis kaip r\u016bkas, sm\u016bgas ar lietus. Net jei kli\u016btys, pavyzd\u017eiui, \u0161akos, auk\u0161ta \u017eol\u0117 ar tank\u016bs kr\u016bmai trukdo matyti, d\u0117l \u0161ios technologijos visuomet ai\u0161kiai matysite tai, kas yra prie\u0161akyje. Be to, jie yra tokie kompakti\u0161ki ir lengvi, kad galite lengvai juos ne\u0161iotis visur.<\/p>\n<p>LUMI termovizin\u0117s kameros tinka \u012fvairiam naudojimui, pavyzd\u017eiui, med\u017eioklei, steb\u0117jimui, saugumui, vietov\u0117s orientavimui ar paie\u0161kos ir gelb\u0117jimo operacijoms.<\/p>\n<h2>Neprilygstamas vaizdo kokyb\u0117s d\u0117l itin a\u0161tri\u0173 vaizd\u0173<\/h2>\n<p>LUMI serija nustato naujus vaizdo kokyb\u0117s standartus. Apr\u016bpinta pa\u017eangiausiais vaizdo apdorojimo algoritmais ir galingiu terminio jutiklio su NETD &lt; 20 mK, kamera teikia a\u0161tri\u0173 ir tikrovi\u0161k\u0173 vaizd\u0173. AMOLED ekranas su 1440 x 1080 pikseli\u0173 rai\u0161ka u\u017etikrina puik\u0173 vaizdo pateikim\u0105, o Ultra Clear re\u017eimas dar labiau optimizuoja vaizdo ai\u0161kum\u0105, ypa\u010d sunkiomis oro s\u0105lygomis.<\/p>\n<h2>Personalizuotas per\u017ei\u016bros patirtis \u2013 pritaikykite savo \u012frengin\u012f tobulai<\/h2>\n<p>D\u0117l 256 x 192 px jutiklio ir \u012fvairi\u0173 reguliavimo galimybi\u0173, galite pritaikyti \u012frengin\u012f tiksliai pagal savo poreikius. Pasirinkite i\u0161 5 spalv\u0173 re\u017eim\u0173 ir optimizuokite savo vaizd\u0105 su 10 \u0161viesumo, a\u0161trumo ir kontrastingumo lygi\u0173 &#8211; kad jokia detal\u0117 nepraeitu nepasteb\u0117ta.<\/p>\n<h2>Dalintis patirtimis su LUMI yra lengva<\/h2>\n<p>U\u017efiksuoti ypatingus momentus yra b\u016btina \u0161iuolaikiniam med\u017eiotojui. Su Nocpix LUMI P13 ne tik galite lengvai dalintis \u012fra\u0161ais per program\u0117l\u0119, bet ir leisti juos tiesiogiai \u012frenginyje &#8211; tobulai savo patirtis galite i\u0161 karto pasidalinti su kitais.<\/p>\n<h2>Galima naudoti lanks\u010diai d\u0117l i\u0161imamos baterijos sistemos<\/h2>\n<p>LUMI serija apr\u016bpinta standartin\u0117mis 18650 baterijomis, suteikian\u010diomis maksimal\u0173 lankstum\u0105. Nepriklausomai nuo to, kur einate, su prid\u0117tu baterijos \u012fkrovikliu b\u016bsite pasiruo\u0161\u0119 i\u0161 naujo per neilg\u0105 laik\u0105 &#8211; ir gal\u0117site t\u0119sti savo misij\u0105.<\/p>\n","protected":false},"excerpt":{"rendered":"<p>Did\u017eiausias na\u0161umas su ma\u017eiausiu svoriu &#8211; Nocpix LUMI P13: Visada laikykite ak\u012f ant savo taikinio.<\/p>\n","protected":false},"featured_media":685195,"template":"","meta":{"_acf_changed":false},"product_brand":[14458],"product_cat":[16085,13712],"product_tag":[],"class_list":{"0":"post-685082","1":"product","2":"type-product","3":"status-publish","4":"has-post-thumbnail","6":"product_brand-nocpix","7":"product_cat-monoculars-lt","8":"product_cat-siluminiai","10":"first","11":"instock","12":"taxable","13":"shipping-taxable","14":"purchasable","15":"product-type-simple"},"acf":[],"_links":{"self":[{"href":"https:\/\/nbg.eu\/lt\/wp-json\/wp\/v2\/product\/685082","targetHints":{"allow":["GET"]}}],"collection":[{"href":"https:\/\/nbg.eu\/lt\/wp-json\/wp\/v2\/product"}],"about":[{"href":"https:\/\/nbg.eu\/lt\/wp-json\/wp\/v2\/types\/product"}],"wp:featuredmedia":[{"embeddable":true,"href":"https:\/\/nbg.eu\/lt\/wp-json\/wp\/v2\/media\/685195"}],"wp:attachment":[{"href":"https:\/\/nbg.eu\/lt\/wp-json\/wp\/v2\/media?parent=685082"}],"wp:term":[{"taxonomy":"product_brand","embeddable":true,"href":"https:\/\/nbg.eu\/lt\/wp-json\/wp\/v2\/product_brand?post=685082"},{"taxonomy":"product_cat","embeddable":true,"href":"https:\/\/nbg.eu\/lt\/wp-json\/wp\/v2\/product_cat?post=685082"},{"taxonomy":"product_tag","embeddable":true,"href":"https:\/\/nbg.eu\/lt\/wp-json\/wp\/v2\/product_tag?post=685082"}],"curies":[{"name":"wp","href":"https:\/\/api.w.org\/{rel}","templated":true}]}}