{"id":685229,"date":"2026-01-08T18:13:20","date_gmt":"2026-01-08T15:13:20","guid":{"rendered":"https:\/\/nbg.eu\/product\/siluminio-monokulinio-nocpix-lumi-l35r-su-lazerio-atstumo-matuokliu\/"},"modified":"2026-04-14T16:06:31","modified_gmt":"2026-04-14T13:06:31","slug":"siluminio-monokulinio-nocpix-lumi-l35r-su-lazerio-atstumo-matuokliu","status":"publish","type":"product","link":"https:\/\/nbg.eu\/lt\/produktas\/siluminio-monokulinio-nocpix-lumi-l35r-su-lazerio-atstumo-matuokliu\/","title":{"rendered":"Nocpix Terminis Monokuliarus LUMI L35R LRF"},"content":{"rendered":"<h2>Termoreguliacinis monokuliaras Nocpix LUMI L35R su lazeriu nuotoliui matuoti<\/h2>\n<p>Nocpix LUMI L35R yra galingas ir kompakti\u0161kas termoreguliacinis monokuliaras su integruotu lazeriu nuotoliui matuoti. Pasi\u017eymi pa\u017eangiausiu savo klas\u0117s sensoriumi, kurio NETD yra \u226418mK, tod\u0117l \u0161is termovizinis fotoaparatas u\u017etikrina auk\u0161tos rai\u0161kos vaizdavim\u0105 net itin sud\u0117tingomis oro s\u0105lygomis. Lengvas ir ergonomi\u0161ko dizaino, tod\u0117l lengva valdyti, o nuimama baterij\u0173 sistema su standartin\u0117mis 18650 baterijomis u\u017etikrina ilg\u0105 veikimo laik\u0105.<\/p>\n<p>Integruotas lazeris nuotoliui matuoti leid\u017eia tiksliai nustatyti atstum\u0105 iki taikinio, o pa\u017eang\u016bs R+ AI atvaizdavimo algoritmai pagerina vaizdo detales ir i\u0161naudoja viso sensoriaus potencial\u0105. Monokuliaras yra atsparus vandeniui, dulk\u0117ms ir suprojektuotas patogioms lauko s\u0105lygoms, su funkcijomis kaip elektroninis vaizdo stabilizavimas, akies reljefo spalv\u0173 palet\u0117s ir itin tyl\u016bs mygtukai.<\/p>\n<p>Su sensoriaus diapazona iki 1800m, Nocpix LUMI L35R yra universalus termovizinis sprendimas med\u017eioklei, saugumui ir lauko veikloms. Palaikomas 3 met\u0173 viso gamintojo garantija, \u0161is termoreguliacinis monokuliaras u\u017etikrina auk\u0161t\u0105 na\u0161um\u0105 ir patikimum\u0105.<\/p>\n","protected":false},"excerpt":{"rendered":"<p>Terminis monokuliarinis Nocpix LUMI L35R su lazerio atstumo matuokliu: auk\u0161tos rai\u0161kos jutiklis \u226418 mK NETD, kompakti\u0161kas ir lengvas, i\u0161imama baterija.<br \/>\nJei prek\u0117s n\u0117ra prieinamos, susisiekite su mumis: shop@nbg.eu arba +359896147790<\/p>\n","protected":false},"featured_media":685264,"template":"","meta":{"_acf_changed":false},"product_brand":[14458],"product_cat":[16085,13712],"product_tag":[],"class_list":{"0":"post-685229","1":"product","2":"type-product","3":"status-publish","4":"has-post-thumbnail","6":"product_brand-nocpix","7":"product_cat-monoculars-lt","8":"product_cat-siluminiai","10":"first","11":"instock","12":"taxable","13":"shipping-taxable","14":"purchasable","15":"product-type-simple"},"acf":[],"_links":{"self":[{"href":"https:\/\/nbg.eu\/lt\/wp-json\/wp\/v2\/product\/685229","targetHints":{"allow":["GET"]}}],"collection":[{"href":"https:\/\/nbg.eu\/lt\/wp-json\/wp\/v2\/product"}],"about":[{"href":"https:\/\/nbg.eu\/lt\/wp-json\/wp\/v2\/types\/product"}],"wp:featuredmedia":[{"embeddable":true,"href":"https:\/\/nbg.eu\/lt\/wp-json\/wp\/v2\/media\/685264"}],"wp:attachment":[{"href":"https:\/\/nbg.eu\/lt\/wp-json\/wp\/v2\/media?parent=685229"}],"wp:term":[{"taxonomy":"product_brand","embeddable":true,"href":"https:\/\/nbg.eu\/lt\/wp-json\/wp\/v2\/product_brand?post=685229"},{"taxonomy":"product_cat","embeddable":true,"href":"https:\/\/nbg.eu\/lt\/wp-json\/wp\/v2\/product_cat?post=685229"},{"taxonomy":"product_tag","embeddable":true,"href":"https:\/\/nbg.eu\/lt\/wp-json\/wp\/v2\/product_tag?post=685229"}],"curies":[{"name":"wp","href":"https:\/\/api.w.org\/{rel}","templated":true}]}}