{"id":685329,"date":"2025-12-17T17:50:25","date_gmt":"2025-12-17T14:50:25","guid":{"rendered":"https:\/\/nbg.eu\/product\/termininis-monokulinis-nocpix-lumi-l19\/"},"modified":"2026-01-21T11:59:28","modified_gmt":"2026-01-21T08:59:28","slug":"termininis-monokulinis-nocpix-lumi-l19","status":"publish","type":"product","link":"https:\/\/nbg.eu\/lt\/produktas\/termininis-monokulinis-nocpix-lumi-l19\/","title":{"rendered":"Termininis monokulinis Nocpix LUMI L19"},"content":{"rendered":"<h2>Maksimalus na\u0161umas su minimalia svoriu \u2013 Nocpix LUMI L19: J\u016bs\u0173 steb\u0117tojas mi\u0161kams ir pievoms<\/h2>\n<p>LUMI \u0161iluminio vaizdo monokuliar\u0173 serija skirta naudoti tiek dien\u0105, tiek nakt\u012f ir si\u016blo jums ypating\u0105 vaizdo kokyb\u0119 net ir sud\u0117tingomis oro s\u0105lygomis, tokiomis kaip r\u016bkas, sm\u016bkas ar lietus. Net jei kli\u016btys, tokios kaip \u0161akos, auk\u0161ta \u017eol\u0117 ar tir\u0161ta lapija, trukdo matyti, d\u0117l \u0161ios technologijos visada ai\u0161kiai matote, kas yra prie\u0161ais jus. Jie taip pat yra kompakti\u0161ki ir lengvi, tod\u0117l galite lengvai juos ne\u0161iotis visur.<\/p>\n<p>LUMI \u0161iluminio vaizdo kameros tinka \u012fvairioms programoms, tokioms kaip med\u017eiokl\u0117, steb\u0117jimas, apsauga, vietov\u0117s orientacija ar paie\u0161ka ir gelb\u0117jimo operacijos.<\/p>\n<h2>Ne\u012ftik\u0117tinas vaizdo kokyb\u0117s atk\u016brimas ai\u0161kiausiems vaizdams<\/h2>\n<p>LUMI serija kelia naujus standartus vaizdo kokyb\u0117s at\u017evilgiu. Apr\u016bpinti pa\u017eangiausiais vaizdo apdorojimo algoritmais ir galing\u0173 \u0161iluminio jutiklio su NETD &lt; 18 mK, kamera pateikia a\u0161trius ir realius vaizdus. AMOLED ekranas su 1024 x 768 pikseli\u0173 rai\u0161ka u\u017etikrina ypating\u0105 vaizdo atk\u016brim\u0105, o Ultra Clear re\u017eimas dar labiau optimizuoja vaizdo ai\u0161kum\u0105, ypa\u010d esant sunkioms oro s\u0105lygoms.<\/p>\n<h2>Personalizuota \u017ei\u016br\u0117jimo patirtis \u2013 Pritaikykite savo \u012frengin\u012f tobulai<\/h2>\n<p>D\u0117l vidutinio dyd\u017eio 384 x 288 px jutiklio ir \u012fvairi\u0173 nustatymo galimybi\u0173 \u012frengin\u012f galite pritaikyti tiksliai pagal savo poreikius. Pasirinkite i\u0161 5 spalv\u0173 re\u017eim\u0173 ir optimizuokite savo vaizd\u0105 su 10 \u0161viesumo, a\u0161tumo ir kontrastingumo lygi\u0173 \u2013 kad niekas neliekt\u0173 nepasteb\u0117ta.<\/p>\n<h2>Lengva patyrim\u0105 dalintis<\/h2>\n<p>Speciali\u0173 akimirk\u0173 u\u017efiksavimas yra b\u016btinas \u0161iuolaikiniam med\u017eiotojui. Su Nocpix LUMI galite ne tik lengvai dalintis savo \u012fra\u0161ais per program\u0117l\u0119, bet ir juos atkurti tiesiogiai \u012frenginyje \u2013 tobula galimyb\u0117 i\u0161kart pasidalinti savo patirtimi su kitais.<\/p>\n<h2>Gali b\u016bti naudojamas lanks\u010diai d\u0117l nuimamos baterijos sistemos<\/h2>\n<p>LUMI serija apr\u016bpinta standartin\u0117mis 18650 baterijomis, suteikian\u010diomis maksimal\u0173 lankstum\u0105. Nesvarbu, kur keliausite, su \u012ftraukta baterijos \u012fkrovikliu greitai v\u0117l b\u016bsite pasiruo\u0161\u0119s \u2013 ir gal\u0117site t\u0119sti savo misij\u0105.<\/p>\n","protected":false},"excerpt":{"rendered":"<p>Maksimalus na\u0161umas su minimaliu svoriu \u2013 Nocpix LUMI L19: J\u016bs\u0173 steb\u0117tojas mi\u0161kams ir pievoms<br \/>\nshop@nbg.eu arba +359896147790<\/p>\n","protected":false},"featured_media":685575,"template":"","meta":{"_acf_changed":false},"product_brand":[14458],"product_cat":[13712],"product_tag":[],"class_list":{"0":"post-685329","1":"product","2":"type-product","3":"status-publish","4":"has-post-thumbnail","6":"product_brand-nocpix","7":"product_cat-siluminiai","9":"first","10":"outofstock","11":"taxable","12":"shipping-taxable","13":"purchasable","14":"product-type-simple"},"acf":[],"_links":{"self":[{"href":"https:\/\/nbg.eu\/lt\/wp-json\/wp\/v2\/product\/685329","targetHints":{"allow":["GET"]}}],"collection":[{"href":"https:\/\/nbg.eu\/lt\/wp-json\/wp\/v2\/product"}],"about":[{"href":"https:\/\/nbg.eu\/lt\/wp-json\/wp\/v2\/types\/product"}],"wp:featuredmedia":[{"embeddable":true,"href":"https:\/\/nbg.eu\/lt\/wp-json\/wp\/v2\/media\/685575"}],"wp:attachment":[{"href":"https:\/\/nbg.eu\/lt\/wp-json\/wp\/v2\/media?parent=685329"}],"wp:term":[{"taxonomy":"product_brand","embeddable":true,"href":"https:\/\/nbg.eu\/lt\/wp-json\/wp\/v2\/product_brand?post=685329"},{"taxonomy":"product_cat","embeddable":true,"href":"https:\/\/nbg.eu\/lt\/wp-json\/wp\/v2\/product_cat?post=685329"},{"taxonomy":"product_tag","embeddable":true,"href":"https:\/\/nbg.eu\/lt\/wp-json\/wp\/v2\/product_tag?post=685329"}],"curies":[{"name":"wp","href":"https:\/\/api.w.org\/{rel}","templated":true}]}}