{"id":685639,"date":"2025-12-17T17:47:09","date_gmt":"2025-12-17T14:47:09","guid":{"rendered":"https:\/\/nbg.eu\/product\/terminis-monokuliarinis-lumi-h35r-su-lazerio-ratuoju\/"},"modified":"2026-01-21T11:58:52","modified_gmt":"2026-01-21T08:58:52","slug":"terminis-monokuliarinis-lumi-h35r-su-lazerio-ratuoju","status":"publish","type":"product","link":"https:\/\/nbg.eu\/lt\/produktas\/terminis-monokuliarinis-lumi-h35r-su-lazerio-ratuoju\/","title":{"rendered":"Terminis monokuliarinis LUMI H35R su lazerio ratuoju"},"content":{"rendered":"<h2>Terminis monokuliaras su jutiklio diapazonu iki 1800m, itin kompakti\u0161kas ir lengvas!<\/h2>\n<p>Integruotas lazerinis atstumo matuoklis.<\/p>\n<p>Auk\u0161tos rai\u0161kos jutiklis ir ypa\u010d galingas: \u2264 18 mK NETD.<\/p>\n<p>I\u0161imama baterij\u0173 sistema su 18650 baterijomis<\/p>\n<p>Video \u012fra\u0161ymas, nepralaidus vandeniui ir ypa\u010d tylus veikimas.<\/p>\n<p>3 met\u0173 pilna gamintojo garantija!<\/p>\n<h2>Daugiau ypatybi\u0173:<\/h2>\n<p>-Integruotas lazerinis atstumo matuoklis tiksliam taikiniu atstumui nustatyti<\/p>\n<p>-Auk\u0161ta vaizdo kokyb\u0117: Net esant ekstremalioms oro s\u0105lygoms, vaizdo kokyb\u0117 i\u0161lieka stabili.<\/p>\n<p>-Jutiklis specialiai suprojektuotas med\u017eiokl\u0117s reikm\u0117ms: U\u017etikrina stabil\u0173 veikim\u0105 su NETD \u2264 18 mK, u\u017etikrinant puiki\u0105 vaizdo kokyb\u0119.<\/p>\n<p>-F0,9 objektyvas: 20% daugiau \u0161viesos perdavimo lyginant su F1,0 objektyvu, u\u017e \u0161viesesn\u012f ir ai\u0161kesn\u012f vaizd\u0105.<\/p>\n<p>-Realyb\u0117s+ vaizdo optimizavimas: pa\u017eang\u016bs algoritmai pagerina vaizdo kokyb\u0119 ir pa\u0161alina vaizdo triuk\u0161m\u0105.<\/p>\n<p>-Elektroninis vaizdo stabilizavimas: U\u017etikrina skland\u017eius ir stabilius vaizdo \u012fra\u0161us.<\/p>\n<p>-Aki\u0173 atleidimo spalvin\u0117s palet\u0117s: specialios raudonos ir \u017ealios palet\u0117s suma\u017eina aki\u0173 nuovarg\u012f ilgalaikio naudojimo metu.<\/p>\n<p>-I\u0161imama 18650 baterija: su atvirk\u0161tine poliari\u0161kumo funkcija, idealiai tinkanti naktiniam naudojimui.<\/p>\n<p>-Itin tyl\u016bs mygtukai: Tylus veikimas, kuris netrukdo laukinei gamtai.<\/p>\n<p>-Kompakti\u0161ka konstrukcija: \u012erenginys yra ma\u017eesnis nei mobilusis telefonas ir lengvai ne\u0161amas.<\/p>\n<p>-IP67 apsaugos klas\u0117: Apsauga nuo dulki\u0173 ir vandens, tinkamas naudoti ekstremaliose s\u0105lygose.<\/p>\n<p>-Ergonomi\u0161ka konstrukcija: Ideali lauko naudojimui, patogi ir naudotojui draugi\u0161ka.<\/p>\n<p>-Nedidelis svoris: \u012erenginys sveria ma\u017eiau nei 345g.<\/p>\n<p>-10 mm i\u0161\u0117jimo pupila: U\u017etikrina optimal\u0173 matomum\u0105 ir patog\u0173 \u017ei\u016br\u0117jimo kamp\u0105.<\/p>\n<p>-Patikimas nakt\u012f: D\u0117l tylaus ir lengvo naudojimo, j\u012f galima naudoti optimaliai net tamsaus lauko s\u0105lygomis.<\/p>\n<p>-I\u0161imama baterija: Leid\u017eia prat\u0119sti veikimo laik\u0105 pakei\u010diant baterijas.<\/p>\n<p>-Didelis diafragmos anga: Padidina \u0161viesos surinkim\u0105 ir vaizdo ry\u0161kum\u0105 nepalankiomis ap\u0161vietimo s\u0105lygomis.<\/p>\n<p>-Integruotas mikrofonas: Leid\u017eia \u012fra\u0161yti garso \u012fra\u0161us.<\/p>\n<p>-32GB atmintis: Nuotraukoms, video ir garso \u012fra\u0161ams.<\/p>\n<p>-Lengvas naudoti: Idealus naudotojams, kurie pageidauja kompakti\u0161ko ir lengvo \u012frenginio.<\/p>\n<p>-R+ AI vaizdo apdorojimo algoritmai: Pagerina vaizdo detales ir i\u0161naudoja viso jutiklio potencial\u0105.<\/p>\n","protected":false},"excerpt":{"rendered":"<p>Pa\u017eangiausias savo klas\u0117s jutiklis (&lt;18mK NETD). Integruotas lazerinio atstumo matuoklis. Ypa\u010d lengvai naudojamas: lengvas ir kompakti\u0161kas korpusas. Kei\u010diama baterij\u0173 sistema su standartin\u0117mis 18650 baterijomis.<\/p>\n<p>Jei prek\u0117 n\u0117ra prieinama, pra\u0161ome susisiekti su mumis: shop@nbg.eu arba +359896147790<\/p>\n","protected":false},"featured_media":685690,"template":"","meta":{"_acf_changed":false},"product_brand":[14458],"product_cat":[13712],"product_tag":[],"class_list":{"0":"post-685639","1":"product","2":"type-product","3":"status-publish","4":"has-post-thumbnail","6":"product_brand-nocpix","7":"product_cat-siluminiai","9":"first","10":"instock","11":"taxable","12":"shipping-taxable","13":"purchasable","14":"product-type-simple"},"acf":[],"_links":{"self":[{"href":"https:\/\/nbg.eu\/lt\/wp-json\/wp\/v2\/product\/685639","targetHints":{"allow":["GET"]}}],"collection":[{"href":"https:\/\/nbg.eu\/lt\/wp-json\/wp\/v2\/product"}],"about":[{"href":"https:\/\/nbg.eu\/lt\/wp-json\/wp\/v2\/types\/product"}],"wp:featuredmedia":[{"embeddable":true,"href":"https:\/\/nbg.eu\/lt\/wp-json\/wp\/v2\/media\/685690"}],"wp:attachment":[{"href":"https:\/\/nbg.eu\/lt\/wp-json\/wp\/v2\/media?parent=685639"}],"wp:term":[{"taxonomy":"product_brand","embeddable":true,"href":"https:\/\/nbg.eu\/lt\/wp-json\/wp\/v2\/product_brand?post=685639"},{"taxonomy":"product_cat","embeddable":true,"href":"https:\/\/nbg.eu\/lt\/wp-json\/wp\/v2\/product_cat?post=685639"},{"taxonomy":"product_tag","embeddable":true,"href":"https:\/\/nbg.eu\/lt\/wp-json\/wp\/v2\/product_tag?post=685639"}],"curies":[{"name":"wp","href":"https:\/\/api.w.org\/{rel}","templated":true}]}}