{"id":685803,"date":"2025-12-18T16:23:59","date_gmt":"2025-12-18T13:23:59","guid":{"rendered":"https:\/\/nbg.eu\/product\/terminis-ziuronai-nocpix-quest-h35r-lrf-640x512-netd-15mk\/"},"modified":"2026-01-21T12:22:39","modified_gmt":"2026-01-21T09:22:39","slug":"terminis-ziuronai-nocpix-quest-h35r-lrf-640x512-netd-15mk","status":"publish","type":"product","link":"https:\/\/nbg.eu\/lt\/produktas\/terminis-ziuronai-nocpix-quest-h35r-lrf-640x512-netd-15mk\/","title":{"rendered":"Terminis \u017ei\u016bronai Nocpix Quest H35R LRF 640&#215;512 NETD &lt;15mK"},"content":{"rendered":"<h2>Nocpix QUEST H35R LRF 640&#215;512 Termoviziniai \u017ei\u016bronai<\/h2>\n<p>QUEST yra lengvas ir ne\u0161iojamas, si\u016blantis aptikimo diapazon\u0105 iki 2600 m ir integruot\u0105 slapt\u0105 tolim\u0173 atstum\u0173 dalmier\u012f su 1000 m diapazonu, u\u017etikrinant\u012f didesn\u012f tikslum\u0105 ir matomum\u0105. Jo tradicinis \u017ei\u016bron\u0173 dizainas pasi\u017eymi visa guminiu padengiu ir IP67 \u012fvertinimu, u\u017etikrinan\u010diu patvarum\u0105 ir komfort\u0105 sunkiomis s\u0105lygomis. Apr\u016bpintas auk\u0161tos kokyb\u0117s 640&#215;512 jutikliu (NETD \u226415mK, 60Hz), QUEST u\u017etikrina i\u0161skirtin\u012f vaizdo ai\u0161kum\u0105, puiki\u0105 \u0161ilumin\u0119 jautrum\u0105 ir skland\u017ei\u0105 veikl\u0105 sud\u0117tingose aplinkose.<\/p>\n<h2>Puiki vaizdin\u0117 patirtis<\/h2>\n<p>Nocpix QUEST turi R+ vaizdo pagerinimo funkcij\u0105, u\u017etikrinan\u010di\u0105 puik\u0173 ai\u0161kum\u0105 ir tikslum\u0105, ir 1920&#215;1200 AMOLED ekran\u0105, u\u017etikrinant\u012f \u012ftraukian\u010di\u0105, aki\u0173 tausojan\u010di\u0105 per\u017ei\u016bros patirt\u012f.<\/p>\n<h2>I\u0161skirtinis jutiklis u\u017etikrina kokyb\u0119<\/h2>\n<p>Nocpix QUEST yra \u012frengtas auk\u0161tos kokyb\u0117s jutikliu (640&#215;512@12\u03bcm), kuris u\u017etikrina i\u0161skirtin\u012f vaizdo ai\u0161kum\u0105. Su NETD \u226415mK ir 60Hz kadro sparta, jis u\u017etikrina puiki\u0105 \u0161ilumin\u0119 jautrum\u0105, suteikdamas ai\u0161kius ir ry\u0161kius vaizdus net sud\u0117tingiausiose aplinkose.<\/p>\n<h2>Galinga aptikimo galia<\/h2>\n<p>Nocpix QUEST turi iki 2600 m aptikimo diapazon\u0105 ir integruot\u0105 slapt\u0105 tolim\u0173j\u0173 atstum\u0173 dalmir\u012f su iki 1000 m diapazonu, leid\u017eiant\u012f matyti toliau ir tiksliau nei kada nors anks\u010diau. Jis taip pat palaiko balistin\u012f skai\u010diavim\u0105, suteikiant\u012f duomen\u0173 palaikym\u0105 bendram med\u017eioklei.<\/p>\n<h2>Viena ranka valdoma<\/h2>\n<p>Nocpix QUEST pasi\u017eymi ergonomi\u0161ka, neslid\u017eia rankena su supaprastinta 4 mygtuk\u0173 i\u0161d\u0117stymu ir centralizuotais slankikliais, u\u017etikrinan\u010diais lengv\u0105 viena ranka valdym\u0105 ir tvirt\u0105 laikym\u0105 visomis s\u0105lygomis.<\/p>\n<h2>Lengvas ir ne\u0161iojamas<\/h2>\n<p>QUEST sveria tik 700 g ir yra su specialia ne\u0161iojimo krep\u0161io, u\u017etikrinan\u010dia lengv\u0105 ne\u0161iojim\u0105 ir komfort\u0105 lauko veikloms, tokioms kaip med\u017eiokl\u0117 ir \u017evalgyba.<\/p>\n<h2>I\u0161skirtin\u0117s galios naudojimas<\/h2>\n<p>QUEST serija turi dviej\u0173 baterij\u0173 dizain\u0105 su integruota ir kei\u010diama 18650 baterija, u\u017etikrinan\u010dia nesud\u0117ting\u0105 pakeitim\u0105 ir nepertraukiam\u0105 naudojim\u0105 j\u016bs\u0173 nuotykio metu.<\/p>\n<h2>Geriausia \u017ei\u016brono patirtis<\/h2>\n<p>QUEST turi tradicin\u012f \u017ei\u016brono dizain\u0105 su i\u0161rafinyta visa guminiu padengiu ir IP67 \u012fvertinimu nuo vandens ir dulki\u0173, u\u017etikrinan\u010diu patvarum\u0105 ir bendr\u0105 komfort\u0105.<\/p>\n","protected":false},"excerpt":{"rendered":"<p>Lengvas, ne\u0161iojamas \u0161iluminis \u017ei\u016bronas su 2600 m aptikimo diapazonu, 1000 m tolimojo atstumo matavimo prietaisu ir i\u0161skirtine vaizdo kokybe.<\/p>\n","protected":false},"featured_media":686415,"template":"","meta":{"_acf_changed":false},"product_brand":[14458],"product_cat":[13712,14688],"product_tag":[],"class_list":{"0":"post-685803","1":"product","2":"type-product","3":"status-publish","4":"has-post-thumbnail","6":"product_brand-nocpix","7":"product_cat-siluminiai","8":"product_cat-ziuronai","10":"first","11":"instock","12":"taxable","13":"shipping-taxable","14":"purchasable","15":"product-type-simple"},"acf":[],"_links":{"self":[{"href":"https:\/\/nbg.eu\/lt\/wp-json\/wp\/v2\/product\/685803","targetHints":{"allow":["GET"]}}],"collection":[{"href":"https:\/\/nbg.eu\/lt\/wp-json\/wp\/v2\/product"}],"about":[{"href":"https:\/\/nbg.eu\/lt\/wp-json\/wp\/v2\/types\/product"}],"wp:featuredmedia":[{"embeddable":true,"href":"https:\/\/nbg.eu\/lt\/wp-json\/wp\/v2\/media\/686415"}],"wp:attachment":[{"href":"https:\/\/nbg.eu\/lt\/wp-json\/wp\/v2\/media?parent=685803"}],"wp:term":[{"taxonomy":"product_brand","embeddable":true,"href":"https:\/\/nbg.eu\/lt\/wp-json\/wp\/v2\/product_brand?post=685803"},{"taxonomy":"product_cat","embeddable":true,"href":"https:\/\/nbg.eu\/lt\/wp-json\/wp\/v2\/product_cat?post=685803"},{"taxonomy":"product_tag","embeddable":true,"href":"https:\/\/nbg.eu\/lt\/wp-json\/wp\/v2\/product_tag?post=685803"}],"curies":[{"name":"wp","href":"https:\/\/api.w.org\/{rel}","templated":true}]}}