{"id":68602,"date":"2023-11-29T09:17:17","date_gmt":"2023-11-29T09:17:17","guid":{"rendered":"https:\/\/nbg.eu\/product\/geissele-super-duty-mod1-11-5-5-56mm-black\/"},"modified":"2026-05-13T16:48:42","modified_gmt":"2026-05-13T13:48:42","slug":"geissele-super-duty-mod1-11-5-5-56mm-black","status":"publish","type":"product","link":"https:\/\/nbg.eu\/lt\/produktas\/geissele-super-duty-mod1-11-5-5-56mm-black\/","title":{"rendered":"Geissele Pusiau Automatinis Karabinas Super Duty 11.5&#8243; 5.56MM &#8211; Black"},"content":{"rendered":"<h2>Geissele Super Duty &#8211; 11.5&#8243; 5.56MM<\/h2>\n<p>Geissele Super Duty yra 11.5&#8243; ilgio 5.56 NATO kalibro \u0161autuvas.<\/p>\n<h2>Pagrindin\u0117s savyb\u0117s:<\/h2>\n<ul>\n<li>11.5&#8243; \u0161alto kalimo, chromu dengtas vamzdis (1:7&#8243; \u017eingsnis)<\/li>\n<li>Pagaminta Geissele gamykloje North Wales, PA<\/li>\n<li>Karbino ilgio duj\u0173 sistema su kompakti\u0161ku duj\u0173 bloku<\/li>\n<li>10.5&#8243; SMR MK11.5 modulinis priekinis laikiklis su M-LOK suderinamumu<\/li>\n<li>7075-T6 aliuminio apatinis imtuvas su Ultra Duty dali\u0173 rinkiniu<\/li>\n<li>Abipusis saugiklis<\/li>\n<li>Super-42 spyruokl\u0117 ir H3 buferis<\/li>\n<\/ul>\n<h2>Specifikacijos:<\/h2>\n<ul>\n<li>Kalibras: 5.56 NATO<\/li>\n<li>Vamzdis: Geissele \u0161alto kalimo, chromu dengtas, 1\/7 \u017eingsnis<\/li>\n<li>Imtuvai: Kaltas 7075-T6, III tipo kietasis anodavimas<\/li>\n<li>Spynos grup\u0117: REBCG (Patobulintos patikimumo spynos grup\u0117)<\/li>\n<li>Nuleistukas: SSA-X su Lightning Bow<\/li>\n<li>Antgalis: Geissele Sparkout liepsnos slopintuvas<\/li>\n<li>U\u017etaisymo rankena: Airborne<\/li>\n<li>Spalva: DDC (Dykumos purvo spalva)*<\/li>\n<\/ul>\n<p><em>*Pastaba: DDC anodavimo atspalvis gali skirtis<\/em><\/p>\n<p>Geissele Super Duty \u0161autuvas yra kompakti\u0161kas ir efektyvus ginklas.<\/p>\n","protected":false},"excerpt":{"rendered":"<p>Geissele Super Duty: 11,5 coli\u0173 5,56 mm, pa\u017eangi technologija, tiksliai pagamintas.<\/p>\n","protected":false},"featured_media":191170,"template":"","meta":{"_acf_changed":false},"product_brand":[11386],"product_cat":[16199,13673,13741,15823],"product_tag":[],"class_list":{"0":"post-68602","1":"product","2":"type-product","3":"status-publish","4":"has-post-thumbnail","6":"product_brand-geissele","7":"product_cat-ar-15-rifles-lt","8":"product_cat-karabinai","9":"product_cat-sautuvas","10":"product_cat-semi-automatic-rifles-lt","12":"first","13":"instock","14":"taxable","15":"shipping-taxable","16":"product-type-simple"},"acf":[],"_links":{"self":[{"href":"https:\/\/nbg.eu\/lt\/wp-json\/wp\/v2\/product\/68602","targetHints":{"allow":["GET"]}}],"collection":[{"href":"https:\/\/nbg.eu\/lt\/wp-json\/wp\/v2\/product"}],"about":[{"href":"https:\/\/nbg.eu\/lt\/wp-json\/wp\/v2\/types\/product"}],"wp:featuredmedia":[{"embeddable":true,"href":"https:\/\/nbg.eu\/lt\/wp-json\/wp\/v2\/media\/191170"}],"wp:attachment":[{"href":"https:\/\/nbg.eu\/lt\/wp-json\/wp\/v2\/media?parent=68602"}],"wp:term":[{"taxonomy":"product_brand","embeddable":true,"href":"https:\/\/nbg.eu\/lt\/wp-json\/wp\/v2\/product_brand?post=68602"},{"taxonomy":"product_cat","embeddable":true,"href":"https:\/\/nbg.eu\/lt\/wp-json\/wp\/v2\/product_cat?post=68602"},{"taxonomy":"product_tag","embeddable":true,"href":"https:\/\/nbg.eu\/lt\/wp-json\/wp\/v2\/product_tag?post=68602"}],"curies":[{"name":"wp","href":"https:\/\/api.w.org\/{rel}","templated":true}]}}