{"id":686428,"date":"2026-01-08T18:14:39","date_gmt":"2026-01-08T15:14:39","guid":{"rendered":"https:\/\/nbg.eu\/product\/termotvirtinimas-nocpix-mate-ultra-s60r\/"},"modified":"2026-04-14T16:06:00","modified_gmt":"2026-04-14T13:06:00","slug":"termotvirtinimas-nocpix-mate-ultra-s60r","status":"publish","type":"product","link":"https:\/\/nbg.eu\/lt\/produktas\/termotvirtinimas-nocpix-mate-ultra-s60r\/","title":{"rendered":"Nocpix Terminis Adapteris Mate Ultra S60R"},"content":{"rendered":"<h2>Paversk savo dienin\u012f diapazon\u0105 \u012f moderni\u0105 terminio \u0161autuvo apimt\u012f su vienintele 1280&#215;1024 &#8222;Nocpix MATE Ultra S60R&#8221; terminio montavimo priemone \u2013 geriausiu priekyje montuojamu terminio montavimo sprendimu, sukurtu profesionaliam med\u017eiotojams, laukin\u0117s gamtos steb\u0117tojams ir \u0161auli\u0173, kurie reikalauja tikslumo.<\/h2>\n<p>Sukurta naudojant naujausi\u0105 vaizdo technologij\u0105, &#8222;Nocpix MATE Ultra S60R&#8221; suteikia neprilygstam\u0105 ai\u0161kum\u0105, didel\u0117s atstamos aptikim\u0105 ir pa\u017eangias funkcijas, u\u017etikrinan\u010dias puik\u0173 veikim\u0105 bet kokioje aplinkoje.<\/p>\n<h2>I\u0161skirtin\u0117 vaizdo kokyb\u0117 ir aptikimo diapazonas<\/h2>\n<p>Pagrindin\u0117 &#8222;Nocpix MATE Ultra S60R&#8221; dalis yra antros kartos HD 1280\u00d71024 terminis sensorius su ypa\u010d smulkiu 12 \u03bcm pikseliu \u017eingsniu ir jautrumu NETD \u226415mK, u\u017etikrinantis, kad net ma\u017eiausi \u0161iluminiai skirtumai b\u016bt\u0173 aptinkami. Didelis 60 mm F1,0 objektyvas surenka daugiau \u0161ilumin\u0117s energijos, u\u017etikrina ai\u0161kius vaizdus ir padidina diapazon\u0105, suteikdamas aptikimo atstum\u0105 iki 3100 m. Ar j\u016bs sekiate elnius au\u0161roje, ar ap\u017evelgiate pla\u010dius laukus nakt\u012f, S60R u\u017etikrina, kad neprarasite n\u0117 vienos detal\u0117s.<\/p>\n<h2>Pa\u017eangus vaizdo apdorojimas naudojant &#8222;Reality+&#8221; AI<\/h2>\n<p>Apr\u016bpinta dviej\u0173 atvaizd\u0173 algoritm\u0173 \u2013 galingu vaizdo procesoriumi ir i\u0161mani\u0105ja &#8222;Reality+&#8221; technologija \u2013 &#8222;MATE Ultra S60R&#8221; automati\u0161kai prisitaiko prie j\u016bs\u0173 apimties didinimo. Tai u\u017etikrina ai\u0161kius vaizdus, tiksl\u0173 priartinim\u0105 ir nuosekl\u0173 vaizdo stabilum\u0105 net r\u016bke, lietuje ar sunkiomis \u017eemos \u0161viesos s\u0105lygomis.<\/p>\n<p>&#8222;Magic Zoom&#8221; (be &#8222;LITE&#8221;) \u2013 automatinis vaizdo ir s\u0105sajos reguliavimas realiuoju laiku, u\u017etikrinantis skland\u0173 priartinim\u0105.<\/p>\n<p>7 skirtingos spalv\u0173 palet\u0117s \u2013 pasirinkite geriausi\u0105 terminio vaizdo nustatym\u0105 bet kuriai situacijai.<\/p>\n<p>1920\u00d71080 AMOLED ekranas \u2013 itin a\u0161tr\u016bs vaizdai su ry\u0161kiu kontrastu.<\/p>\n<h2>Sukurta tikslumui ir eti\u0161kai med\u017eioklei<\/h2>\n<p>Su \u012fmontuotu lazerio nuotoliomatuoriu (iki 1200 m) ir integruotu balistini\u0173 skai\u010diavim\u0173 kalkuliatoriumi S60R padeda priimti informuotus ir eti\u0161kus \u0161\u016bvio sprendimus. Vaizdas-vaizde (PIP) re\u017eimas pagerina taikymo tikslum\u0105, o sukr\u0117timo aktyvuotas video (RAV) u\u017etikrina, kad kiekvienas esminis momentas bus u\u017efiksuotas.<\/p>\n<p>Fotografij\u0173, vaizdo \u012fra\u0161\u0173 ir garso \u012fra\u0161ymas, 64 GB atmintis<\/p>\n<p>Wi-Fi ir nuotolinis prijungimas per N-Link<\/p>\n<p>U\u017eleidimo technologija, u\u017etikrinanti tyl\u0173 ir patikim\u0105 veikim\u0105<\/p>\n<h2>Tvirtas, prakti\u0161kas ir patikimas<\/h2>\n<p>Sukurtas darbui lauke, &#8222;MATE Ultra S60R&#8221; yra tiek patvairus, tiek lengvai naudojamas. Jis turi didel\u012f 60 mm akivarzd\u012f su &lt;1% i\u0161kraipymu, palaikant\u012f stabil\u0173 poveikio ta\u0161k\u0105 ir nuosekl\u0173 sulyginim\u0105 iki 16x didinimo. Maitinamas kei\u010diamomis 18650 baterijomis (4x \u012ftrauktos \u012f ULTRA komplekt\u0105), jis u\u017etikrina ilgalaik\u012f patikimum\u0105, skirt\u0105 i\u0161pl\u0117stin\u0117ms lauko sesijoms.<\/p>\n<h2>Pagrindin\u0117s specifikacijos<\/h2>\n<p>-Antros kartos Sub 15mk 1280\u00d71024 60Hz sensorius (Ultra)<\/p>\n<p>-F1,0 objektyvas \u2013 puikiai sugeria \u0161vies\u0105<\/p>\n<p>-Aptikimo diapazonas iki 3100 m<\/p>\n<p>-1200 m integruotas LRF (be LITE)<\/p>\n<p>-&#8222;Reality+&#8221; vaizdo apdorojimas su dirbtine intelekto<\/p>\n<p>-Balistini\u0173 skai\u010diavim\u0173 palaikymas<\/p>\n<p>-Nuotrauk\u0173\/vaizdo \u012fra\u0161\u0173\/garso \u012fra\u0161ymas, 64 GB atmintis<\/p>\n<p>-Sukr\u0117timo aktyvuotas video (RAV)<\/p>\n<p>-1920\u00d71080 rezoliucijos AMOLED ekranas<\/p>\n<p>-7 spalv\u0173 palet\u0117s<\/p>\n<p>-Wi-Fi\/N-Link nuotolinio valdymo suderinamumas<\/p>\n<p>-Kei\u010diamos 18650 baterijos<\/p>\n<h2>Kod\u0117l pasirinkti &#8222;Nocpix MATE Ultra S60R&#8221;?<\/h2>\n<p>Jei ie\u0161kote auk\u0161\u010diausio lygio terminio vaizdo montavimo sprendimo savo optiniam taikytuvui, &#8222;MATE Ultra S60R&#8221; si\u016blo tobul\u0105 didel\u0117s atstamos aptikimo, pa\u017eangi\u0173 AI vaizdo technologij\u0173 ir lauko patikimumo derin\u012f. Ar naudosite j\u012f med\u017eioklei, laukin\u0117s gamtos steb\u0117jimui ar taktin\u0117ms u\u017eduotims, jis atkuria tai, k\u0105 terminio vaizdo montavimo \u012franga gali pasiekti.<\/p>\n","protected":false},"excerpt":{"rendered":"<p>Paversk savo dienin\u012f objektyv\u0105 \u012f modern\u0173 termin\u012f \u0161autuvinio ginklo objektyv\u0105 su vienintele 1280\u00d71024 Nocpix MATE Ultra S60R terminiu montavimo \u012franga &#8211; geriausiu priekiniu terminiu montavimo \u012frenginiu, sukurtu profesionaliems med\u017eiotojams, laukin\u0117s gamtos steb\u0117tojams ir \u0161audytojams, kurie reikalauja tikslumo.<\/p>\n<p>Jei prek\u0117 n\u0117ra prieinama, susisiekite su mumis: shop@nbg.eu arba +359896147790<\/p>\n","protected":false},"featured_media":686508,"template":"","meta":{"_acf_changed":false},"product_brand":[14458],"product_cat":[13712,16086],"product_tag":[],"class_list":{"0":"post-686428","1":"product","2":"type-product","3":"status-publish","4":"has-post-thumbnail","6":"product_brand-nocpix","7":"product_cat-siluminiai","8":"product_cat-thermal-cameras-lt","10":"first","11":"instock","12":"taxable","13":"shipping-taxable","14":"purchasable","15":"product-type-simple"},"acf":[],"_links":{"self":[{"href":"https:\/\/nbg.eu\/lt\/wp-json\/wp\/v2\/product\/686428","targetHints":{"allow":["GET"]}}],"collection":[{"href":"https:\/\/nbg.eu\/lt\/wp-json\/wp\/v2\/product"}],"about":[{"href":"https:\/\/nbg.eu\/lt\/wp-json\/wp\/v2\/types\/product"}],"wp:featuredmedia":[{"embeddable":true,"href":"https:\/\/nbg.eu\/lt\/wp-json\/wp\/v2\/media\/686508"}],"wp:attachment":[{"href":"https:\/\/nbg.eu\/lt\/wp-json\/wp\/v2\/media?parent=686428"}],"wp:term":[{"taxonomy":"product_brand","embeddable":true,"href":"https:\/\/nbg.eu\/lt\/wp-json\/wp\/v2\/product_brand?post=686428"},{"taxonomy":"product_cat","embeddable":true,"href":"https:\/\/nbg.eu\/lt\/wp-json\/wp\/v2\/product_cat?post=686428"},{"taxonomy":"product_tag","embeddable":true,"href":"https:\/\/nbg.eu\/lt\/wp-json\/wp\/v2\/product_tag?post=686428"}],"curies":[{"name":"wp","href":"https:\/\/api.w.org\/{rel}","templated":true}]}}