{"id":686569,"date":"2026-01-08T18:15:06","date_gmt":"2026-01-08T15:15:06","guid":{"rendered":"https:\/\/nbg.eu\/product\/terminis-ziuronas-nocpix-mate-h50r\/"},"modified":"2026-04-14T16:05:56","modified_gmt":"2026-04-14T13:05:56","slug":"terminis-ziuronas-nocpix-mate-h50r","status":"publish","type":"product","link":"https:\/\/nbg.eu\/lt\/produktas\/terminis-ziuronas-nocpix-mate-h50r\/","title":{"rendered":"Nocpix Terminis Taikiklis Mate H50R"},"content":{"rendered":"<h2>Paversk savo kasdienin\u012f optin\u012f taikikl\u012f \u012f modern\u0173 termovizin\u012f taikikl\u012f su Nocpix MATE H50R<\/h2>\n<p>Paversk savo kasdienin\u012f optin\u012f taikikl\u012f \u012f modern\u0173 termovizin\u012f taikikl\u012f su vienintele 640X512 Nocpix MATE H50R termovizine \u017ei\u016brone &#8211; geriausia priekin\u0117 termovizin\u0117 \u017ei\u016bron\u0117, sukurta profesionaliems med\u017eiotojams, laukin\u0117s gamtos steb\u0117tojams ir \u0161auli\u0173, kurie reikalauja tikslumo.<\/p>\n<p>Sukurta naudojant naujausi\u0105 vaizdo apdorojimo technologij\u0105, Nocpix MATE H50R u\u017etikrina ne\u012ftik\u0117tin\u0105 ai\u0161kum\u0105, didel\u012f aptikimo nuotol\u012f ir pa\u017eangias funkcijas, u\u017etikrinan\u010dias auk\u0161t\u0105 veikimo na\u0161um\u0105 bet kokioje aplinkoje.<\/p>\n<h2>Ypatingas vaizdo kokyb\u0117 ir aptikimo nuotolis<\/h2>\n<p>Nocpix MATE Ultra H50R \u0161irdis yra 2-os kartos HD 640X512 terminis sensorius su ypa\u010d smulkiu 12 \u03bcm pikseli\u0173 \u017eingsniu ir jautrumu NETD \u226415mK, u\u017etikrinan\u010diu, kad b\u016bt\u0173 aptikti net menkiausi \u0161iluminiai skirtumai. Did\u017eiulis 50 mm F1.0 objektyvas surenka daugiau \u0161ilumin\u0117s energijos, u\u017etikrindamas itin ai\u0161kius vaizdus ir padidint\u0105 nuotol\u012f, suteikdamas aptikimo nuotol\u012f iki 2600 m. Nesvarbu, ar sekate elnius au\u0161roje, ar stebite pla\u010dius laukus nakt\u012f, H50R u\u017etikrina, kad nepra\u017e\u016bt\u0173 jokios smulkmenos.<\/p>\n<h2>Pa\u017eangus vaizdo apdorojimas su Reality+ AI<\/h2>\n<p>Apr\u016bpintas dviem vaizdo apdorojimo algoritmais &#8211; galingiuoju vaizdo procesoriu ir i\u0161mani\u0105ja Reality+ technologija &#8211; MATE Ultra H50R automati\u0161kai prisitaiko prie j\u016bs\u0173 \u017ei\u016brono didinimo. Tai u\u017etikrina ry\u0161kius vaizdus, tiksl\u0173 didinim\u0105 ir nuosekl\u0173 vaizdo stabilum\u0105 net r\u016bke, lietuje ar sunkiomis \u017eemos ap\u0161vietimo s\u0105lygomis.<\/p>\n<h2>Sukurtas tikslumui ir atsakingai med\u017eioklei<\/h2>\n<p>Su \u012fmontuotu lazerio atstumo matuokliu (iki 1200 m) ir integruotu balistinio skai\u010diavimo kalkuliatoriumi, H50R padeda priimti informuotus ir atsakingus \u0161\u016bvio sprendimus. Vaizdo re\u017eimas &#8222;Picture-in-Picture&#8221; (PIP) pagerina taiklum\u0105, o &#8222;Recoil-Activated Video&#8221; (RAV) u\u017etikrina, kad kiekvienas kritinis momentas bus u\u017efiksuotas.<\/p>\n<h2>Tvirtas, prakti\u0161kas ir patikimas<\/h2>\n<p>Sukurta lauko darbui, MATE Ultra H50R yra tiek tvirta, tiek lengva naudoti. Ji turi didel\u012f 60 mm akiduob\u0119 su &lt;1% i\u0161kraipymais, u\u017etikrinan\u010dius stabil\u0173 taikin\u012f ir nuosekl\u0173 sulyginim\u0105 iki 16x didinimo. Maitinama kei\u010diamomis 18650 baterijomis (4 \u012ftrauktos \u012f ULTRA komplekt\u0105), ji u\u017etikrina ilgalaik\u012f patikimum\u0105 i\u0161pl\u0117stiniams lauko darbams.<\/p>\n","protected":false},"excerpt":{"rendered":"<p>Paversk savo dienin\u012f diapazon\u0105 \u012f modern\u0173 terminio \u0161autuvo diapazon\u0105 tik su 640X512 Nocpix MATE H50R terminiu montavimo \u012ftaisu &#8211; geriausiu priekinio montavimo terminiu montavimo \u012ftaisu, sukurtu profesionaliems med\u017eiotojams, laukin\u0117s gamtos steb\u0117tojams ir \u0161auliai, kurie reikalauja tikslumo.<\/p>\n<p>Jei prek\u0117 n\u0117ra pasiekiama, susisiekite su mumis: shop@nbg.eu arba +359896147790<\/p>\n","protected":false},"featured_media":686668,"template":"","meta":{"_acf_changed":false},"product_brand":[14458],"product_cat":[13712],"product_tag":[],"class_list":{"0":"post-686569","1":"product","2":"type-product","3":"status-publish","4":"has-post-thumbnail","6":"product_brand-nocpix","7":"product_cat-siluminiai","9":"first","10":"instock","11":"taxable","12":"shipping-taxable","13":"purchasable","14":"product-type-simple"},"acf":[],"_links":{"self":[{"href":"https:\/\/nbg.eu\/lt\/wp-json\/wp\/v2\/product\/686569","targetHints":{"allow":["GET"]}}],"collection":[{"href":"https:\/\/nbg.eu\/lt\/wp-json\/wp\/v2\/product"}],"about":[{"href":"https:\/\/nbg.eu\/lt\/wp-json\/wp\/v2\/types\/product"}],"wp:featuredmedia":[{"embeddable":true,"href":"https:\/\/nbg.eu\/lt\/wp-json\/wp\/v2\/media\/686668"}],"wp:attachment":[{"href":"https:\/\/nbg.eu\/lt\/wp-json\/wp\/v2\/media?parent=686569"}],"wp:term":[{"taxonomy":"product_brand","embeddable":true,"href":"https:\/\/nbg.eu\/lt\/wp-json\/wp\/v2\/product_brand?post=686569"},{"taxonomy":"product_cat","embeddable":true,"href":"https:\/\/nbg.eu\/lt\/wp-json\/wp\/v2\/product_cat?post=686569"},{"taxonomy":"product_tag","embeddable":true,"href":"https:\/\/nbg.eu\/lt\/wp-json\/wp\/v2\/product_tag?post=686569"}],"curies":[{"name":"wp","href":"https:\/\/api.w.org\/{rel}","templated":true}]}}