{"id":686690,"date":"2026-01-08T18:14:07","date_gmt":"2026-01-08T15:14:07","guid":{"rendered":"https:\/\/nbg.eu\/product\/termovizine-kamera-nocpix-ace-l35-jutiklis-384x288-35-mm-objektyvas\/"},"modified":"2026-04-14T16:06:13","modified_gmt":"2026-04-14T13:06:13","slug":"termovizine-kamera-nocpix-ace-l35-jutiklis-384x288-35-mm-objektyvas","status":"publish","type":"product","link":"https:\/\/nbg.eu\/lt\/produktas\/termovizine-kamera-nocpix-ace-l35-jutiklis-384x288-35-mm-objektyvas\/","title":{"rendered":"Nocpix Termokamera ACE L35"},"content":{"rendered":"<h2>Nocpix ACE L35 \u0161ilumin\u0117 kamera<\/h2>\n<p>Nocpix ACE L35 sukurta sujungiant pa\u017eangiausias savybes, kurios reikalingos vartotojams, \u012f supaprastint\u0105 optik\u0105, kuri subalansuoja i\u0161pl\u0117stines galimybes su lengvu naudojimu lauke. Suprojektuota kaip tradicin\u0117 dienos optika, ACE suderinama su patronais arba pusiau automatiniu \u0161autuvais, naudojan\u010diais standartinius 30 mm tvirtinimus ir \u017eiedus. Vidin\u0117s USB-C \u012fkrovimo baterijos ir nuimamos 18650 \u012fkraunamos baterijos derinys leid\u017eia vartotojams keisti baterijas u\u017etikrinant neribot\u0105 veikimo laik\u0105. 1x iki 3x vaizdintuvo didinamasis objektyvas suteikia optin\u012f vaizdo didinim\u0105 2560&#215;2560 apskritos AMOLED ekrano, esan\u010dio vaizduoklyje. &#8222;Vision+&#8221; sistema suderina \u0161\u012f auk\u0161tos rai\u0161kos ekran\u0105 su 18 mK NETD jutikliu, kad b\u016bt\u0173 pasiektas ne\u012ftik\u0117tinai detalus ir tikslus vaizdas.<\/p>\n<p>Nocpix ACE L35 si\u016blo prieinamesn\u0119 variant\u0105 ACE linijoje pl\u0117\u0161ri\u0173j\u0173 gyv\u016bn\u0173 ir laukini\u0173 gyv\u016bn\u0173 med\u017eiotojams, kuriems nereikia lazerinio nuotolio matuoklio ar auk\u0161tesn\u0117s rai\u0161kos jutiklio. U\u017e labai ger\u0105 kain\u0105, ACE L35 i\u0161laiko visas kitas ACE termovizini\u0173 \u0161aunam\u0173j\u0173 \u012frengini\u0173 linijos savybes.<\/p>\n<p>Optinis vaizduoklio didinamasis objektyvas, turintis 1-3x didinim\u0105, suteikia papildom\u0105 ekrano didinim\u0105 be masto ar skaitmeninio priartinimo poky\u010di\u0173. Auk\u0161to kontrastingumo apvali AMOLED ekrano rai\u0161ka 2560&#215;2560 u\u017etikrina padidint\u0105 ai\u0161kum\u0105 ir detalum\u0105. Supaprastinti valdikliai pasi\u016blo geresn\u0119 ergonomik\u0105 ir geresne vartotojo patirt\u012f lauke. Naudoja \u012fprastas 18650 \u012fkraunamas baterijas. Ballistinio skai\u010diuotuvo funkcija rodo kulkos nusileidimo vertes, pagr\u012fstas \u012fvestimi i\u0161 lazerinio nuotolio matuoklio ir vartotojo pasirinktinio \u0161audmen\u0173 profilio. \u012ekraukite \u012frengin\u012f per unikaliai suprojektuot\u0105 u\u017efiksuojam\u0105 USB-C prievad\u0105.<\/p>\n","protected":false},"excerpt":{"rendered":"<p>Nopxpix ACE L35 termin\u0117 kamera pasi\u017eymi 384\u00d7288 jutikliu, 35 mm objektyvu, 4x skaitmenine u\u017edidinimo funkcija ir 60 Hz kadr\u0173 da\u017eniu, su 1970 jard\u0173 aptikimo diapazonu.<\/p>\n<p>Jei prek\u0117 nepasiekiama, pra\u0161ome susisiekti su mumis: shop@nbg.eu arba +359896147790<\/p>\n","protected":false},"featured_media":686775,"template":"","meta":{"_acf_changed":false},"product_brand":[14458],"product_cat":[16086],"product_tag":[],"class_list":{"0":"post-686690","1":"product","2":"type-product","3":"status-publish","4":"has-post-thumbnail","6":"product_brand-nocpix","7":"product_cat-thermal-cameras-lt","9":"first","10":"instock","11":"taxable","12":"shipping-taxable","13":"purchasable","14":"product-type-simple"},"acf":[],"_links":{"self":[{"href":"https:\/\/nbg.eu\/lt\/wp-json\/wp\/v2\/product\/686690","targetHints":{"allow":["GET"]}}],"collection":[{"href":"https:\/\/nbg.eu\/lt\/wp-json\/wp\/v2\/product"}],"about":[{"href":"https:\/\/nbg.eu\/lt\/wp-json\/wp\/v2\/types\/product"}],"wp:featuredmedia":[{"embeddable":true,"href":"https:\/\/nbg.eu\/lt\/wp-json\/wp\/v2\/media\/686775"}],"wp:attachment":[{"href":"https:\/\/nbg.eu\/lt\/wp-json\/wp\/v2\/media?parent=686690"}],"wp:term":[{"taxonomy":"product_brand","embeddable":true,"href":"https:\/\/nbg.eu\/lt\/wp-json\/wp\/v2\/product_brand?post=686690"},{"taxonomy":"product_cat","embeddable":true,"href":"https:\/\/nbg.eu\/lt\/wp-json\/wp\/v2\/product_cat?post=686690"},{"taxonomy":"product_tag","embeddable":true,"href":"https:\/\/nbg.eu\/lt\/wp-json\/wp\/v2\/product_tag?post=686690"}],"curies":[{"name":"wp","href":"https:\/\/api.w.org\/{rel}","templated":true}]}}