{"id":686825,"date":"2026-01-08T18:13:27","date_gmt":"2026-01-08T15:13:27","guid":{"rendered":"https:\/\/nbg.eu\/product\/terminis-kamera-nocpix-ace-h50r-12um-640x512-zeiss-rail\/"},"modified":"2026-04-14T17:19:22","modified_gmt":"2026-04-14T14:19:22","slug":"terminis-kamera-nocpix-ace-h50r-12um-640x512-zeiss-rail","status":"publish","type":"product","link":"https:\/\/nbg.eu\/lt\/produktas\/terminis-kamera-nocpix-ace-h50r-12um-640x512-zeiss-rail\/","title":{"rendered":"Nocpix Termokamera ACE H50R ZEISS RAIL"},"content":{"rendered":"<h2>Nocpix ACE H50R \u0161iluminio pavaros diapazonas: nepalyginamas med\u017eiokl\u0117s tikslumas ir ai\u0161kumas<\/h2>\n<p>Nocpix ACE H50R \u0161iluminis pavaros diapazonas jungia pa\u017eangias technologijas su atsparia konstrukcija nepalyginamo med\u017eiokl\u0117s patyrimo. Jame yra 640&#215;512 skiriamosios gebos \u0161iluminis jutiklis su \u226412mK NETD, kuris u\u017etikrina i\u0161skirtin\u012f vaizdo ai\u0161kum\u0105, 3100 metr\u0173 aptikimo diapazon\u0105 ir integruot\u0105 LRF tiksli\u0173 matavim\u0173 iki 1200 metr\u0173. Inovatyvus &#8222;Vision+&#8221; sistema si\u016blo aki\u0173 didinam\u0105j\u012f stikl\u0105 ai\u0161kiam artimam vaizdui, o dviguba baterij\u0173 sistema u\u017etikrina ilgalaik\u012f naudojim\u0105. Pagamintas i\u0161 didelio atsparumo aliuminio lydinio ir \u012fvertintas IP67, \u0161is pavaros diapazonas sukurtas tobulai veikti bet kokioje lauko aplinkoje ir prisitaikyti prie bet kokios situacijos.<\/p>\n<p>Nocpix ACE H50 \u0161iluminis pavaros diapazonas yra pa\u017eangus \u012frankis, skirtas pakeisti med\u017eiokl\u0117s patirt\u012f, nesvarbu, ar j\u016bs jud\u017eiate tamsi\u0105j\u0105 nakt\u012f, ar p\u016bstate \u017ev\u0117r\u012f per sud\u0117ting\u0105 teritorij\u0105. Kaip Nocpix flagmanin\u0117s ACE serijos dalis, \u0161is \u0161iluminis optinis diapazonas i\u0161siskiria savo auk\u0161t\u0105 kokyb\u0119 atvaizduo ir tikslumu, d\u0117ka viduje sukurto auk\u0161tos skiriamosios gebos \u0161iluminio jutiklio ir pa\u017eangi\u0173 &#8222;Reality+&#8221; ir &#8222;Vision+&#8221; sistem\u0173.<\/p>\n<p>Nocpix ACE H50R \u0161erdyje yra jos 2-osios kartos HD \u0161iluminis jutiklis, kuris giriasi 640&#215;512 skyra ir 60 Hz kadr\u0173 da\u017eniu, u\u017etikrinantis ne\u012ftik\u0117tinai stabil\u0173 veikim\u0105. Su \u226412mK NETD \u0161is diapazonas aptinka net ma\u017eiausius temperat\u016bros skirtumus, suteikdamas detal\u0173 ir lyg\u0173 \u0161ilumin\u012f vaizd\u0105, ideal\u0173 sekant greitai judan\u010dius taikinius realiu laiku. Pa\u017eangi &#8222;Reality+&#8221; atvaizdavimo technologija toliau gerina tai, pa\u0161alindama aplinkos temperat\u016bros triuk\u0161m\u0105 ir suteikdama geresn\u012f kontrast\u0105 ir ai\u0161kum\u0105 net sud\u0117tingomis med\u017eiokl\u0117s s\u0105lygomis.<\/p>\n<p>ACE H50R turi 50 mm\/F0.9 objektyv\u0105, kuris leid\u017eia 20 % daugiau \u0161viesos pasiekti jutikl\u012f, sukuriant \u0161viesesn\u012f ir ai\u0161kesn\u012f vaizd\u0105. Tai svarbu med\u017eiotojams, kurie siekia tikslumo, nes pagerintas \u0161viesos perdavimas suteikia geresn\u012f matomum\u0105 \u017eemo ap\u0161vietimo aplinkoje. Be to, 3100 metr\u0173 aptikimo diapazonas i\u0161skiria ACE, palengvindamas tolim\u0173 taikini\u0173 identifikavim\u0105 ir sekim\u0105, b\u016bdamas veiksmingesnis nei kada nors.<\/p>\n<p>&#8222;Vision+&#8221; sistema patobulina reg\u0117jimo patirt\u012f su 1,03 colio apvaliu AMOLED ekranu, kurio skiriamoji geba yra 2560&#215;2560. Jo optin\u0117 padidinamoji sistema, sukurta vengti i\u0161miglimo ir i\u0161kraipymo, b\u016bdingo tradiciniams elektroniniams priartinimams, u\u017etikrina med\u017eiotojams ai\u0161k\u0173, auk\u0161tos skiriamosios gebos artim\u0105 vaizd\u0105 be detali\u0173 praradimo. Tai suteikia \u012ftraukiam\u0105 ir patogi\u0105 \u017ei\u016br\u0117jimo patirt\u012f, nesvarbu, ar j\u016bs stebite grob\u012f i\u0161 tolo, ar priartinate tikslumui.<\/p>\n<p>Sukurta ilgalaikiam naudojimui lauke, ACE pasi\u017eymi dviguba baterij\u0173 sistema su \u012fmontuota 4000 mAh baterija ir papildoma i\u0161imama 18650 baterija, leid\u017eian\u010dia nenutr\u016bkstamai veikti ilgose med\u017eiokl\u0117s sesijose. Tvirta konstrukcija, pagaminta i\u0161 didelio stiprumo aliuminio lydinio, u\u017etikrina, kad ACE gali atlaikyti sunkias lauko s\u0105lygas ir intensyv\u0173 naudojim\u0105, atlaik\u0119 grie\u017etus atsparumo sm\u016bgiams testus. Turintis IP67 apsaug\u0105 nuo vandens, diapazonas i\u0161lieka patikimas nepalankiomis oro s\u0105lygomis, suteikdamas med\u017eiotojams ramyb\u0119, nepriklausomai nuo aplinkos.<\/p>\n<p>Sukurtas tur\u0117damas omenyje med\u017eiotojus, Nocpix ACE H50R turi esmini\u0173 funkcij\u0173, toki\u0173 kaip atsitraukimo aktyvuota vaizdo \u012fra\u0161ymas ir \u0161lyties dizainas, kad lauke b\u016bt\u0173 paprasta valdyti. Su naudotojui draugi\u0161kais papildiniais, tokiais kaip fokusavimo reguliatorius, \u012fkrovimo dangtis ir galimyb\u0117 tiesiogiai leisti video per Galerij\u0105, \u0161is diapazonas derina auk\u0161t\u0105 veiksmingum\u0105 ir patogum\u0105 optimaliai med\u017eiokl\u0117s patir\u010diai.<\/p>\n","protected":false},"excerpt":{"rendered":"<p>Nakt\u012f pikselio ACE H50R terminis \u0161autuvinio \u017ei\u016brono derina pa\u017eang\u0173 640&#215;512 12um jutikl\u012f, 3100m aptikim\u0105 ir integruot\u0105 LRF nepalyginamai med\u017eioklei.<\/p>\n","protected":false},"featured_media":686931,"template":"","meta":{"_acf_changed":false},"product_brand":[14458],"product_cat":[16086],"product_tag":[],"class_list":{"0":"post-686825","1":"product","2":"type-product","3":"status-publish","4":"has-post-thumbnail","6":"product_brand-nocpix","7":"product_cat-thermal-cameras-lt","9":"first","10":"instock","11":"taxable","12":"shipping-taxable","13":"purchasable","14":"product-type-simple"},"acf":[],"_links":{"self":[{"href":"https:\/\/nbg.eu\/lt\/wp-json\/wp\/v2\/product\/686825","targetHints":{"allow":["GET"]}}],"collection":[{"href":"https:\/\/nbg.eu\/lt\/wp-json\/wp\/v2\/product"}],"about":[{"href":"https:\/\/nbg.eu\/lt\/wp-json\/wp\/v2\/types\/product"}],"wp:featuredmedia":[{"embeddable":true,"href":"https:\/\/nbg.eu\/lt\/wp-json\/wp\/v2\/media\/686931"}],"wp:attachment":[{"href":"https:\/\/nbg.eu\/lt\/wp-json\/wp\/v2\/media?parent=686825"}],"wp:term":[{"taxonomy":"product_brand","embeddable":true,"href":"https:\/\/nbg.eu\/lt\/wp-json\/wp\/v2\/product_brand?post=686825"},{"taxonomy":"product_cat","embeddable":true,"href":"https:\/\/nbg.eu\/lt\/wp-json\/wp\/v2\/product_cat?post=686825"},{"taxonomy":"product_tag","embeddable":true,"href":"https:\/\/nbg.eu\/lt\/wp-json\/wp\/v2\/product_tag?post=686825"}],"curies":[{"name":"wp","href":"https:\/\/api.w.org\/{rel}","templated":true}]}}