{"id":686990,"date":"2025-12-18T18:25:22","date_gmt":"2025-12-18T15:25:22","guid":{"rendered":"https:\/\/nbg.eu\/product\/termovizine-kamera-nocpix-bolt-l35r\/"},"modified":"2026-02-27T15:50:53","modified_gmt":"2026-02-27T12:50:53","slug":"termovizine-kamera-nocpix-bolt-l35r","status":"publish","type":"product","link":"https:\/\/nbg.eu\/lt\/produktas\/termovizine-kamera-nocpix-bolt-l35r\/","title":{"rendered":"Termovizin\u0117 kamera Nocpix Bolt L35R"},"content":{"rendered":"<h2>Tobulai prad\u0117kite naktin\u012f med\u017eiokl\u0117s laimik\u012f: Nocpix Bolt L35R termovizin\u0117 kamera<\/h2>\n<p>Skirta pradedantiesiems, norintiems ai\u0161kumo, visuose \u012frenginiuose esan\u010dio patogumo ir pasitik\u0117jimo nuo pat prad\u017ei\u0173, Nocpix BOLT derina a\u0161tr\u0173 termovizin\u012f vaizd\u0105, \u012fmontuot\u0105 atstumo matavimo \u012frengin\u012f ir i\u0161mani\u0105sias balistines priemones kompakti\u0161kame, lengvai naudojamame dizaine \u2013 suteikdama naujiems med\u017eiotojams b\u016btent tai, ko reikia, kad med\u017eiot\u0173 protingai ir \u0161audyt\u0173 pasitik\u0117dami savimi.<\/p>\n<h2>Ai\u0161kiai matyti, tiksliai nustatyti<\/h2>\n<p>Nery\u0161k\u016bs vaizdai ir sunkiai \u012f\u017ei\u016brimi taikiniai yra da\u017ena problema naujiems termovizini\u0173 \u017ei\u016bron\u0173 naudotojams, ypa\u010d tamsoje. Tod\u0117l BOLT yra \u012frengtas su savo i\u0161sivystytu termosensoriumi, kurio NETD \u226420mK ir dideliu 50Hz kadro grei\u010diu, suteikian\u010diais jums skland\u017eius, auk\u0161tos rai\u0161kos vaizdus net ir sunkiomis s\u0105lygomis. M\u016bs\u0173 &#8222;Reality+&#8221; vaizd\u0173 apdorojimo algoritmo d\u0117ka, BOLT prasiskiria pro r\u016bk\u0105, kr\u016bmus ir tams\u0105, suteikdamas ai\u0161k\u0173 vaizd\u0105 ir patikim\u0105 taikini\u0173 identifikavim\u0105.<\/p>\n<h2>Lengvas, susikaup\u0119s<\/h2>\n<p>Esant naujam med\u017eiotojui, ypa\u010d kai dar pripranti prie tylaus jud\u0117jimo ir susikaupimo, svarbu. Tod\u0117l Nocpix BOLT palaikomas paprasta. Sverianti tik 880 gram\u0173 ir su kompakti\u0161ku, aerodirbantu dizainu, ji yra lengvai ne\u0161iojama, montuojama ir valdoma, net ir ilgose med\u017eiokl\u0117se.<\/p>\n<h2>\u017dinok atstum\u0105, med\u017eiok pasitik\u0117damas<\/h2>\n<p>Naujiems med\u017eiotojams atstum\u0105 nustatyti gali b\u016bti sunku, o pra\u0161auti \u0161\u016bviai gali supurtyti j\u0173 pasitik\u0117jim\u0105. BOLT pa\u0161alina \u0161audymo stres\u0105 su \u012fmontuotu 1200 metr\u0173 lazerio atstum\u0173 matuokliu ir i\u0161maniuoju balistiniu skai\u010diuokliu. Gaunate tiksli\u0105 atstumo informacij\u0105 ir momentin\u0119 \u0161audymo pagalb\u0105, kad kiekvien\u0105 \u0161\u016bv\u012f pataikytum\u0117te ten, kur reikia. Nuo pirmos med\u017eiokl\u0117s BOLT suteikia pradedantiesiems b\u016btin\u0105 prana\u0161um\u0105 \u0161audyti i\u0161maniau ir nuosekliau.<\/p>\n<h2>Med\u017eiok vis\u0105 dien\u0105, nesijaudinant d\u0117l energijos<\/h2>\n<p>I\u0161sekti baterij\u0105 med\u017eiokl\u0117s metu ko\u0161maras bet kuriam naujam med\u017eiotojui. Tod\u0117l BOLT suprojektuotas su dviej\u0173 baterij\u0173 sistema \u2013 ilgalaik\u0117s 5000mAh \u012fmontuotos baterijos ir i\u0161imamos 18650 atsargin\u0117s baterijos. Su bendru 9000mAh talpa, gaunate iki 12 valand\u0173 nepertraukiamo naudojimo. Jokio streso, joki\u0173 trikd\u017ei\u0173 \u2013 tik energija, kuri su jumis nuo saul\u0117tekio iki saul\u0117lyd\u017eio.<\/p>\n<h2>I\u0161manus prietaisas, \u012ftraukianti med\u017eiokl\u0117<\/h2>\n<p>Pradedantiesiems nauja \u012franga \u012fprasti gali b\u016bti sunku. BOLT lengvina proces\u0105 su kei\u010diamais taikikliais, reguliuojamais \u0161audymo nustatymais ir septyniais spalv\u0173 profiliais, skirtais \u012fvairioms aplinkoms. Be to, sklandus program\u0117l\u0117s prijungimas leid\u017eia jums pritaikyti savo nustatymus ir pasidalinti savo nuotykiais, paver\u010diant kiekvien\u0105 med\u017eiokl\u0119 ne tik i\u0161maniesn\u0119, bet ir linksmesn\u0119 bei \u012fdomesn\u0119.<\/p>\n<h2>Atsparus dizainas, patikimas veikimas<\/h2>\n<p>Kai tik pradedi, paskutinis dalykas, apie kur\u012f nor\u0117tum susir\u016bpinti, yra tavo \u012frangos l\u016b\u017eimas lauke. BOLT pagamintas tvirtas su atsparia vientiso aliuminio korpuso konstrukcija ir apsauga nuo dulki\u0173 bei vandens IP67. Ji i\u0161bandyta atlaikyti sm\u016bgius ir didel\u012f atatrankos j\u0117g\u0105, kad i\u0161likt\u0173 patikima ir tiksli, nepriklausomai nuo s\u0105lyg\u0173 sunkumo.<\/p>\n","protected":false},"excerpt":{"rendered":"<p>\u201eThermal Camera Nocpix Bolt L35R&#8221; si\u016blo a\u0161tr\u0173 \u0161iluminio vaizdo atvaizdavim\u0105, integruot\u0105 nuotolio matikl\u012f ir i\u0161mani\u0105sias balistines priemones kompakti\u0161kame, lengvai naudojamame dizaine naujiems naktini\u0173 med\u017eiokli\u0173 entuziastams.<\/p>\n<p>Jei prek\u0117s n\u0117ra galim\u0173 \u012fsigyti, pra\u0161ome kreiptis \u012f mus: shop@nbg.eu arba +359896147790<\/p>\n","protected":false},"featured_media":687394,"template":"","meta":{"_acf_changed":false},"product_brand":[14458],"product_cat":[2876],"product_tag":[],"class_list":{"0":"post-686990","1":"product","2":"type-product","3":"status-publish","4":"has-post-thumbnail","6":"product_brand-nocpix","7":"product_cat-rahohvatki","9":"first","10":"instock","11":"taxable","12":"shipping-taxable","13":"purchasable","14":"product-type-simple"},"acf":[],"_links":{"self":[{"href":"https:\/\/nbg.eu\/lt\/wp-json\/wp\/v2\/product\/686990","targetHints":{"allow":["GET"]}}],"collection":[{"href":"https:\/\/nbg.eu\/lt\/wp-json\/wp\/v2\/product"}],"about":[{"href":"https:\/\/nbg.eu\/lt\/wp-json\/wp\/v2\/types\/product"}],"wp:featuredmedia":[{"embeddable":true,"href":"https:\/\/nbg.eu\/lt\/wp-json\/wp\/v2\/media\/687394"}],"wp:attachment":[{"href":"https:\/\/nbg.eu\/lt\/wp-json\/wp\/v2\/media?parent=686990"}],"wp:term":[{"taxonomy":"product_brand","embeddable":true,"href":"https:\/\/nbg.eu\/lt\/wp-json\/wp\/v2\/product_brand?post=686990"},{"taxonomy":"product_cat","embeddable":true,"href":"https:\/\/nbg.eu\/lt\/wp-json\/wp\/v2\/product_cat?post=686990"},{"taxonomy":"product_tag","embeddable":true,"href":"https:\/\/nbg.eu\/lt\/wp-json\/wp\/v2\/product_tag?post=686990"}],"curies":[{"name":"wp","href":"https:\/\/api.w.org\/{rel}","templated":true}]}}