{"id":687716,"date":"2026-01-08T18:14:10","date_gmt":"2026-01-08T15:14:10","guid":{"rendered":"https:\/\/nbg.eu\/product\/terminis-monokulinis-lumi-h35\/"},"modified":"2026-04-14T16:06:10","modified_gmt":"2026-04-14T13:06:10","slug":"terminis-monokulinis-lumi-h35","status":"publish","type":"product","link":"https:\/\/nbg.eu\/lt\/produktas\/terminis-monokulinis-lumi-h35\/","title":{"rendered":"Nocpix Terminis Monokuliarus LUMI H35"},"content":{"rendered":"<h2>Nocpix LUMI H35: Neatsiejamas palydovas visiems atvejams<\/h2>\n<p>LUMI termovizini\u0173 monokuliar\u0173 serija yra sukurta naudoti tiek dien\u0105, tiek nakt\u012f, ir suteikia jums ypatingos kokyb\u0117s vaizdus net ir sud\u0117tingomis oro s\u0105lygomis, tokiomis kaip r\u016bkas, sm\u016bga ar lietus. Net jei kli\u016btys, kaip \u0161akos, auk\u0161ta \u017eol\u0117 ar tir\u0161ta augmenija, trukdo matyti, \u0161i technologija leid\u017eia jums ai\u0161kiai matyti tai, kas yra prie\u0161ais jus. Jie taip pat yra kompakti\u0161ki ir lengvi, tod\u0117l galite juos lengvai ne\u0161iotis su savimi bet kur.<\/p>\n<p>LUMI termovizin\u0117s kameros yra puikios \u012fvairi\u0173 panaudojim\u0173, toki\u0173 kaip med\u017eiokl\u0117, steb\u0117jimas, saugumas, vietov\u0117s orientavimasis ar paie\u0161ka ir gelb\u0117jimo operacijos.<\/p>\n<h2>Neprilygstamas vaizdo pateikimo na\u0161umas itin ai\u0161kiems vaizdams<\/h2>\n<p>LUMI serija kelia naujus standartus vaizdo kokyb\u0117s at\u017evilgiu. Apr\u016bpinta pa\u017eangiausiais vaizdo apdorojimo algoritmais ir galing\u0173 terminio jutiklio su NETD &lt; 18 mK, kamera pateikia itin ai\u0161kius ir realisti\u0161kus vaizdus. AMOLED ekranas su 1024 x 768 pikseli\u0173 rezoliucija u\u017etikrina ypating\u0105 vaizdo pateikim\u0105, o Ultra Clear re\u017eimas dar labiau optimizuoja vaizdo ai\u0161kum\u0105, ypa\u010d sud\u0117tingomis oro s\u0105lygomis.<\/p>\n<h2>Individuali \u017ei\u016br\u0117jimo patirtis \u2013 pritaikykite savo \u012frengin\u012f tobulai<\/h2>\n<p>D\u0117l didelio 640 x 512 px jutiklio ir \u012fvairi\u0173 reguliavimo parink\u010di\u0173, galite tiksliai pritaikyti \u012frengin\u012f pagal savo poreikius. Pasirinkite i\u0161 5 spalv\u0173 re\u017eim\u0173 ir optimizuokite savo vaizd\u0105 su 10 \u0161viesumo, ry\u0161kumo ir kontrastingumo lygi\u0173 &#8211; kad jokia detal\u0117 nelikt\u0173 nepasteb\u0117ta.<\/p>\n<h2>Patirtis su LUMI yra lengva dalintis<\/h2>\n<p>\u0160iuolaikiniam med\u017eiotojui u\u017efiksuoti ypatingus momentus yra svarbu. Su Nocpix LUMI H35, galite ne tik patogiai dalintis savo \u012fra\u0161ais per aplikacij\u0105, bet ir atkurti juos tiesiogiai \u012frenginyje &#8211; tobula galimyb\u0117 nedelsiant dalintis savo patirtimis su kitais.<\/p>\n<h2>Lanks\u010diam naudojimui d\u0117l kei\u010diamos baterijos sistemos<\/h2>\n<p>LUMI serija apr\u016bpinta standartin\u0117mis 18650 baterijomis, suteikian\u010diomis jums maksimal\u0173 lankstum\u0105. Nesvarbu, kur esate, su pridedamu baterij\u0173 \u012fkrovikliu b\u016bsite pasiruo\u0161\u0119 veiksmui per trumpiausi\u0105 laik\u0105 &#8211; ir gal\u0117site t\u0119sti savo misij\u0105.<\/p>\n","protected":false},"excerpt":{"rendered":"<p>Nocpix LUMI H35: Nepakei\u010diamas pagalbininkas visoms taikomosioms sritims. 640 jutiklis su 18 mK, AMOLED ekranas su 1024 \u00d7 768 pikseliais, kei\u010diamas 18650 akumuliatorius, aptikimo diapazonas apie 1800 metr\u0173, kompakti\u0161kas dizainas.<\/p>\n<p>Jei prek\u0117s n\u0117ra prieinam\u0173, susisiekite su mumis: shop@nbg.eu arba +359896147790<\/p>\n<p>\n","protected":false},"featured_media":687802,"template":"","meta":{"_acf_changed":false},"product_brand":[14458],"product_cat":[16085,13712],"product_tag":[],"class_list":{"0":"post-687716","1":"product","2":"type-product","3":"status-publish","4":"has-post-thumbnail","6":"product_brand-nocpix","7":"product_cat-monoculars-lt","8":"product_cat-siluminiai","10":"first","11":"instock","12":"taxable","13":"shipping-taxable","14":"purchasable","15":"product-type-simple"},"acf":[],"_links":{"self":[{"href":"https:\/\/nbg.eu\/lt\/wp-json\/wp\/v2\/product\/687716","targetHints":{"allow":["GET"]}}],"collection":[{"href":"https:\/\/nbg.eu\/lt\/wp-json\/wp\/v2\/product"}],"about":[{"href":"https:\/\/nbg.eu\/lt\/wp-json\/wp\/v2\/types\/product"}],"wp:featuredmedia":[{"embeddable":true,"href":"https:\/\/nbg.eu\/lt\/wp-json\/wp\/v2\/media\/687802"}],"wp:attachment":[{"href":"https:\/\/nbg.eu\/lt\/wp-json\/wp\/v2\/media?parent=687716"}],"wp:term":[{"taxonomy":"product_brand","embeddable":true,"href":"https:\/\/nbg.eu\/lt\/wp-json\/wp\/v2\/product_brand?post=687716"},{"taxonomy":"product_cat","embeddable":true,"href":"https:\/\/nbg.eu\/lt\/wp-json\/wp\/v2\/product_cat?post=687716"},{"taxonomy":"product_tag","embeddable":true,"href":"https:\/\/nbg.eu\/lt\/wp-json\/wp\/v2\/product_tag?post=687716"}],"curies":[{"name":"wp","href":"https:\/\/api.w.org\/{rel}","templated":true}]}}