{"id":687815,"date":"2026-01-08T18:13:58","date_gmt":"2026-01-08T15:13:58","guid":{"rendered":"https:\/\/nbg.eu\/product\/termine-kamera-ace-s60r\/"},"modified":"2026-04-14T16:06:17","modified_gmt":"2026-04-14T13:06:17","slug":"termine-kamera-ace-s60r","status":"publish","type":"product","link":"https:\/\/nbg.eu\/lt\/produktas\/termine-kamera-ace-s60r\/","title":{"rendered":"Nocpix Termokamera ACE S60R"},"content":{"rendered":"<h2>Produkto apra\u0161ymas<\/h2>\n<p>\u201eNocpix ACE S60R&#8221; terminis \u017ei\u016bronas yra naujas, pa\u017eangiausias \u012frankis, sukurtas elitiniams med\u017eiotojams, kurie reikalauja maksimalaus veikimo efektyvumo net ir sud\u0117tingiausiose aplinkose. D\u0117l pa\u017eangios technologijos ir tvirtos konstrukcijos \u0161is auk\u0161\u010diausios kokyb\u0117s terminis \u017ei\u016bronas pad\u0117s jums u\u017evie\u0161patauti naktyje ir suvaldyti laukin\u0119 gamt\u0105. Nepriklausomai nuo to, ar ie\u0161kote grobio dideliu atstumu, ar sekate greitai judan\u010dius objektus, \u201eACE S60R&#8221; si\u016blo nepriekai\u0161ting\u0105 ai\u0161kum\u0105, tikslum\u0105 ir patikimum\u0105.<\/p>\n<p>\u0160io nepaprastojo \u017ei\u016brono \u0161irdis yra 2-osios kartos HD terminis jutiklis su \u012fsp\u016bdinga 1280 \u00d7 1024 rai\u0161ka ir itin jautriu NETD \u2264 15mK. \u0160is naujausios kartos jutiklis leid\u017eia \u201eACE S60R&#8221; aptikti net ma\u017eiausius temperat\u016bros poky\u010dius ir suteikia ry\u0161kius, detalius terminius vaizdus realiuoju laiku. Su 50 Hz kadr\u0173 da\u017enio grei\u010diu \u017ei\u016bronas u\u017etikrina skland\u0173 vaizd\u0105, kuris atitinka j\u016bs\u0173 taikinio greit\u012f, leid\u017eiant j\u012f u\u017efiksuoti neprilygstamai tiksliai.<\/p>\n<p>\u201eNocpix ACE S60R&#8221; taip pat turi 60 mm\/F1,0 objektyv\u0105, kuris surenka 20 % daugiau \u0161viesos nei \u012fprasti \u017ei\u016bronai, suteikdamas ry\u0161kesnius ir ai\u0161kesnius vaizdus net ir tamsiausiomis s\u0105lygomis. D\u0117l neprilygstamo ilgo nuotolio aptikimo iki 3100 metr\u0173 j\u016bs galite lengvai identifikuoti ir sekti tolimus taikinius, taip \u012fgaudami kritin\u012f prana\u0161um\u0105 ilg\u0173 nuotoli\u0173 med\u017eioklei ir \u0161audymo scenarijams. Kartu su \u201eNocpix&#8221; nuosaviu \u201eReality+&#8221; vaizdo apdorojimo algoritmu \u201eACE S60R&#8221; \u017eymiai suma\u017eina aplinkos triuk\u0161m\u0105, u\u017etikrindamas a\u0161trius, auk\u0161to kontrastingumo vaizdus kiekvien\u0105 kart\u0105.<\/p>\n<p>Tiems, kurie pageidauja dar daugiau vaizdo ai\u0161kumo, \u201eACE S60R&#8221; turi novatori\u0161k\u0105j\u0105 \u201eVision+&#8221; sistem\u0105. Apvalus 1,03 coli\u0173 2560 \u00d7 2560 AMOLED ekranas kartu su lyderiaujan\u010diu akies l\u0119\u0161iu padidinimu u\u017etikrina nepriekai\u0161ting\u0105 optik\u0105, be jokio mirg\u0117jimo ar i\u0161kraipymo, b\u016bdingo elektroniniam priartinimui. \u0160i prover\u017eio technologija u\u017etikrina kristalinio ai\u0161kumo vaizd\u0105 ir plat\u0173 matymo lauk\u0105, nesvarbu, ar j\u016bs art\u0117jate prie taikinio, ar ap\u017evelgiate aplink\u0105.<\/p>\n<p>Tikslumas svarbus med\u017eiokl\u0117je, o \u201eACE S60R&#8221; nenuvili\u0105. \u012emontuotas lazerinis nuotolismatis (LRF) suteikia tikslias matavimus iki 1200 metr\u0173. LRF yra organi\u0161kai integruotas \u012f eleganti\u0161k\u0105 dizain\u0105, i\u0161laikydamas tikr\u0105j\u012f optin\u012f a\u0161i\u0173 suderinim\u0105 ir leid\u017eia jums apskai\u010diuoti tiksl\u0173 atstum\u0105, nekei\u010diant fokusavimo. Be to, su \u012ftaisyta balistini\u0173 skai\u010diavim\u0173 funkcija, \u201eACE S60R&#8221; u\u017etikrina, kad j\u016bs\u0173 \u0161\u016bviai b\u016bt\u0173 tiksl\u016bs, atsi\u017evelgdamas \u012f kiekvien\u0105 faktori\u0173 tobulam tikslumui.<\/p>\n<p>Sukurta su med\u017eiotojais galvoje, \u201eNocpix ACE S60R&#8221; taip pat turi dviej\u0173 akumuliatori\u0173 sistem\u0105 su \u012fmontuotu 4000 mAh akumuliatoriumi ir nuimamu 18650 akumuliatoriumi, kad veikt\u0173 ilgiau lauke. Nebeturite r\u016bpintis, kad liks be maitinimo med\u017eiokl\u0117s \u012fkar\u0161tyje &#8211; \u0161i sistema sukurta j\u016bs\u0173 nuotykiui t\u0119stis kiek tik reikia. Be to, funkcijos, kaip automatinis ekrano i\u0161jungimas, sm\u016bgio suaktyvintas vaizdo \u012fra\u0161ymas ir dizainas be dangtelio, paver\u010dia \u0161\u012f termin\u012f \u017ei\u016bron\u0105 tikru \u017eaidim\u0173 keitikliu lauko s\u0105lygomis.<\/p>\n<p>Sukurta i\u0161tv\u0117rusi sunkiausias lauko s\u0105lygas, \u201eACE S60R&#8221; pagaminta i\u0161 auk\u0161tos kokyb\u0117s aliuminio lydini\u0173, grie\u017etai i\u0161bandyta, kad atlaikyt\u0173 ekstremaliausius sm\u016bgius ir intensyv\u0173 naudojim\u0105. \u012evertinta IP67 vandens atsparumu, ji puikiai funkcionuoja per liet\u0173, dulkes ir i\u0161\u0161\u016bking\u0105 aplink\u0105, u\u017etikrinant, kad j\u016bs\u0173 \u017ei\u016bronas toks pat atsparus, kaip ir j\u016bs\u0173 med\u017eiokliniai instinktai.<\/p>\n<p>\u201eNocpix ACE S60R&#8221; yra daugiau nei terminis taikiklis &#8211; tai galutinis med\u017eioklinink\u0173 palydovas. Su pa\u017eangiausia technologija, i\u0161skirtine patvarumu ir daugybe pa\u017eangi\u0173 funkcij\u0173, sukurt\u0173 pagilinti j\u016bs\u0173 med\u017eiokl\u0117s patirt\u012f, \u0161is taikiklis perdefiniuos j\u016bs\u0173 l\u016bkes\u010dius d\u0117l j\u016bs\u0173 \u012frangos. Pasirenkite u\u017evie\u0161patauti naktyje.<\/p>\n","protected":false},"excerpt":{"rendered":"<p>Nocpix ACE S60R terminis objektyvas yra pa\u017eangus \u012frankis elitiniams med\u017eiotojams, si\u016blantis nepriekai\u0161ting\u0105 ai\u0161kum\u0105, tikslum\u0105 ir patikimum\u0105 net ir sud\u0117tingiausiose aplinkose. Jo II kartos HD terminis jutiklis, 60 mm \/ F1.0 objektyvas ir pa\u017eangesn\u0117 Vision+ sistema u\u017etikrina ypatingos kokyb\u0117s vaizdus, o integruotas lazerinis nuotolmatis, ballistiniai skai\u010diavimai ir dviej\u0173 akumuliatori\u0173 sistema u\u017etikrina tikslum\u0105 ir ilgesn\u012f naudojim\u0105. Pagamintas i\u0161 tvirto aliuminio lydini\u0173 ir turintis IP67 apsaugos klas\u0119, ACE S60R yra sukurtas atlaikyti net ir sunkiausias s\u0105lygas.<\/p>\n<p>Jei prek\u0117 n\u0117ra prieinama, pra\u0161ome susisiekti su mumis: shop@nbg.eu arba +359896147790<\/p>\n","protected":false},"featured_media":687845,"template":"","meta":{"_acf_changed":false},"product_brand":[14458],"product_cat":[16086],"product_tag":[],"class_list":{"0":"post-687815","1":"product","2":"type-product","3":"status-publish","4":"has-post-thumbnail","6":"product_brand-nocpix","7":"product_cat-thermal-cameras-lt","9":"first","10":"instock","11":"taxable","12":"shipping-taxable","13":"purchasable","14":"product-type-simple"},"acf":[],"_links":{"self":[{"href":"https:\/\/nbg.eu\/lt\/wp-json\/wp\/v2\/product\/687815","targetHints":{"allow":["GET"]}}],"collection":[{"href":"https:\/\/nbg.eu\/lt\/wp-json\/wp\/v2\/product"}],"about":[{"href":"https:\/\/nbg.eu\/lt\/wp-json\/wp\/v2\/types\/product"}],"wp:featuredmedia":[{"embeddable":true,"href":"https:\/\/nbg.eu\/lt\/wp-json\/wp\/v2\/media\/687845"}],"wp:attachment":[{"href":"https:\/\/nbg.eu\/lt\/wp-json\/wp\/v2\/media?parent=687815"}],"wp:term":[{"taxonomy":"product_brand","embeddable":true,"href":"https:\/\/nbg.eu\/lt\/wp-json\/wp\/v2\/product_brand?post=687815"},{"taxonomy":"product_cat","embeddable":true,"href":"https:\/\/nbg.eu\/lt\/wp-json\/wp\/v2\/product_cat?post=687815"},{"taxonomy":"product_tag","embeddable":true,"href":"https:\/\/nbg.eu\/lt\/wp-json\/wp\/v2\/product_tag?post=687815"}],"curies":[{"name":"wp","href":"https:\/\/api.w.org\/{rel}","templated":true}]}}