{"id":688027,"date":"2025-10-17T23:10:38","date_gmt":"2025-10-17T20:10:38","guid":{"rendered":"https:\/\/nbg.eu\/product\/pusiau-automatinis-pistoletas-kmr-w-02-spectra-s-9x19-kalibras\/"},"modified":"2026-04-16T17:55:35","modified_gmt":"2026-04-16T14:55:35","slug":"pusiau-automatinis-pistoletas-kmr-w-02-spectra-s-9x19-kalibras","status":"publish","type":"product","link":"https:\/\/nbg.eu\/lt\/produktas\/pusiau-automatinis-pistoletas-kmr-w-02-spectra-s-9x19-kalibras\/","title":{"rendered":"KMR Pusiau Automatinis Pistoletas W-02 SPECTRA S"},"content":{"rendered":"<h2>KMR W-02 SPECTRA S OR Pusiau automatinis pistoletas &#8211; 9&#215;19 Kalibras<\/h2>\n<p>Greitis derinamas su kompakti\u0161kumu. KMR W-02 SPECTRA S OR yra pistoletas su kompakti\u0161kesne konstrukcija ir suma\u017einta rankena. Kaip ir m\u016bs\u0173 kituose modeliuose, galite tik\u0117tis didelio tikslumo ir sklandaus, sklandaus veikimo su \u0161iuo pistoletu. Pistoletas yra su BRS vamzd\u017eio stabilizavimo sistema, KMR priedais, visi\u0161kai reguliuojamu u\u017epakalinio taikiklio, var\u017eyb\u0173 gaiduku ir optikos paruo\u0161ta s\u0105saja.<\/p>\n<p>Savyb\u0117s:<\/p>\n<ul>\n<li>5&#8243; Sunkus, grioveliais, nitr\u016bruotas vamzdis<\/li>\n<li>BRS \u2013 Vamzd\u017eio \u017eiedo sistema \u2013 Vamzd\u017eio stabilizavimo sistema slinktis<\/li>\n<li>R\u0117mas ir slinktis i\u0161 plieno, CNC apdirbta i\u0161 vientisos plok\u0161t\u0117s<\/li>\n<li>Nitr\u016bruoti r\u0117mas ir slinktis \u2013 juodi<\/li>\n<li>R\u0117mas suma\u017eintas rankenos srityje<\/li>\n<li>Optinei \u012frangai skirta s\u0105saja (OR)<\/li>\n<li>Optinio pluo\u0161to priekinis taikiklis (1 mm)<\/li>\n<li>Visi\u0161kai reguliuojamas OR galin\u0117s dalies taikiklis<\/li>\n<li>SA\/DA gaiduko mechanizmas<\/li>\n<li>Plieno raikytas SA\/DA gaidukas su reguliuojamu poslinkiu \u2013 juodas<\/li>\n<li>Trumpas atstatymas<\/li>\n<li>Var\u017eybinis SA\/DA gaidukas<\/li>\n<li>I\u0161pl\u0117stinis kairysis rankin\u0117s saugos st\u016bmiklis<\/li>\n<li>Plok\u0161\u010dias de\u0161inysis rankin\u0117s saugos st\u016bmiklis<\/li>\n<li>Duralumo WAVES ranken\u0117l\u0117s \u2013 tamsiai raudonos<\/li>\n<li>Reguliuojama duralumo u\u017etaiso atleidimo mygtukas \u2013 juodas<\/li>\n<li>U\u017etaisas 9&#215;19, 9&#215;21, talpa 17 \u0161ovini\u0173<\/li>\n<li>U\u017etaisai \u2013 3x<\/li>\n<li>KMR Pistoleto d\u0117klas, Valymo rinkinys, KMR Alyva, Vamzd\u017eio montavimo \u012frankis, Pagrindinis spyruokl\u0117 14 svar\u0173, Gr\u012f\u017etamieji spyruokl\u0117s 11 svar\u0173, 13 svar\u0173, Buferi\u0173 rinkinys, \u0160e\u0161iakampiai raktai, Fiksatorius, Garantijos kortel\u0117, Naudotojo vadovas<\/li>\n<\/ul>\n<p>Specifikacijos:<\/p>\n<ul>\n<li>Kalibras: 9&#215;19, 9&#215;21<\/li>\n<li>Bendras ilgis: 220 mm \/ 8.7 col.<\/li>\n<li>Slinktis ilgis: 194 mm \/ 7.6 col.<\/li>\n<li>Bendras plotis: 39 mm \/ 1.5 col.<\/li>\n<li>Slinktis plotis: 26 mm \/ 1 col.<\/li>\n<li>Bendras auk\u0161tis: 146 mm \/ 5.7 col.<\/li>\n<li>Taikyklio linija: 177 mm \/ 7 col.<\/li>\n<li>Vamzd\u017eio ilgis: 127 mm \/ 5 col.<\/li>\n<li>U\u017etaiso talpa: 17<\/li>\n<li>Gaiduko mechanizmas: SA \/ DA<\/li>\n<li>Gaiduko traukimas: 17,5 N \/ 45 N<\/li>\n<li>Gr\u012f\u017etamoji spyruokl\u0117: 12 svar\u0173<\/li>\n<li>Pagrindinis spyruokl\u0117: 17 svar\u0173<\/li>\n<li>Svoris (be u\u017etaiso): 1230 g \/ 43.4 uncijos<\/li>\n<li>Svoris (su tu\u0161\u010diu u\u017etaisu): 1320 g \/ 46.6 uncijos<\/li>\n<\/ul>\n","protected":false},"excerpt":{"rendered":"<p>Greitis ir kompakti\u0161kumas. KMR W-02 SPECTRA S OR yra pistoletas su kompakti\u0161kesniu dizainu ir suma\u017einta rankena. Kaip ir su kitais m\u016bs\u0173 modeliais, \u0161iuo pistoletu galite tik\u0117tis didel\u0117s tikslumo ir sklandaus, sklandaus veikimo. Pistoletas yra su BRS vamzd\u017eio stabilizavimo sistema, KMR priedais, reguliuojamu u\u017epakalinio taikiklio, konkurso kaltiniu ir paruo\u0161tas optikos s\u0105sajoms.<\/p>\n","protected":false},"featured_media":688061,"template":"","meta":{"_acf_changed":false},"product_brand":[11496],"product_cat":[13740],"product_tag":[],"class_list":{"0":"post-688027","1":"product","2":"type-product","3":"status-publish","4":"has-post-thumbnail","6":"product_brand-kmr-precision","7":"product_cat-pistoletai","9":"first","10":"instock","11":"taxable","12":"shipping-taxable","13":"purchasable","14":"product-type-simple"},"acf":[],"_links":{"self":[{"href":"https:\/\/nbg.eu\/lt\/wp-json\/wp\/v2\/product\/688027","targetHints":{"allow":["GET"]}}],"collection":[{"href":"https:\/\/nbg.eu\/lt\/wp-json\/wp\/v2\/product"}],"about":[{"href":"https:\/\/nbg.eu\/lt\/wp-json\/wp\/v2\/types\/product"}],"wp:featuredmedia":[{"embeddable":true,"href":"https:\/\/nbg.eu\/lt\/wp-json\/wp\/v2\/media\/688061"}],"wp:attachment":[{"href":"https:\/\/nbg.eu\/lt\/wp-json\/wp\/v2\/media?parent=688027"}],"wp:term":[{"taxonomy":"product_brand","embeddable":true,"href":"https:\/\/nbg.eu\/lt\/wp-json\/wp\/v2\/product_brand?post=688027"},{"taxonomy":"product_cat","embeddable":true,"href":"https:\/\/nbg.eu\/lt\/wp-json\/wp\/v2\/product_cat?post=688027"},{"taxonomy":"product_tag","embeddable":true,"href":"https:\/\/nbg.eu\/lt\/wp-json\/wp\/v2\/product_tag?post=688027"}],"curies":[{"name":"wp","href":"https:\/\/api.w.org\/{rel}","templated":true}]}}