{"id":688141,"date":"2025-10-17T23:30:59","date_gmt":"2025-10-17T20:30:59","guid":{"rendered":"https:\/\/nbg.eu\/product\/pusiau-automatinis-pistoletas-kmr-umbra-w-02-kal-9x19-atasukintas-vamzdis\/"},"modified":"2026-04-16T17:55:31","modified_gmt":"2026-04-16T14:55:31","slug":"pusiau-automatinis-pistoletas-kmr-umbra-w-02-kal-9x19-atasukintas-vamzdis","status":"publish","type":"product","link":"https:\/\/nbg.eu\/lt\/produktas\/pusiau-automatinis-pistoletas-kmr-umbra-w-02-kal-9x19-atasukintas-vamzdis\/","title":{"rendered":"KMR Pusiau Automatinis Pistoletas W-02 UMBRA su Sriegiuotu Vamzd\u017eiu"},"content":{"rendered":"<h2>KMR W-02 UMBRA OR &#8211; Galingas ir kompakti\u0161kas pistoletas konkurenciniams \u0161audyn\u0117ms<\/h2>\n<p>Su \u0161iuo kompakti\u0161kuoju pistoletu j\u016bs nesiklysite var\u017eybose, prie\u0161ingai, galite nustebinti.<\/p>\n<p>Pistoletas yra su KMR priedais ir BRS vamzd\u017eio stabilizavimo sistema, tod\u0117l tai rei\u0161kia taikin\u012f \u012f de\u0161imtuk\u0105.<\/p>\n<p>\u0160is modelis skirtas ne tik sporto \u0161audyn\u0117ms, bet ir kiekvienam aistringam \u0161audytojui.<\/p>\n<h2>Pagrindin\u0117s savyb\u0117s<\/h2>\n<ul>\n<li>4,5 coli\u0173 sunkus, gr\u016bdintas, gr\u0119\u017etas vamzdis<\/li>\n<li>BRS &#8211; vamzd\u017eio \u017eiedo sistema &#8211; vamzd\u017eio stabilizavimo sistema slide&#8217;e<\/li>\n<li>R\u0117mas ir slide&#8217;as i\u0161 plieno, CNC apdirbti i\u0161 vientiso bloko<\/li>\n<li>Nitr\u016bruotas r\u0117mas ir slide&#8217;as &#8211; juodos spalvos<\/li>\n<li>Skirtas optik\u0105 pritvirtinti (OR)<\/li>\n<li>Pluo\u0161tin\u0117s optikos priekin\u0117 taikin\u0117s \u017eym\u0117 (1 mm)<\/li>\n<li>Visi\u0161kai reguliuojama OR u\u017epakalin\u0117 taikin\u0117s \u017eym\u0117<\/li>\n<li>Saviatidar\u0117s \/ dvigubo veikimo (SA\/DA) gaidukas<\/li>\n<li>Plieno rai\u017eytas SA\/DA gaidukas su reguliuojamu pertekliniu ejimu &#8211; juodos spalvos<\/li>\n<li>Trumpa at\u0161oka<\/li>\n<li>Var\u017eybinis SA\/DA \u0161luotuvas<\/li>\n<li>I\u0161pl\u0117stin\u0117 kair\u0117s rankos saugiklio svirtis<\/li>\n<li>Plok\u0161\u010dia de\u0161in\u0117s rankos saugiklio svirtis<\/li>\n<li>Duraliumin\u0117 WAVES rankena &#8211; juodos spalvos<\/li>\n<li>Reguliuojama duraliumin\u0117 kroviklio atleidimo mygtukas &#8211; juodos spalvos<\/li>\n<li>D\u0117tuv\u0117 9\u00d719, 9\u00d721 su talpa 17 \u0161ovini\u0173<\/li>\n<\/ul>\n<h2>Kas yra \u012ftraukta<\/h2>\n<ul>\n<li>KMR W-02 UMBRA OR pistoletas<\/li>\n<li>3 vnt. d\u0117tuvi\u0173<\/li>\n<li>Valymo rinkinys<\/li>\n<li>KMR alyva<\/li>\n<li>Vamzd\u017eio montavimo \u012frankis<\/li>\n<li>Gr\u0105\u017eto spyruokl\u0117 14 lbs<\/li>\n<li>At\u0161okos spyruokl\u0117 11 lbs, 13 lbs<\/li>\n<li>Amortizatori\u0173 rinkinys<\/li>\n<li>\u0160e\u0161iabriauniai raktai<\/li>\n<li>Fiksatorius<\/li>\n<li>Garantijos kortel\u0117<\/li>\n<li>Vartotojo vadovas<\/li>\n<li>KMR Precision Arms reklamini\u0173 lipuk\u0173 rinkinys<\/li>\n<\/ul>\n<h2>Specifikacijos<\/h2>\n<ul>\n<li>Kalibras: 9\u00d719, 9\u00d721<\/li>\n<li>Bendras ilgis: 208 mm \/ 8,2 col.<\/li>\n<li>Slide ilgis: 181 mm \/ 7 col.<\/li>\n<li>Bendras plotis: 39 mm \/ 1,5 col.<\/li>\n<li>Slide plotis: 26 mm \/ 1 col.<\/li>\n<li>Bendras auk\u0161tis: 143 mm \/ 5,6 col.<\/li>\n<li>Taikin\u0117s linija: 164 mm \/ 6,5 col.<\/li>\n<li>Vamzd\u017eio ilgis: 114 mm \/ 4,5 col.<\/li>\n<li>D\u0117tuv\u0117s talpa: 17<\/li>\n<li>Gaiduko mechanizmas: SA \/ DA<\/li>\n<li>Gaiduko spaudimas: 17,5 N \/ 45 N<\/li>\n<li>At\u0161okos spyruokl\u0117: 12 lbs<\/li>\n<li>Gr\u0105\u017eto spyruokl\u0117: 17 lbs<\/li>\n<li>Svoris (be d\u0117tuv\u0117s): 1180 g \/ 41,6 oz<\/li>\n<li>Svoris (su tu\u0161\u010dia d\u0117tuve): 1270 g \/ 44,8 oz<\/li>\n<\/ul>\n","protected":false},"excerpt":{"rendered":"<p>Ma\u017eas ir kompakti\u0161kas, ta\u010diau galingas KMR W-02 UMBRA OR 9&#215;19 pistoletas su sriegiuotu vamzd\u017eiu ir BRS vamzd\u017eio stabilizavimu.<\/p>\n","protected":false},"featured_media":0,"template":"","meta":{"_acf_changed":false},"product_brand":[],"product_cat":[13757],"product_tag":[],"class_list":{"0":"post-688141","1":"product","2":"type-product","3":"status-publish","5":"product_cat-nekategorizuota","7":"first","8":"instock","9":"taxable","10":"shipping-taxable","11":"purchasable","12":"product-type-simple"},"acf":[],"_links":{"self":[{"href":"https:\/\/nbg.eu\/lt\/wp-json\/wp\/v2\/product\/688141","targetHints":{"allow":["GET"]}}],"collection":[{"href":"https:\/\/nbg.eu\/lt\/wp-json\/wp\/v2\/product"}],"about":[{"href":"https:\/\/nbg.eu\/lt\/wp-json\/wp\/v2\/types\/product"}],"wp:attachment":[{"href":"https:\/\/nbg.eu\/lt\/wp-json\/wp\/v2\/media?parent=688141"}],"wp:term":[{"taxonomy":"product_brand","embeddable":true,"href":"https:\/\/nbg.eu\/lt\/wp-json\/wp\/v2\/product_brand?post=688141"},{"taxonomy":"product_cat","embeddable":true,"href":"https:\/\/nbg.eu\/lt\/wp-json\/wp\/v2\/product_cat?post=688141"},{"taxonomy":"product_tag","embeddable":true,"href":"https:\/\/nbg.eu\/lt\/wp-json\/wp\/v2\/product_tag?post=688141"}],"curies":[{"name":"wp","href":"https:\/\/api.w.org\/{rel}","templated":true}]}}