{"id":688788,"date":"2025-12-22T15:23:07","date_gmt":"2025-12-22T12:23:07","guid":{"rendered":"https:\/\/nbg.eu\/product\/hyllus-duffel-karine-zalia-65-litrai\/"},"modified":"2026-04-15T14:31:06","modified_gmt":"2026-04-15T11:31:06","slug":"hyllus-duffel-karine-zalia-65-litrai","status":"publish","type":"product","link":"https:\/\/nbg.eu\/lt\/produktas\/hyllus-duffel-karine-zalia-65-litrai\/","title":{"rendered":"Eberlestock Kelioninis Krep\u0161ys Hyllus &#8211; 65 Litr\u0173"},"content":{"rendered":"<h2>Hyllus duffelis &#8211; 65 litrai<\/h2>\n<p>Hyllus duffelis yra vandeniui atsparus, itin tvirtas duffelis, idealiai tinkantis \u012frangai sukrauti \u012f sunkve\u017eim\u012f ar rankin\u012f baga\u017e\u0105. Grindys ir \u0161onin\u0117s sienel\u0117s pagamintos i\u0161 1000D TPU dengt\u0173 nailono, o vir\u0161us &#8211; i\u0161 500D TPU dengt\u0173 nailono ripstop.<\/p>\n<p>Vidin\u0117s ir i\u0161orin\u0117s u\u017etraukiamos ki\u0161en\u0117s palengvina ma\u017e\u0173 daikt\u0173 tvarkym\u0105 ir saugojim\u0105, o platus pagrindinio skyriaus \u012f\u0117jimas leid\u017eia greitai sud\u0117ti drabu\u017eius ir stambius daiktus. Hyllus turi dir\u017eelius, kurie leid\u017eia patogiai pritvirtinti prie i\u0161traukiamos lagamino rankenos.<\/p>\n<h2>Matmenys<\/h2>\n<p>65 l t\u016bris: 3966 ci<br \/>\n65 l svoris: 2,5 Lb<br \/>\n65 l matmenys: 11 H x 27 L x 13 W<\/p>\n<h2>Savyb\u0117s<\/h2>\n<p>Vandeniui atspari konstrukcija<br \/>\nDidelis pagrindinis skyrius su u\u017etraukiamomis vidin\u0117mis organizacin\u0117mis ki\u0161en\u0117mis<br \/>\nI\u0161orin\u0117s u\u017etraukiamos ki\u0161en\u0117s abiejose pus\u0117se ir priekyje<br \/>\nDuffelio ne\u0161imo dir\u017eai<\/p>\n","protected":false},"excerpt":{"rendered":"<p>Hyllus duffel- 65 litrai yra vandeniui atsparus, itin tvirtas duflo krep\u0161ys, turintis 3966ci t\u016br\u012f ir sveri\u0105ntis 2,5Svarai.<\/p>\n","protected":false},"featured_media":688871,"template":"","meta":{"_acf_changed":false},"product_brand":[15146],"product_cat":[13681],"product_tag":[],"class_list":{"0":"post-688788","1":"product","2":"type-product","3":"status-publish","4":"has-post-thumbnail","6":"product_brand-eberlestock","7":"product_cat-saudyklos-krepsiai","9":"first","10":"instock","11":"taxable","12":"shipping-taxable","13":"purchasable","14":"product-type-variable","15":"wvs-archive-product-wrapper"},"acf":[],"_links":{"self":[{"href":"https:\/\/nbg.eu\/lt\/wp-json\/wp\/v2\/product\/688788","targetHints":{"allow":["GET"]}}],"collection":[{"href":"https:\/\/nbg.eu\/lt\/wp-json\/wp\/v2\/product"}],"about":[{"href":"https:\/\/nbg.eu\/lt\/wp-json\/wp\/v2\/types\/product"}],"wp:featuredmedia":[{"embeddable":true,"href":"https:\/\/nbg.eu\/lt\/wp-json\/wp\/v2\/media\/688871"}],"wp:attachment":[{"href":"https:\/\/nbg.eu\/lt\/wp-json\/wp\/v2\/media?parent=688788"}],"wp:term":[{"taxonomy":"product_brand","embeddable":true,"href":"https:\/\/nbg.eu\/lt\/wp-json\/wp\/v2\/product_brand?post=688788"},{"taxonomy":"product_cat","embeddable":true,"href":"https:\/\/nbg.eu\/lt\/wp-json\/wp\/v2\/product_cat?post=688788"},{"taxonomy":"product_tag","embeddable":true,"href":"https:\/\/nbg.eu\/lt\/wp-json\/wp\/v2\/product_tag?post=688788"}],"curies":[{"name":"wp","href":"https:\/\/api.w.org\/{rel}","templated":true}]}}