{"id":688901,"date":"2025-12-22T15:33:09","date_gmt":"2025-12-22T12:33:09","guid":{"rendered":"https:\/\/nbg.eu\/product\/hyllus-duffel-karine-zalia-45-litras\/"},"modified":"2026-04-15T14:31:02","modified_gmt":"2026-04-15T11:31:02","slug":"hyllus-duffel-karine-zalia-45-litras","status":"publish","type":"product","link":"https:\/\/nbg.eu\/lt\/produktas\/hyllus-duffel-karine-zalia-45-litras\/","title":{"rendered":"Eberlestock Kelioninis Krep\u0161ys Hyllus &#8211; 45 Litr\u0173"},"content":{"rendered":"<h2>Hyllus Duffel- 45 litrai<\/h2>\n<p>Hyllus Duffel yra vanden\u012f atsparus, itin tvirtas duflio krep\u0161ys, puikiai tinkantis \u012frangai sud\u0117ti \u012f sunkve\u017eim\u012f ar baga\u017ein\u0119. Grindys ir \u0161onin\u0117s sienel\u0117s pagamintos i\u0161 1000D TPU padengtos nailono, o vir\u0161us i\u0161 500D TPU padengtos nailono ripstop.<\/p>\n<p>Vidin\u0117s ir i\u0161orin\u0117s u\u017etraukiamos ki\u0161en\u0117s palengvina smulki\u0173 daikt\u0173 tvarkym\u0105 ir saugojim\u0105, o didel\u0117 pagrindin\u0117 skyriaus atver\u010diama sistema leid\u017eia greitai sud\u0117ti drabu\u017eius ir stambius daiktus. Hyllus turi dirpin\u012f dir\u017e\u0105, kuriuo galima pritvirtinti prie i\u0161traukiamos lagamino rankenos.<\/p>\n<h2>Matmenys<\/h2>\n<p>45L t\u016bris: 2746 ci<br \/>\n45L svoris: 2 svarai<br \/>\n45L matmenys: 10 x 22 x 12 coli\u0173<\/p>\n<h2>Funkcijos<\/h2>\n<ul>\n<li>Vanden\u012f atspari konstrukcija<\/li>\n<li>Didel\u0117 pagrindin\u0117 skyra su u\u017etrauktukais u\u017edaromomis vidin\u0117mis organizacin\u0117mis ki\u0161en\u0117mis<\/li>\n<li>I\u0161orin\u0117s u\u017etraukiamos ki\u0161en\u0117s abiejuose \u0161onuose ir priekyje<\/li>\n<li>Duflio ne\u0161imo dir\u017eai<\/li>\n<\/ul>\n","protected":false},"excerpt":{"rendered":"<p>Hyllus duflio krep\u0161ys yra vandeniui atsparus, itin patvaraus dizaino, 45 litr\u0173 talpos krep\u0161ys, idealiai tinkantis \u012frangai ve\u017eti automobilyje ar kabinin\u0117je.<\/p>\n","protected":false},"featured_media":705368,"template":"","meta":{"_acf_changed":false},"product_brand":[15146],"product_cat":[13681],"product_tag":[],"class_list":{"0":"post-688901","1":"product","2":"type-product","3":"status-publish","4":"has-post-thumbnail","6":"product_brand-eberlestock","7":"product_cat-saudyklos-krepsiai","9":"first","10":"instock","11":"taxable","12":"shipping-taxable","13":"purchasable","14":"product-type-variable","15":"wvs-archive-product-wrapper"},"acf":[],"_links":{"self":[{"href":"https:\/\/nbg.eu\/lt\/wp-json\/wp\/v2\/product\/688901","targetHints":{"allow":["GET"]}}],"collection":[{"href":"https:\/\/nbg.eu\/lt\/wp-json\/wp\/v2\/product"}],"about":[{"href":"https:\/\/nbg.eu\/lt\/wp-json\/wp\/v2\/types\/product"}],"wp:featuredmedia":[{"embeddable":true,"href":"https:\/\/nbg.eu\/lt\/wp-json\/wp\/v2\/media\/705368"}],"wp:attachment":[{"href":"https:\/\/nbg.eu\/lt\/wp-json\/wp\/v2\/media?parent=688901"}],"wp:term":[{"taxonomy":"product_brand","embeddable":true,"href":"https:\/\/nbg.eu\/lt\/wp-json\/wp\/v2\/product_brand?post=688901"},{"taxonomy":"product_cat","embeddable":true,"href":"https:\/\/nbg.eu\/lt\/wp-json\/wp\/v2\/product_cat?post=688901"},{"taxonomy":"product_tag","embeddable":true,"href":"https:\/\/nbg.eu\/lt\/wp-json\/wp\/v2\/product_tag?post=688901"}],"curies":[{"name":"wp","href":"https:\/\/api.w.org\/{rel}","templated":true}]}}