{"id":688990,"date":"2024-09-02T13:30:54","date_gmt":"2024-09-02T10:30:54","guid":{"rendered":"https:\/\/nbg.eu\/product\/bipod-harris-s-lm-notch-rotate-9-13\/"},"modified":"2026-05-13T17:00:37","modified_gmt":"2026-05-13T14:00:37","slug":"bipod-harris-s-lm-notch-rotate-9-13","status":"publish","type":"product","link":"https:\/\/nbg.eu\/lt\/produktas\/bipod-harris-s-lm-notch-rotate-9-13\/","title":{"rendered":"Bipod Harris &#8211; S -LM Notch Rotate 9-13&#8243;"},"content":{"rendered":"<div class=\"product-description\">\n<h2>Bipod Harris &#8211; S -LM Notch Rotate 9-13&#8243;<\/h2>\n<p>Pagerinkite \u0161audymo patirt\u012f naudodami \u201eBipod Harris S-LM Notch Rotate&#8221;. \u0160is ypa\u010d lengvas ir universalus bipodas puikiai tinka \u0161audymui i\u0161 gulimos pad\u0117ties ar stalo atr\u0117mimo.<\/p>\n<ul>\n<li>Reguliuojamas auk\u0161tis: nuo 9&#8243; iki 13&#8243;<\/li>\n<li>Tiesioginis tvirtinimas prie &#8222;Picatinny&#8221; b\u0117gelio<\/li>\n<li>Sukimo funkcija nelygioms vietov\u0117ms<\/li>\n<li>Lygios kojos lengvam i\u0161skleidimui<\/li>\n<li>Sveria tik 13,5 oz<\/li>\n<li>\u012etaisytas dir\u017eo tvirtinimo kai\u0161tis<\/li>\n<li>100% pagamintas JAV<\/li>\n<\/ul>\n<p>Pagamintas i\u0161 kar\u0161tai apdirbto plieno ir kiet\u0173 lydini\u0173, su kiet\u0173 gumini\u0173 kojeli\u0173 galais ir plastikiniu ranken\u0117le. Juoda anodizuota apdaila u\u017etikrina ilgaam\u017ei\u0161kum\u0105 ir stili\u0173.<\/p>\n<p>Patirti tikslum\u0105 ir stabilum\u0105 su \u0161ios auk\u0161tos kokyb\u0117s bipodo, skirtu rimtiems \u0161auliams, kurie reikalauja geriausio.<\/p>\n<\/div>\n","protected":false},"excerpt":{"rendered":"<p>Universalus 9-13&#8243; dvikojis, sukasi nelygioje vietov\u0117je, ypa\u010d lengvas 13,5 uncij\u0173.<\/p>\n","protected":false},"featured_media":35223,"template":"","meta":{"_acf_changed":false},"product_brand":[12019],"product_cat":[13720,13741,13702],"product_tag":[],"class_list":{"0":"post-688990","1":"product","2":"type-product","3":"status-publish","4":"has-post-thumbnail","6":"product_brand-harris-bipods","7":"product_cat-dvikojai","8":"product_cat-sautuvas","9":"product_cat-sautuvu-derinimas","11":"first","12":"instock","13":"taxable","14":"shipping-taxable","15":"purchasable","16":"product-type-simple"},"acf":[],"_links":{"self":[{"href":"https:\/\/nbg.eu\/lt\/wp-json\/wp\/v2\/product\/688990","targetHints":{"allow":["GET"]}}],"collection":[{"href":"https:\/\/nbg.eu\/lt\/wp-json\/wp\/v2\/product"}],"about":[{"href":"https:\/\/nbg.eu\/lt\/wp-json\/wp\/v2\/types\/product"}],"wp:featuredmedia":[{"embeddable":true,"href":"https:\/\/nbg.eu\/lt\/wp-json\/wp\/v2\/media\/35223"}],"wp:attachment":[{"href":"https:\/\/nbg.eu\/lt\/wp-json\/wp\/v2\/media?parent=688990"}],"wp:term":[{"taxonomy":"product_brand","embeddable":true,"href":"https:\/\/nbg.eu\/lt\/wp-json\/wp\/v2\/product_brand?post=688990"},{"taxonomy":"product_cat","embeddable":true,"href":"https:\/\/nbg.eu\/lt\/wp-json\/wp\/v2\/product_cat?post=688990"},{"taxonomy":"product_tag","embeddable":true,"href":"https:\/\/nbg.eu\/lt\/wp-json\/wp\/v2\/product_tag?post=688990"}],"curies":[{"name":"wp","href":"https:\/\/api.w.org\/{rel}","templated":true}]}}