{"id":689018,"date":"2024-08-16T23:15:24","date_gmt":"2024-08-16T20:15:24","guid":{"rendered":"https:\/\/nbg.eu\/product\/buffer-wide-set-kmr\/"},"modified":"2026-05-13T15:10:41","modified_gmt":"2026-05-13T12:10:41","slug":"buffer-wide-set-kmr","status":"publish","type":"product","link":"https:\/\/nbg.eu\/lt\/produktas\/buffer-wide-set-kmr\/","title":{"rendered":"KMR Pla\u010di\u0173 Buferi\u0173 Rinkinys"},"content":{"rendered":"<h2>BUFFER WIDE &#8211; KMR KOMPLEKTAS<\/h2>\n<p>Pagerinkite savo KMR pistoleto na\u0161um\u0105 su BUFFER WIDE &#8211; KMR KOMPLEKTU, auk\u0161tos kokyb\u0117s atatrankos buferio sistema, sukurta, kad pagerint\u0173 valdym\u0105 ir tikslum\u0105. Pagaminta i\u0161 auk\u0161tos kokyb\u0117s med\u017eiag\u0173, \u0161ie buferiai veikia kartu, suma\u017eindami jau\u010diam\u0105 atatrank\u0105, apsaugodami r\u0117m\u0105 nuo slankiojan\u010dio poveikio, kartu leid\u017eiant tiksliai reguliuoti j\u016bs\u0173 ginklo cikl\u0173 greit\u012f.<\/p>\n<p>Pasi\u017eymintis unikaliu pla\u010diu dizainu, BUFFER WIDE &#8211; KMR KOMPLEKTAS teikia puik\u0173 energijos sugerties efektyvum\u0105, veiksmingai slopindamas kiekvieno \u0161\u016bvio atgalin\u0119 j\u0117g\u0105. Tai rei\u0161kia greitesn\u012f taikini\u0173 atgavim\u0105, pager\u0117jus\u012f pakartotini\u0173 \u0161\u016bvi\u0173 pataikym\u0105 ir suma\u017eint\u0105 kritini\u0173 komponent\u0173 nusid\u0117v\u0117jim\u0105 ir gedimus.<\/p>\n<p>Pritaikykite savo KMR na\u0161um\u0105 su pridedamu buferi\u0173 svori\u0173 pasirinkimu, leid\u017eian\u010diu tiksliai reguliuoti cikl\u0173 greit\u012f, kad atitikt\u0173 j\u016bs\u0173 amunicij\u0105 ir \u0161audymo stili\u0173. Nepriklausomai nuo to, ar esate kovinis \u0161aulys, siekiantis konkurencinio prana\u0161umo, ar laisvalaikio entuziastas, siekiantis i\u0161naudoti savo KMR potencial\u0105, BUFFER WIDE &#8211; KMR KOMPLEKTAS yra idealus patobulinimas, pakeliantis j\u016bs\u0173 patirt\u012f.<\/p>\n<p>Pakelkite savo KMR pistoleto na\u0161um\u0105 su BUFFER WIDE &#8211; KMR KOMPLEKTU, geriausiu atatrankos valdymo sprendimu konkurenciniams \u0161auliams ir reikliausiems savininkams.<\/p>\n","protected":false},"excerpt":{"rendered":"<p>Tiksliai apdirbti buferiai KMR pistoletams, suma\u017einantys juntam\u0105 atatrankos j\u0117g\u0105 ir tiksliai reguliuojantys ciklo greit\u012f.<\/p>\n","protected":false},"featured_media":23643,"template":"","meta":{"_acf_changed":false},"product_brand":[11496],"product_cat":[13691],"product_tag":[],"class_list":{"0":"post-689018","1":"product","2":"type-product","3":"status-publish","4":"has-post-thumbnail","6":"product_brand-kmr-precision","7":"product_cat-kmr-dalys","9":"first","10":"instock","11":"taxable","12":"shipping-taxable","13":"product-type-simple"},"acf":[],"_links":{"self":[{"href":"https:\/\/nbg.eu\/lt\/wp-json\/wp\/v2\/product\/689018","targetHints":{"allow":["GET"]}}],"collection":[{"href":"https:\/\/nbg.eu\/lt\/wp-json\/wp\/v2\/product"}],"about":[{"href":"https:\/\/nbg.eu\/lt\/wp-json\/wp\/v2\/types\/product"}],"wp:featuredmedia":[{"embeddable":true,"href":"https:\/\/nbg.eu\/lt\/wp-json\/wp\/v2\/media\/23643"}],"wp:attachment":[{"href":"https:\/\/nbg.eu\/lt\/wp-json\/wp\/v2\/media?parent=689018"}],"wp:term":[{"taxonomy":"product_brand","embeddable":true,"href":"https:\/\/nbg.eu\/lt\/wp-json\/wp\/v2\/product_brand?post=689018"},{"taxonomy":"product_cat","embeddable":true,"href":"https:\/\/nbg.eu\/lt\/wp-json\/wp\/v2\/product_cat?post=689018"},{"taxonomy":"product_tag","embeddable":true,"href":"https:\/\/nbg.eu\/lt\/wp-json\/wp\/v2\/product_tag?post=689018"}],"curies":[{"name":"wp","href":"https:\/\/api.w.org\/{rel}","templated":true}]}}