{"id":689044,"date":"2025-03-06T13:09:16","date_gmt":"2025-03-06T10:09:16","guid":{"rendered":"https:\/\/nbg.eu\/product\/clawgear-picatinny-qd-mount\/"},"modified":"2026-05-13T16:03:39","modified_gmt":"2026-05-13T13:03:39","slug":"clawgear-picatinny-qd-mount","status":"publish","type":"product","link":"https:\/\/nbg.eu\/lt\/produktas\/clawgear-picatinny-qd-mount\/","title":{"rendered":"Clawgear Picatinny QD Mount"},"content":{"rendered":"<h2>Clawgear Picatinny QD tvirtinimo elementas<\/h2>\n<p>Padidinkite savo \u0161autuvo universalum\u0105 naudodami Clawgear Picatinny QD tvirtinimo element\u0105, kuris yra tvirtas tvirtinimo ta\u0161kas QD dir\u017eelio \u012fvor\u0117ms. Suderinamas su M-LOK s\u0105sajomis, \u0161is tvirtinimo elementas pasi\u017eymi:<\/p>\n<ul>\n<li>Kompakti\u0161ka konstrukcija su suapvalintais kampais, kad b\u016bt\u0173 patogiau valdyti<\/li>\n<li>Tvirta metalin\u0117 konstrukcija su juoda danga, kad b\u016bt\u0173 atspari<\/li>\n<li>Ner\u016bdijan\u010dio plieno M-Lok ver\u017el\u0117s, kad b\u016bt\u0173 atsparios korozijai ir ilgaam\u017ei\u0161kos<\/li>\n<li>360 laipsni\u0173 sukimosi galimyb\u0117<\/li>\n<\/ul>\n<p>Rekomenduojame naudoti auk\u0161tos kokyb\u0117s QD dir\u017eelio \u012fvores, kad b\u016bt\u0173 u\u017etikrintas optimalus suderinamumas. Visada patikrinkite, ar \u012fvor\u0117 yra tvirtai u\u017efiksuota, patraukdami ir pasukdami j\u0105.<\/p>\n<h2>Specifikacijos:<\/h2>\n<ul>\n<li>B\u0117gi\u0173 sistema: M-Lok<\/li>\n<li>Svoris: 25g<\/li>\n<li>Matmenys (supakuota): 18 x 9,4 x 1 cm<\/li>\n<\/ul>\n","protected":false},"excerpt":{"rendered":"<p>Patvar\u016bs M-LOK QD dir\u017eo laikikliai su 360\u00b0 sukimusi saugiam pritvirtinimui.<\/p>\n","protected":false},"featured_media":240832,"template":"","meta":{"_acf_changed":false},"product_brand":[11232],"product_cat":[13755,13677,13741,13702],"product_tag":[],"class_list":{"0":"post-689044","1":"product","2":"type-product","3":"status-publish","4":"has-post-thumbnail","6":"product_brand-clawgear","7":"product_cat-begeliai","8":"product_cat-dirzeliai","9":"product_cat-sautuvas","10":"product_cat-sautuvu-derinimas","12":"first","13":"instock","14":"taxable","15":"shipping-taxable","16":"purchasable","17":"product-type-simple"},"acf":[],"_links":{"self":[{"href":"https:\/\/nbg.eu\/lt\/wp-json\/wp\/v2\/product\/689044","targetHints":{"allow":["GET"]}}],"collection":[{"href":"https:\/\/nbg.eu\/lt\/wp-json\/wp\/v2\/product"}],"about":[{"href":"https:\/\/nbg.eu\/lt\/wp-json\/wp\/v2\/types\/product"}],"wp:featuredmedia":[{"embeddable":true,"href":"https:\/\/nbg.eu\/lt\/wp-json\/wp\/v2\/media\/240832"}],"wp:attachment":[{"href":"https:\/\/nbg.eu\/lt\/wp-json\/wp\/v2\/media?parent=689044"}],"wp:term":[{"taxonomy":"product_brand","embeddable":true,"href":"https:\/\/nbg.eu\/lt\/wp-json\/wp\/v2\/product_brand?post=689044"},{"taxonomy":"product_cat","embeddable":true,"href":"https:\/\/nbg.eu\/lt\/wp-json\/wp\/v2\/product_cat?post=689044"},{"taxonomy":"product_tag","embeddable":true,"href":"https:\/\/nbg.eu\/lt\/wp-json\/wp\/v2\/product_tag?post=689044"}],"curies":[{"name":"wp","href":"https:\/\/api.w.org\/{rel}","templated":true}]}}