{"id":689073,"date":"2025-03-06T13:06:02","date_gmt":"2025-03-06T10:06:02","guid":{"rendered":"https:\/\/nbg.eu\/product\/clawgear-m-lok-qd-mount\/"},"modified":"2026-05-13T15:10:02","modified_gmt":"2026-05-13T12:10:02","slug":"clawgear-m-lok-qd-mount","status":"publish","type":"product","link":"https:\/\/nbg.eu\/lt\/produktas\/clawgear-m-lok-qd-mount\/","title":{"rendered":"Clawgear M-LOK QD Mount"},"content":{"rendered":"<h2>\u201eClawgear&#8221; M-LOK QD tvirtinimas: saugus, ne\u012fstriginantis dir\u017eo tvirtinimas<\/h2>\n<p>Pakelkite savo \u0161aunamojo ginklo \u012frang\u0105 su \u201eClawgear&#8221; M-LOK QD tvirtinimu, sukurtu be kompromis\u0173 veikimui ir skland\u017eiam dir\u017eo integravimui. Pagamintas i\u0161 auk\u0161tos stiprumo aliuminio ir u\u017ebaigtas Mil-Spec anoduotu padengimu, \u0161is \u017eemo profilio tvirtinimas u\u017etikrina i\u0161skirtin\u012f patvarum\u0105 ir atsparum\u0105 korozijai, u\u017etikrinant ilgalaik\u012f patikimum\u0105 lauko s\u0105lygomis.<\/p>\n<p>Tiesioginis M-LOK tvirtinimas suteikia saug\u0173, ne\u012fstriginant\u012f s\u0105saj\u0105, o anti-rotacijos funkcija u\u017etikrina, kad j\u016bs\u0173 dir\u017eo svirtel\u0117 liks tvirtai savo vietoje, apsaugodama nuo nepageidaujamo jud\u0117jimo ar poslinkio. Suderinamas su visais standartiniais QD svirtel\u0117mis, \u201eClawgear&#8221; M-LOK QD tvirtinimas leid\u017eia greitai ir lengvai pritvirtinti ir atjungti dir\u017e\u0105, supaprastindamas per\u0117jimus ir pagerinant j\u016bs\u0173 bendr\u0105 \u0161audymo patirt\u012f.<\/p>\n<p>Nepriklausomai nuo to, ar u\u017esiimate reikliomis taktin\u0117mis situacijomis, ar i\u0161vykstate \u012f lauko \u017eygius, \u201eClawgear&#8221; M-LOK QD tvirtinimas yra patikimas ir universalus sprendimas j\u016bs\u0173 dir\u017eo tvirtinimo poreikiams. Pakelkite savo \u0161aunamojo ginklo na\u0161um\u0105 su \u0161iuo tvirtu ir naudotojui draugi\u0161ku priedu.<\/p>\n","protected":false},"excerpt":{"rendered":"<p>Auk\u0161tos stiprumo aliuminio M-LOK QD montavimas su nedideliu, anti-rotacijos dizainu, skirtas \u012fsipainiojimo neturin\u010diam, atspariajam dir\u017eelio tvirtinimui.<\/p>\n","protected":false},"featured_media":240600,"template":"","meta":{"_acf_changed":false},"product_brand":[11232],"product_cat":[13677,13741,13702],"product_tag":[],"class_list":{"0":"post-689073","1":"product","2":"type-product","3":"status-publish","4":"has-post-thumbnail","6":"product_brand-clawgear","7":"product_cat-dirzeliai","8":"product_cat-sautuvas","9":"product_cat-sautuvu-derinimas","11":"first","12":"outofstock","13":"taxable","14":"shipping-taxable","15":"purchasable","16":"product-type-simple"},"acf":[],"_links":{"self":[{"href":"https:\/\/nbg.eu\/lt\/wp-json\/wp\/v2\/product\/689073","targetHints":{"allow":["GET"]}}],"collection":[{"href":"https:\/\/nbg.eu\/lt\/wp-json\/wp\/v2\/product"}],"about":[{"href":"https:\/\/nbg.eu\/lt\/wp-json\/wp\/v2\/types\/product"}],"wp:featuredmedia":[{"embeddable":true,"href":"https:\/\/nbg.eu\/lt\/wp-json\/wp\/v2\/media\/240600"}],"wp:attachment":[{"href":"https:\/\/nbg.eu\/lt\/wp-json\/wp\/v2\/media?parent=689073"}],"wp:term":[{"taxonomy":"product_brand","embeddable":true,"href":"https:\/\/nbg.eu\/lt\/wp-json\/wp\/v2\/product_brand?post=689073"},{"taxonomy":"product_cat","embeddable":true,"href":"https:\/\/nbg.eu\/lt\/wp-json\/wp\/v2\/product_cat?post=689073"},{"taxonomy":"product_tag","embeddable":true,"href":"https:\/\/nbg.eu\/lt\/wp-json\/wp\/v2\/product_tag?post=689073"}],"curies":[{"name":"wp","href":"https:\/\/api.w.org\/{rel}","templated":true}]}}