{"id":689231,"date":"2024-08-18T11:35:41","date_gmt":"2024-08-18T08:35:41","guid":{"rendered":"https:\/\/nbg.eu\/product\/ejector-sa-da-kmr\/"},"modified":"2026-05-13T15:09:49","modified_gmt":"2026-05-13T12:09:49","slug":"ejector-sa-da-kmr","status":"publish","type":"product","link":"https:\/\/nbg.eu\/lt\/produktas\/ejector-sa-da-kmr\/","title":{"rendered":"KMR Ejektorius SA\/DA"},"content":{"rendered":"<h2>I\u0161metimo SA\/DA KMR ginklas KMR<\/h2>\n<p>I\u0161metimo SA\/DA KMR yra daugiafunkcis ir patikimas priedas, skirtas naudoti \u012fvairiuose KMR modeliuose. Jis turi vienos veiklos (SA) ir dvigubos veiklos (DA) mechanizm\u0105, suteikiant\u012f naudotojams padidint\u0105 lankstum\u0105 ir kontrol\u0119 veikimo metu. Suderinamas su \u0161iais modeliais:<\/p>\n<ul>\n<li>KMR L-02 EMIQ<\/li>\n<li>KMR L-02 EMIQ (OR)<\/li>\n<li>KMR L-02 ORCA NUO 2024 M.<\/li>\n<li>KMR L-02 ORCA IKI 2023 M.<\/li>\n<li>KMR L-02 SPECTRA NUO 2024 M.<\/li>\n<li>KMR L-02 SPECTRA IKI 2023 M.<\/li>\n<li>KMR L-02 UMBRA (OR) SR<\/li>\n<li>KMR W-02 CUDA (OR)<\/li>\n<li>KMR W-02 UMBRA<\/li>\n<li>KMR W-02 UMBRA (OR)<\/li>\n<\/ul>\n<p>Nuorodos numeris 1060-00701-0401<\/p>\n","protected":false},"excerpt":{"rendered":"<p>Ejektoriaus SA\/DA KMR &#8211; patikimas, universalus ginklo priedas, skirtas KMR.<\/p>\n","protected":false},"featured_media":25687,"template":"","meta":{"_acf_changed":false},"product_brand":[11496],"product_cat":[13691],"product_tag":[],"class_list":{"0":"post-689231","1":"product","2":"type-product","3":"status-publish","4":"has-post-thumbnail","6":"product_brand-kmr-precision","7":"product_cat-kmr-dalys","9":"first","10":"instock","11":"taxable","12":"shipping-taxable","13":"product-type-simple"},"acf":[],"_links":{"self":[{"href":"https:\/\/nbg.eu\/lt\/wp-json\/wp\/v2\/product\/689231","targetHints":{"allow":["GET"]}}],"collection":[{"href":"https:\/\/nbg.eu\/lt\/wp-json\/wp\/v2\/product"}],"about":[{"href":"https:\/\/nbg.eu\/lt\/wp-json\/wp\/v2\/types\/product"}],"wp:featuredmedia":[{"embeddable":true,"href":"https:\/\/nbg.eu\/lt\/wp-json\/wp\/v2\/media\/25687"}],"wp:attachment":[{"href":"https:\/\/nbg.eu\/lt\/wp-json\/wp\/v2\/media?parent=689231"}],"wp:term":[{"taxonomy":"product_brand","embeddable":true,"href":"https:\/\/nbg.eu\/lt\/wp-json\/wp\/v2\/product_brand?post=689231"},{"taxonomy":"product_cat","embeddable":true,"href":"https:\/\/nbg.eu\/lt\/wp-json\/wp\/v2\/product_cat?post=689231"},{"taxonomy":"product_tag","embeddable":true,"href":"https:\/\/nbg.eu\/lt\/wp-json\/wp\/v2\/product_tag?post=689231"}],"curies":[{"name":"wp","href":"https:\/\/api.w.org\/{rel}","templated":true}]}}