{"id":689243,"date":"2024-08-17T17:58:41","date_gmt":"2024-08-17T14:58:41","guid":{"rendered":"https:\/\/nbg.eu\/product\/ejector-spring-kmr\/"},"modified":"2026-05-13T16:02:32","modified_gmt":"2026-05-13T13:02:32","slug":"ejector-spring-kmr","status":"publish","type":"product","link":"https:\/\/nbg.eu\/lt\/produktas\/ejector-spring-kmr\/","title":{"rendered":"KMR Ejektoriaus Spyruokl\u0117"},"content":{"rendered":"<h2>I\u0161st\u016bmimo spyruokl\u0117 KMR<\/h2>\n<p>I\u0161st\u016bmimo spyruokl\u0117 KMR yra b\u016btinas komponentas \u012fvairiems ginkl\u0173 modeliams, sukurtas patikimam ir nuosekliam i\u0161naudot\u0173 t\u016bteli\u0173 i\u0161st\u016bmimui.<\/p>\n<p>Sukurta atsi\u017evelgiant \u012f tikslum\u0105 ir ilgaam\u017ei\u0161kum\u0105, \u0161i spyruokl\u0117 u\u017etikrina patikim\u0105 i\u0161naudot\u0173 t\u016bteli\u0173 i\u0161traukim\u0105 ir i\u0161st\u016bmim\u0105, palaikydama skland\u0173 ir nuosekl\u0173 j\u016bs\u0173 ginklo veikim\u0105. Pagaminta i\u0161 auk\u0161tos kokyb\u0117s med\u017eiag\u0173, \u0161i spyruokl\u0117 yra sukurta atlaikyti reguliaraus naudojimo s\u0105lygas ir teikti ilgalaik\u012f veikim\u0105.<\/p>\n<p>Nepriklausomai nuo to, ar esate profesionalus \u0161aulys, ar aistringas entuziastas, \u0161i dalis yra b\u016btinas priedas, u\u017etikrinantis optimal\u0173 j\u016bs\u0173 KMR suderinamo ginklo veikim\u0105. Investuokite \u012f \u0161\u012f patikim\u0105 komponent\u0105 ir pajuskite, kaip tai gali pagerinti j\u016bs\u0173 \u0161audymo patirt\u012f.<\/p>\n<p>Ginklams KMR:<\/p>\n<p>KMR L-02 EMIQ<\/p>\n<p>KMR L-02 EMIQ (OR)<\/p>\n<p>KMR L-02 ORCA NUO 2024<\/p>\n<p>KMR L-02 ORCA IKI 2023<\/p>\n<p>KMR L-02 SPECTRA NUO 2024<\/p>\n<p>KMR L-02 SPECTRA IKI 2023<\/p>\n<p>KMR L-02 UMBRA (OR) SR<\/p>\n<p>KMR S-02 NUO 2024<\/p>\n<p>KMR W-02 CUDA (OR)<\/p>\n<p>KMR W-02 UMBRA<\/p>\n<p>KMR W-02 UMBRA (OR)<\/p>\n","protected":false},"excerpt":{"rendered":"<p>I\u0161metimo spyruokl\u0117 KMR serijos ginklams, suderinama su keliomis modeliais.<\/p>\n","protected":false},"featured_media":24735,"template":"","meta":{"_acf_changed":false},"product_brand":[11496],"product_cat":[13691,13709],"product_tag":[],"class_list":{"0":"post-689243","1":"product","2":"type-product","3":"status-publish","4":"has-post-thumbnail","6":"product_brand-kmr-precision","7":"product_cat-kmr-dalys","8":"product_cat-spyruokles","10":"first","11":"instock","12":"taxable","13":"shipping-taxable","14":"product-type-simple"},"acf":[],"_links":{"self":[{"href":"https:\/\/nbg.eu\/lt\/wp-json\/wp\/v2\/product\/689243","targetHints":{"allow":["GET"]}}],"collection":[{"href":"https:\/\/nbg.eu\/lt\/wp-json\/wp\/v2\/product"}],"about":[{"href":"https:\/\/nbg.eu\/lt\/wp-json\/wp\/v2\/types\/product"}],"wp:featuredmedia":[{"embeddable":true,"href":"https:\/\/nbg.eu\/lt\/wp-json\/wp\/v2\/media\/24735"}],"wp:attachment":[{"href":"https:\/\/nbg.eu\/lt\/wp-json\/wp\/v2\/media?parent=689243"}],"wp:term":[{"taxonomy":"product_brand","embeddable":true,"href":"https:\/\/nbg.eu\/lt\/wp-json\/wp\/v2\/product_brand?post=689243"},{"taxonomy":"product_cat","embeddable":true,"href":"https:\/\/nbg.eu\/lt\/wp-json\/wp\/v2\/product_cat?post=689243"},{"taxonomy":"product_tag","embeddable":true,"href":"https:\/\/nbg.eu\/lt\/wp-json\/wp\/v2\/product_tag?post=689243"}],"curies":[{"name":"wp","href":"https:\/\/api.w.org\/{rel}","templated":true}]}}