{"id":689275,"date":"2024-09-17T07:54:09","date_gmt":"2024-09-17T04:54:09","guid":{"rendered":"https:\/\/nbg.eu\/product\/extractor-40-sw-kmr\/"},"modified":"2026-04-16T17:58:10","modified_gmt":"2026-04-16T14:58:10","slug":"extractor-40-sw-kmr","status":"publish","type":"product","link":"https:\/\/nbg.eu\/lt\/produktas\/extractor-40-sw-kmr\/","title":{"rendered":"KMR Ekstraktorius .40 S&amp;W"},"content":{"rendered":"<h2>KMR Precision Extractor \u2013 .40 S&amp;W<\/h2>\n<p>U\u017etikrinkite, kad j\u016bs\u0173 KMR pistoletai cikliuot\u0173si su absoliu\u010dia galia naudodami \u0161\u012f special\u0173 .40 S&amp;W ekstraktori\u0173. Suprojektuotas pagal didesn\u012f sl\u0117g\u012f ir speciali\u0105 .40 kalibro d\u0117\u017eut\u0117s geometrij\u0105, \u0161is komponentas yra raktas \u012f patikim\u0105 ginkl\u0105.<\/p>\n<h3>Technin\u0117 puikyb\u0117:<\/h3>\n<ul>\n<li><strong>Specialus konstrukcijos dizainas:<\/strong> Prie\u0161ingai nei universalios dalys, \u0161is ekstraktorius yra tiksliai apdirbtas, kad atitikt\u0173 .40 S&amp;W d\u0117\u017eut\u0117s briaun\u0105, u\u017etikrinant ma\u017eesnius tolerancijos tarpus ir teigiamesn\u012f i\u0161traukim\u0105.<\/li>\n<li><strong>Padidinta ilgaam\u017ei\u0161kumas:<\/strong> Pagamintas i\u0161 gr\u016bdinto plieno lydinio, kad gal\u0117t\u0173 atlaikyti padid\u0117jusias \u0161liau\u017eiklio greit\u012f ir atatrankos j\u0117gas, susijusias su .40 S&amp;W kalibru.<\/li>\n<li><strong>\u012estrigimo be jokios problemos:<\/strong> Turi atspari\u0105 korozijai dang\u0105, kuri suma\u017eina trinties ir neleid\u017eia anglies sankaupoms trukdyti i\u0161traukimo kabli\u0173.<\/li>\n<li><strong>Tobula konstrukcija:<\/strong> Suprojektuotas, kad skland\u017eiai integruot\u0173si su KMR \u0161liau\u017eiklio mazgais, i\u0161laikydamas reikiam\u0105 \u012ftamp\u0105 profesionaliam naudojimui.<\/li>\n<\/ul>\n<p>Ekstraktorius yra svarbi dilimo dalis. Atnaujindami \u012f \u0161i\u0105 originali\u0105 KMR dal\u012f, j\u016bs pa\u0161alinsite galimas ciklo problemas ir u\u017etikrinsite, kad j\u016bs\u0173 pistoletas b\u016bt\u0173 pasireng\u0119s IPSC\/USPSA var\u017eyboms arba tarnybai.<\/p>\n","protected":false},"excerpt":{"rendered":"<p>1080-00302-0400<\/p>\n","protected":false},"featured_media":25710,"template":"","meta":{"_acf_changed":false},"product_brand":[11496],"product_cat":[13691],"product_tag":[],"class_list":{"0":"post-689275","1":"product","2":"type-product","3":"status-publish","4":"has-post-thumbnail","6":"product_brand-kmr-precision","7":"product_cat-kmr-dalys","9":"first","10":"instock","11":"taxable","12":"shipping-taxable","13":"product-type-simple"},"acf":[],"_links":{"self":[{"href":"https:\/\/nbg.eu\/lt\/wp-json\/wp\/v2\/product\/689275","targetHints":{"allow":["GET"]}}],"collection":[{"href":"https:\/\/nbg.eu\/lt\/wp-json\/wp\/v2\/product"}],"about":[{"href":"https:\/\/nbg.eu\/lt\/wp-json\/wp\/v2\/types\/product"}],"wp:featuredmedia":[{"embeddable":true,"href":"https:\/\/nbg.eu\/lt\/wp-json\/wp\/v2\/media\/25710"}],"wp:attachment":[{"href":"https:\/\/nbg.eu\/lt\/wp-json\/wp\/v2\/media?parent=689275"}],"wp:term":[{"taxonomy":"product_brand","embeddable":true,"href":"https:\/\/nbg.eu\/lt\/wp-json\/wp\/v2\/product_brand?post=689275"},{"taxonomy":"product_cat","embeddable":true,"href":"https:\/\/nbg.eu\/lt\/wp-json\/wp\/v2\/product_cat?post=689275"},{"taxonomy":"product_tag","embeddable":true,"href":"https:\/\/nbg.eu\/lt\/wp-json\/wp\/v2\/product_tag?post=689275"}],"curies":[{"name":"wp","href":"https:\/\/api.w.org\/{rel}","templated":true}]}}