{"id":689307,"date":"2024-08-18T11:36:41","date_gmt":"2024-08-18T08:36:41","guid":{"rendered":"https:\/\/nbg.eu\/product\/extractor-9x19-kmr\/"},"modified":"2026-05-13T16:01:57","modified_gmt":"2026-05-13T13:01:57","slug":"extractor-9x19-kmr","status":"publish","type":"product","link":"https:\/\/nbg.eu\/lt\/produktas\/extractor-9x19-kmr\/","title":{"rendered":"KMR Ekstraktorius 9&#215;19"},"content":{"rendered":"<h2>KMR Precision Extractor \u2013 9x19mm<\/h2>\n<p>\u0160is tiksliai suprojektuotas i\u0161traukiklis yra svarbi atsargin\u0117 dalis, specialiai sukurta 9x19mm KMR pistoletams. Sukurtas atlaikyti dideli\u0173 apkrov\u0173, vykstan\u010di\u0173 per didelio intensyvumo var\u017eybines \u0161audymo sesijas, jis u\u017etikrina tobul\u0105 9mm tu\u0161\u010di\u0173 tauri\u0173 i\u0161traukim\u0105 i\u0161 \u0161audykl\u0117s po kiekvieno \u0161\u016bvio.<\/p>\n<h3>Technin\u0117 tobulyb\u0117:<\/h3>\n<ul>\n<li><strong>Optimizuota 9x19mm:<\/strong> Specialiai suderinta 9mm Luger \u0161ovini\u0173 dugno matmenims, kad b\u016bt\u0173 u\u017etikrintas maksimalus u\u017esikabinimas ir patikimumas.<\/li>\n<li><strong>Auk\u0161tos kokyb\u0117s plienas:<\/strong> Apdirbtas i\u0161 auk\u0161tos kokyb\u0117s, termi\u0161kai apdoroto plieno, kad b\u016bt\u0173 atsparus slydimo sistemos sukeliamam dideliam poveikiui ir nesid\u0117v\u0117t\u0173 kablys.<\/li>\n<li><strong>OEM suderinamumas:<\/strong> Tiesioginis keitiklis KMR modeliams, pavyzd\u017eiui, L-02 ir W-02, u\u017etikrinantis tobul\u0105 gamyklin\u012f tinkamum\u0105.<\/li>\n<li><strong>Nuoseklus veikimas:<\/strong> Specializuota dantuk\u0173 geometrija suma\u017eina &#8222;Nepavyk\u0119s i\u0161traukimas&#8221; (FTE) gedimus, net ir per greit\u0105 \u0161audym\u0105.<\/li>\n<\/ul>\n<p>I\u0161laikykite savo pistoleto konkurencin\u012f prana\u0161um\u0105 u\u017etikrindami, kad i\u0161traukimo sistema b\u016bt\u0173 puikioje b\u016bkl\u0117je. \u0160is originalus KMR komponentas yra b\u016btinas bet kokiam \u0161audytojui, kuris reikalauja 100% patikimumo per pratybas ar var\u017eybas.<\/p>\n","protected":false},"excerpt":{"rendered":"<p>1080-00301-0400<\/p>\n","protected":false},"featured_media":25710,"template":"","meta":{"_acf_changed":false},"product_brand":[11496],"product_cat":[13691],"product_tag":[],"class_list":{"0":"post-689307","1":"product","2":"type-product","3":"status-publish","4":"has-post-thumbnail","6":"product_brand-kmr-precision","7":"product_cat-kmr-dalys","9":"first","10":"instock","11":"taxable","12":"shipping-taxable","13":"product-type-simple"},"acf":[],"_links":{"self":[{"href":"https:\/\/nbg.eu\/lt\/wp-json\/wp\/v2\/product\/689307","targetHints":{"allow":["GET"]}}],"collection":[{"href":"https:\/\/nbg.eu\/lt\/wp-json\/wp\/v2\/product"}],"about":[{"href":"https:\/\/nbg.eu\/lt\/wp-json\/wp\/v2\/types\/product"}],"wp:featuredmedia":[{"embeddable":true,"href":"https:\/\/nbg.eu\/lt\/wp-json\/wp\/v2\/media\/25710"}],"wp:attachment":[{"href":"https:\/\/nbg.eu\/lt\/wp-json\/wp\/v2\/media?parent=689307"}],"wp:term":[{"taxonomy":"product_brand","embeddable":true,"href":"https:\/\/nbg.eu\/lt\/wp-json\/wp\/v2\/product_brand?post=689307"},{"taxonomy":"product_cat","embeddable":true,"href":"https:\/\/nbg.eu\/lt\/wp-json\/wp\/v2\/product_cat?post=689307"},{"taxonomy":"product_tag","embeddable":true,"href":"https:\/\/nbg.eu\/lt\/wp-json\/wp\/v2\/product_tag?post=689307"}],"curies":[{"name":"wp","href":"https:\/\/api.w.org\/{rel}","templated":true}]}}