{"id":689324,"date":"2024-08-17T15:16:22","date_gmt":"2024-08-17T12:16:22","guid":{"rendered":"https:\/\/nbg.eu\/product\/extractor-pin-22-lr-2x10-kmr\/"},"modified":"2026-05-13T16:02:12","modified_gmt":"2026-05-13T13:02:12","slug":"extractor-pin-22-lr-2x10-kmr","status":"publish","type":"product","link":"https:\/\/nbg.eu\/lt\/produktas\/extractor-pin-22-lr-2x10-kmr\/","title":{"rendered":"KMR Ekstraktoriaus Kai\u0161tis .22 LR 2&#215;10"},"content":{"rendered":"<h2>Extraktoriaus kai\u0161tis 22 Lr 2X10 KMR &#8211; tikslus sukimosi ta\u0161kas patikimam ekstraheravimui<\/h2>\n<p>Suprojektuotas naudoti su .22 LR KMR \u0161ovini\u0173 platformomis, Extraktoriaus kai\u0161tis 22 Lr 2X10 KMR u\u017etikrina svarb\u0173 sukimosi ta\u0161k\u0105 ekstraktoriaus mechanizmui, kad jis veikt\u0173 patikimai. Pagamintas i\u0161 gr\u016bdinto plieno, \u0161is tiksli\u0173 matmen\u0173 kai\u0161tis (2x10mm) u\u017etikrina pastov\u0173 \u012ftempim\u0105 ir neleid\u017eia kai\u0161\u010diui slinkti ar l\u016b\u017eti d\u0117l greito \u0161audymo, u\u017etikrinant, kad j\u016bs\u0173 KMR pistoletas nepriekai\u0161tingai i\u0161stumia panaudotus t\u016bteles.<\/p>\n<p>Extraktoriaus kai\u0161tis 22 Lr 2X10 KMR yra esminis komponentas, palaikantis optimal\u0173 j\u016bs\u0173 .22 LR KMR pistoleto veikim\u0105. Jo tvirta konstrukcija ir kruop\u0161tus dizainas u\u017etikrina reikaling\u0105 sukimosi atram\u0105, kad ekstraktorius veikt\u0173 be priekai\u0161t\u0173, \u0161\u016bv\u012f po \u0161\u016bvio. Nesvarbu, ar j\u016bs \u0161audote \u012f taikinius, linksminsit\u0117s \u0161audydami, ar var\u017eysit\u0117s, \u0161is ekstraktoriaus kai\u0161tis yra ne\u012fkainojama modifikacija, u\u017etikrinanti, kad j\u016bs\u0173 KMR pistoletas veiks maksimaliai.<\/p>\n<p>Atnaujinkite savo .22 LR KMR su Extraktoriaus kai\u0161tis 22 Lr 2X10 KMR ir pajuskite pasitik\u0117jim\u0105 patikimu, auk\u0161tos kokyb\u0117s sukimosi ta\u0161ku, kuris laikys j\u016bs\u0173 ekstraktori\u0173 veikiant\u012f tiksliai ir nuosekliai. Investuokite \u012f detales, kurios daro skirtum\u0105, ir m\u0117gaukit\u0117s ramybe, \u017einant, kad j\u016bs\u0173 ginklas ekstrakuoja nepriekai\u0161tingai priklausomai.<\/p>\n","protected":false},"excerpt":{"rendered":"<p>Tiksli 2&#215;10 mm i\u0161imamas kai\u0161\u010dio kai\u0161tis .22 LR KMR pistoletams; gr\u016bdintos plieno konstrukcijos.<\/p>\n","protected":false},"featured_media":24066,"template":"","meta":{"_acf_changed":false},"product_brand":[11496],"product_cat":[13691],"product_tag":[],"class_list":{"0":"post-689324","1":"product","2":"type-product","3":"status-publish","4":"has-post-thumbnail","6":"product_brand-kmr-precision","7":"product_cat-kmr-dalys","9":"first","10":"instock","11":"taxable","12":"shipping-taxable","13":"product-type-simple"},"acf":[],"_links":{"self":[{"href":"https:\/\/nbg.eu\/lt\/wp-json\/wp\/v2\/product\/689324","targetHints":{"allow":["GET"]}}],"collection":[{"href":"https:\/\/nbg.eu\/lt\/wp-json\/wp\/v2\/product"}],"about":[{"href":"https:\/\/nbg.eu\/lt\/wp-json\/wp\/v2\/types\/product"}],"wp:featuredmedia":[{"embeddable":true,"href":"https:\/\/nbg.eu\/lt\/wp-json\/wp\/v2\/media\/24066"}],"wp:attachment":[{"href":"https:\/\/nbg.eu\/lt\/wp-json\/wp\/v2\/media?parent=689324"}],"wp:term":[{"taxonomy":"product_brand","embeddable":true,"href":"https:\/\/nbg.eu\/lt\/wp-json\/wp\/v2\/product_brand?post=689324"},{"taxonomy":"product_cat","embeddable":true,"href":"https:\/\/nbg.eu\/lt\/wp-json\/wp\/v2\/product_cat?post=689324"},{"taxonomy":"product_tag","embeddable":true,"href":"https:\/\/nbg.eu\/lt\/wp-json\/wp\/v2\/product_tag?post=689324"}],"curies":[{"name":"wp","href":"https:\/\/api.w.org\/{rel}","templated":true}]}}