{"id":689355,"date":"2024-08-16T23:18:23","date_gmt":"2024-08-16T20:18:23","guid":{"rendered":"https:\/\/nbg.eu\/product\/extractor-pin-kmr\/"},"modified":"2026-05-13T16:02:07","modified_gmt":"2026-05-13T13:02:07","slug":"extractor-pin-kmr","status":"publish","type":"product","link":"https:\/\/nbg.eu\/lt\/produktas\/extractor-pin-kmr\/","title":{"rendered":"KMR Ekstraktoriaus Kai\u0161tis"},"content":{"rendered":"<h2>Ekstraktorius skirtas KMR pistoletams<\/h2>\n<p>Pakelkite savo KMR pistoleto veikim\u0105 ir patikimum\u0105 su Ekstraktori\u0173. Pagamintas i\u0161 gr\u016bdinto \u012franki\u0173 plieno ir suprojektuotas pagal tikslius gamyklos specifikacijas, \u0161is komponentas u\u017etikrina tobul\u0105 pritaikym\u0105 j\u016bs\u0173 ginklo \u0161liau\u017eikli\u0173 montavimo sistemoje. Jo atspar\u016bs d\u0117v\u0117jimuisi padengimai garantuoja ilgalaik\u012f patvarum\u0105, o auk\u0161to tempimo stipris apsaugo kritin\u0119 ekstraktori\u0173 sukimo sistem\u0105.<\/p>\n<p>Kaip ekstraktori\u0173 jud\u0117jimo a\u0161is, \u0161is kai\u0161tis atlieka svarb\u0173 vaidmen\u012f ekstrakcijos cikle. Palaikydamas pastovi\u0105 spyruokl\u0117s \u012ftamp\u0105, jis apsaugo nuo mechanini\u0173 gedim\u0173 ir u\u017etikrina skland\u0173, patikim\u0105 veikim\u0105 kiekvieno \u0161\u016bvio metu. Nesvarbu, ar esate aistringas \u0161audymo \u012f taikinius entuziastas, ar savigynos m\u0117g\u0117jas, Ekstraktorius yra b\u016btinas j\u016bs\u0173 KMR pistoleto pagerinimas, teikiantis reikalaujam\u0105 na\u0161um\u0105 ir ramyb\u0119.<\/p>\n","protected":false},"excerpt":{"rendered":"<p>Didel\u0117s tempimo j\u0117gos i\u0161trauk\u0117jo sukimo kai\u0161tis skirtas &#8220;KMR&#8221; pistoletams; tikslus tinkamumas ir atsparus apdailos danga.<\/p>\n","protected":false},"featured_media":23782,"template":"","meta":{"_acf_changed":false},"product_brand":[11496],"product_cat":[13691],"product_tag":[],"class_list":{"0":"post-689355","1":"product","2":"type-product","3":"status-publish","4":"has-post-thumbnail","6":"product_brand-kmr-precision","7":"product_cat-kmr-dalys","9":"first","10":"instock","11":"taxable","12":"shipping-taxable","13":"product-type-simple"},"acf":[],"_links":{"self":[{"href":"https:\/\/nbg.eu\/lt\/wp-json\/wp\/v2\/product\/689355","targetHints":{"allow":["GET"]}}],"collection":[{"href":"https:\/\/nbg.eu\/lt\/wp-json\/wp\/v2\/product"}],"about":[{"href":"https:\/\/nbg.eu\/lt\/wp-json\/wp\/v2\/types\/product"}],"wp:featuredmedia":[{"embeddable":true,"href":"https:\/\/nbg.eu\/lt\/wp-json\/wp\/v2\/media\/23782"}],"wp:attachment":[{"href":"https:\/\/nbg.eu\/lt\/wp-json\/wp\/v2\/media?parent=689355"}],"wp:term":[{"taxonomy":"product_brand","embeddable":true,"href":"https:\/\/nbg.eu\/lt\/wp-json\/wp\/v2\/product_brand?post=689355"},{"taxonomy":"product_cat","embeddable":true,"href":"https:\/\/nbg.eu\/lt\/wp-json\/wp\/v2\/product_cat?post=689355"},{"taxonomy":"product_tag","embeddable":true,"href":"https:\/\/nbg.eu\/lt\/wp-json\/wp\/v2\/product_tag?post=689355"}],"curies":[{"name":"wp","href":"https:\/\/api.w.org\/{rel}","templated":true}]}}