{"id":689375,"date":"2024-08-18T12:25:44","date_gmt":"2024-08-18T09:25:44","guid":{"rendered":"https:\/\/nbg.eu\/product\/extractor-spring-kmr\/"},"modified":"2026-05-13T16:00:57","modified_gmt":"2026-05-13T13:00:57","slug":"extractor-spring-kmr","status":"publish","type":"product","link":"https:\/\/nbg.eu\/lt\/produktas\/extractor-spring-kmr\/","title":{"rendered":"KMR Ekstraktoriaus Spyruokl\u0117"},"content":{"rendered":"<h2>I\u0161traukimo spyruokl\u0117 KMR &#8211; patikimas ginklo veikimas<\/h2>\n<p>Pagerinkit savo ginklo veikim\u0105 su i\u0161traukimo spyruokle KMR, esminiu komponenetu, sukurtu konkretiems KMR modeliams. \u0160i auk\u0161tos kokyb\u0117s spyruokl\u0117 u\u017etikrina skland\u0173 ir patikim\u0105 veikim\u0105, pagerinant j\u016bs\u0173 ginklo funkcionalum\u0105.<\/p>\n<p>Pagaminta naudojant tiksli\u0105 in\u017einerij\u0105, i\u0161traukimo spyruokl\u0117 KMR yra pagaminta i\u0161 patvari\u0173 med\u017eiag\u0173, kurios gali atlaikyti nuolatinio naudojimo apkrovas. Jos dizainas ir konstrukcija suma\u017eina gedim\u0173 rizik\u0105, suteikdami jums ramyb\u0119 ir pasitik\u0117jim\u0105 j\u016bs\u0173 ginklo patikimumu. Atnaujinkite savo KMR \u0161ia spyruokle ir patirkite sklandaus, nuoseklaus ir patikimo veikimo privalumus.<\/p>\n<p>Nepriklausomai nuo to, ar esate patyr\u0119 \u0161auliai, ar profesionalai, i\u0161traukimo spyruokl\u0117 yra b\u016btinas priedas j\u016bs\u0173 KMR ginkluotei. Investuokite \u012f \u0161\u012f esmin\u012f komponent\u0105 ir pakelkite savo \u0161audymo patirt\u012f \u012f nauj\u0105 lyg\u012f.<\/p>\n<p>Skirta KMR ginklams:<\/p>\n<p>KMR L-02 EMIQ<\/p>\n<p>KMR L-02 ORCA iki 2023<\/p>\n<p>KMR W-02 UMBRA<\/p>\n","protected":false},"excerpt":{"rendered":"<p>Ekstraktorius spyruokl\u0117 skirta KMR ginklams, suderinama su L-02 EMIQ, L-02 ORCA (iki 2023 m.) ir W-02 UMBRA modeliais.<\/p>\n","protected":false},"featured_media":26078,"template":"","meta":{"_acf_changed":false},"product_brand":[11496],"product_cat":[13691,13709],"product_tag":[],"class_list":{"0":"post-689375","1":"product","2":"type-product","3":"status-publish","4":"has-post-thumbnail","6":"product_brand-kmr-precision","7":"product_cat-kmr-dalys","8":"product_cat-spyruokles","10":"first","11":"instock","12":"taxable","13":"shipping-taxable","14":"product-type-simple"},"acf":[],"_links":{"self":[{"href":"https:\/\/nbg.eu\/lt\/wp-json\/wp\/v2\/product\/689375","targetHints":{"allow":["GET"]}}],"collection":[{"href":"https:\/\/nbg.eu\/lt\/wp-json\/wp\/v2\/product"}],"about":[{"href":"https:\/\/nbg.eu\/lt\/wp-json\/wp\/v2\/types\/product"}],"wp:featuredmedia":[{"embeddable":true,"href":"https:\/\/nbg.eu\/lt\/wp-json\/wp\/v2\/media\/26078"}],"wp:attachment":[{"href":"https:\/\/nbg.eu\/lt\/wp-json\/wp\/v2\/media?parent=689375"}],"wp:term":[{"taxonomy":"product_brand","embeddable":true,"href":"https:\/\/nbg.eu\/lt\/wp-json\/wp\/v2\/product_brand?post=689375"},{"taxonomy":"product_cat","embeddable":true,"href":"https:\/\/nbg.eu\/lt\/wp-json\/wp\/v2\/product_cat?post=689375"},{"taxonomy":"product_tag","embeddable":true,"href":"https:\/\/nbg.eu\/lt\/wp-json\/wp\/v2\/product_tag?post=689375"}],"curies":[{"name":"wp","href":"https:\/\/api.w.org\/{rel}","templated":true}]}}